{"id":4080,"date":"2023-06-04T20:42:42","date_gmt":"2023-06-04T20:42:42","guid":{"rendered":"http:\/\/aksuboya.com.tr\/?page_id=4080"},"modified":"2023-06-15T16:23:12","modified_gmt":"2023-06-15T16:23:12","slug":"permolife-serisi","status":"publish","type":"page","link":"http:\/\/aksuboya.com.tr\/?page_id=4080","title":{"rendered":"Permolife Serisi"},"content":{"rendered":"\t\t<div data-elementor-type=\"wp-post\" data-elementor-id=\"4080\" class=\"elementor elementor-4080\">\n\t\t\t\t<div class=\"elementor-element elementor-element-0d7aeb1 e-grid e-con-boxed e-con e-parent\" data-id=\"0d7aeb1\" data-element_type=\"container\">\n\t\t\t\t\t<div class=\"e-con-inner\">\n\t\t\t\t<div class=\"elementor-element elementor-element-ff2b3f7 content-align-center icon-vertical-align-center icon-box-vertical-align-top elementor-widget elementor-widget-the7_image_box_grid_widget\" data-id=\"ff2b3f7\" data-element_type=\"widget\" data-widget_type=\"the7_image_box_grid_widget.default\">\n\t\t\t\t<div class=\"elementor-widget-container\">\n\t\t\t<div class=\"the7-box-grid-wrapper the7-elementor-widget loading-effect-none the7_image_box_grid_widget-ff2b3f7\">\t\t\t<div class=\"dt-css-grid\">\n\t\t\t\t\t\t\t\t\t<div class=\"wf-cell shown\">\n\t\t\t\t\t\t<div class=\"the7-image-box-wrapper the7-box-wrapper the7-elementor-widget\">\t\t\t\t\t\t\t<div class=\"box-content-wrapper\">\n\n\t\t\t\t\t\t\t\t\t\t\t\t\t\t\t\t\t<div class=\"elementor-image-div \">\n\t\t\t\t\t\t\t\t\t\t<a class=\"post-thumbnail-rollover layzr-bg img-css-resize-wrapper\" href=\"http:\/\/aksuboya.com.tr\/?page_id=4749\"><img fetchpriority=\"high\" width=\"300\" height=\"300\" src=\"data:image\/svg+xml,%3Csvg%20xmlns%3D&#039;http%3A%2F%2Fwww.w3.org%2F2000%2Fsvg&#039;%20viewBox%3D&#039;0%200%20300%20300&#039;%2F%3E\" class=\"attachment-medium size-medium preload-me aspect lazy lazy-load\" alt=\"\" decoding=\"async\" sizes=\"(max-width: 300px) 100vw, 300px\" style=\"--ratio: 300 \/ 300;\" data-src=\"http:\/\/aksuboya.com.tr\/wp-content\/uploads\/2023\/06\/1-05-4-300x300.png\" loading=\"eager\" data-srcset=\"http:\/\/aksuboya.com.tr\/wp-content\/uploads\/2023\/06\/1-05-4-300x300.png 300w, http:\/\/aksuboya.com.tr\/wp-content\/uploads\/2023\/06\/1-05-4-1024x1024.png 1024w, http:\/\/aksuboya.com.tr\/wp-content\/uploads\/2023\/06\/1-05-4-150x150.png 150w, http:\/\/aksuboya.com.tr\/wp-content\/uploads\/2023\/06\/1-05-4-768x768.png 768w, http:\/\/aksuboya.com.tr\/wp-content\/uploads\/2023\/06\/1-05-4-1536x1536.png 1536w, http:\/\/aksuboya.com.tr\/wp-content\/uploads\/2023\/06\/1-05-4-600x600.png 600w, http:\/\/aksuboya.com.tr\/wp-content\/uploads\/2023\/06\/1-05-4-200x200.png 200w, http:\/\/aksuboya.com.tr\/wp-content\/uploads\/2023\/06\/1-05-4.png 1667w\" \/><\/a>\t\t\t\t\t\t\t\t\t<\/div>\n\t\t\t\t\t\t\t\t\t\t\t\t\t\t\t\t<div class=\"box-content\">\n\t\t\t\t\t\t\t\t\t<h4 class=\"box-heading\"><a href=\"http:\/\/aksuboya.com.tr\/?page_id=4749\">Permolife Su Bazl\u0131 Amerikan Kap\u0131 Boyas\u0131<\/a><\/h4><a href=\"http:\/\/aksuboya.com.tr\/?page_id=4749\" class=\"box-button elementor-button elementor-size-xs\">Detaylar<\/a>\t\t\t\t\t\t\t\t<\/div>\n\t\t\t\t\t\t\t<\/div>\n\t\t\t\t\t\t<\/div>\t\t\t\t\t<\/div>\n\t\t\t\t\t\t\t\t<\/div>\n\t\t\t<\/div>\t\t<\/div>\n\t\t\t\t<\/div>\n\t\t\t\t<div class=\"elementor-element elementor-element-8f54798 content-align-center icon-vertical-align-center icon-box-vertical-align-top elementor-widget elementor-widget-the7_image_box_grid_widget\" data-id=\"8f54798\" data-element_type=\"widget\" data-widget_type=\"the7_image_box_grid_widget.default\">\n\t\t\t\t<div class=\"elementor-widget-container\">\n\t\t\t<div class=\"the7-box-grid-wrapper the7-elementor-widget loading-effect-none the7_image_box_grid_widget-8f54798\">\t\t\t<div class=\"dt-css-grid\">\n\t\t\t\t\t\t\t\t\t<div class=\"wf-cell shown\">\n\t\t\t\t\t\t<div class=\"the7-image-box-wrapper the7-box-wrapper the7-elementor-widget\">\t\t\t\t\t\t\t<div class=\"box-content-wrapper\">\n\n\t\t\t\t\t\t\t\t\t\t\t\t\t\t\t\t\t<div class=\"elementor-image-div \">\n\t\t\t\t\t\t\t\t\t\t<a class=\"post-thumbnail-rollover layzr-bg img-css-resize-wrapper\" href=\"http:\/\/aksuboya.com.tr\/?page_id=4757\"><img width=\"300\" height=\"300\" src=\"data:image\/svg+xml,%3Csvg%20xmlns%3D&#039;http%3A%2F%2Fwww.w3.org%2F2000%2Fsvg&#039;%20viewBox%3D&#039;0%200%20300%20300&#039;%2F%3E\" class=\"attachment-medium size-medium preload-me aspect lazy lazy-load\" alt=\"\" decoding=\"async\" sizes=\"(max-width: 300px) 100vw, 300px\" style=\"--ratio: 300 \/ 300;\" data-src=\"http:\/\/aksuboya.com.tr\/wp-content\/uploads\/2023\/06\/1-04-2-300x300.png\" loading=\"eager\" data-srcset=\"http:\/\/aksuboya.com.tr\/wp-content\/uploads\/2023\/06\/1-04-2-300x300.png 300w, http:\/\/aksuboya.com.tr\/wp-content\/uploads\/2023\/06\/1-04-2-1024x1024.png 1024w, http:\/\/aksuboya.com.tr\/wp-content\/uploads\/2023\/06\/1-04-2-150x150.png 150w, http:\/\/aksuboya.com.tr\/wp-content\/uploads\/2023\/06\/1-04-2-768x768.png 768w, http:\/\/aksuboya.com.tr\/wp-content\/uploads\/2023\/06\/1-04-2-1536x1536.png 1536w, http:\/\/aksuboya.com.tr\/wp-content\/uploads\/2023\/06\/1-04-2-600x600.png 600w, http:\/\/aksuboya.com.tr\/wp-content\/uploads\/2023\/06\/1-04-2-200x200.png 200w, http:\/\/aksuboya.com.tr\/wp-content\/uploads\/2023\/06\/1-04-2.png 1667w\" \/><\/a>\t\t\t\t\t\t\t\t\t<\/div>\n\t\t\t\t\t\t\t\t\t\t\t\t\t\t\t\t<div class=\"box-content\">\n\t\t\t\t\t\t\t\t\t<h4 class=\"box-heading\"><a href=\"http:\/\/aksuboya.com.tr\/?page_id=4757\">Permolife Su Bazl\u0131 Parlak Boya<\/a><\/h4><a href=\"http:\/\/aksuboya.com.tr\/?page_id=4757\" class=\"box-button elementor-button elementor-size-xs\">Detaylar<\/a>\t\t\t\t\t\t\t\t<\/div>\n\t\t\t\t\t\t\t<\/div>\n\t\t\t\t\t\t<\/div>\t\t\t\t\t<\/div>\n\t\t\t\t\t\t\t\t<\/div>\n\t\t\t<\/div>\t\t<\/div>\n\t\t\t\t<\/div>\n\t\t\t\t<div class=\"elementor-element elementor-element-2e0de91 content-align-center icon-vertical-align-center icon-box-vertical-align-top elementor-widget elementor-widget-the7_image_box_grid_widget\" data-id=\"2e0de91\" data-element_type=\"widget\" data-widget_type=\"the7_image_box_grid_widget.default\">\n\t\t\t\t<div class=\"elementor-widget-container\">\n\t\t\t<div class=\"the7-box-grid-wrapper the7-elementor-widget loading-effect-none the7_image_box_grid_widget-2e0de91\">\t\t\t<div class=\"dt-css-grid\">\n\t\t\t\t\t\t\t\t\t<div class=\"wf-cell shown\">\n\t\t\t\t\t\t<div class=\"the7-image-box-wrapper the7-box-wrapper the7-elementor-widget\">\t\t\t\t\t\t\t<div class=\"box-content-wrapper\">\n\n\t\t\t\t\t\t\t\t\t\t\t\t\t\t\t\t\t<div class=\"elementor-image-div \">\n\t\t\t\t\t\t\t\t\t\t<a class=\"post-thumbnail-rollover layzr-bg img-css-resize-wrapper\" href=\"http:\/\/aksuboya.com.tr\/?page_id=4765\"><img width=\"300\" height=\"300\" src=\"data:image\/svg+xml,%3Csvg%20xmlns%3D&#039;http%3A%2F%2Fwww.w3.org%2F2000%2Fsvg&#039;%20viewBox%3D&#039;0%200%20300%20300&#039;%2F%3E\" class=\"attachment-medium size-medium preload-me aspect lazy lazy-load\" alt=\"\" decoding=\"async\" sizes=\"(max-width: 300px) 100vw, 300px\" style=\"--ratio: 300 \/ 300;\" data-src=\"http:\/\/aksuboya.com.tr\/wp-content\/uploads\/2023\/06\/1-02-3-300x300.png\" loading=\"eager\" data-srcset=\"http:\/\/aksuboya.com.tr\/wp-content\/uploads\/2023\/06\/1-02-3-300x300.png 300w, http:\/\/aksuboya.com.tr\/wp-content\/uploads\/2023\/06\/1-02-3-1024x1024.png 1024w, http:\/\/aksuboya.com.tr\/wp-content\/uploads\/2023\/06\/1-02-3-150x150.png 150w, http:\/\/aksuboya.com.tr\/wp-content\/uploads\/2023\/06\/1-02-3-768x768.png 768w, http:\/\/aksuboya.com.tr\/wp-content\/uploads\/2023\/06\/1-02-3-1536x1536.png 1536w, http:\/\/aksuboya.com.tr\/wp-content\/uploads\/2023\/06\/1-02-3-600x600.png 600w, http:\/\/aksuboya.com.tr\/wp-content\/uploads\/2023\/06\/1-02-3-200x200.png 200w, http:\/\/aksuboya.com.tr\/wp-content\/uploads\/2023\/06\/1-02-3.png 1667w\" \/><\/a>\t\t\t\t\t\t\t\t\t<\/div>\n\t\t\t\t\t\t\t\t\t\t\t\t\t\t\t\t<div class=\"box-content\">\n\t\t\t\t\t\t\t\t\t<h4 class=\"box-heading\"><a href=\"http:\/\/aksuboya.com.tr\/?page_id=4765\">Permolife Su Bazl\u0131 Ah\u015fap Astar\u0131<\/a><\/h4><a href=\"http:\/\/aksuboya.com.tr\/?page_id=4765\" class=\"box-button elementor-button elementor-size-xs\">Detaylar<\/a>\t\t\t\t\t\t\t\t<\/div>\n\t\t\t\t\t\t\t<\/div>\n\t\t\t\t\t\t<\/div>\t\t\t\t\t<\/div>\n\t\t\t\t\t\t\t\t<\/div>\n\t\t\t<\/div>\t\t<\/div>\n\t\t\t\t<\/div>\n\t\t\t\t<div class=\"elementor-element elementor-element-ae30461 content-align-center icon-vertical-align-center icon-box-vertical-align-top elementor-widget elementor-widget-the7_image_box_grid_widget\" data-id=\"ae30461\" data-element_type=\"widget\" data-widget_type=\"the7_image_box_grid_widget.default\">\n\t\t\t\t<div class=\"elementor-widget-container\">\n\t\t\t<div class=\"the7-box-grid-wrapper the7-elementor-widget loading-effect-none the7_image_box_grid_widget-ae30461\">\t\t\t<div class=\"dt-css-grid\">\n\t\t\t\t\t\t\t\t\t<div class=\"wf-cell shown\">\n\t\t\t\t\t\t<div class=\"the7-image-box-wrapper the7-box-wrapper the7-elementor-widget\">\t\t\t\t\t\t\t<div class=\"box-content-wrapper\">\n\n\t\t\t\t\t\t\t\t\t\t\t\t\t\t\t\t\t<div class=\"elementor-image-div \">\n\t\t\t\t\t\t\t\t\t\t<a class=\"post-thumbnail-rollover layzr-bg img-css-resize-wrapper\" href=\"http:\/\/aksuboya.com.tr\/?page_id=4773\"><img width=\"300\" height=\"300\" src=\"data:image\/svg+xml,%3Csvg%20xmlns%3D&#039;http%3A%2F%2Fwww.w3.org%2F2000%2Fsvg&#039;%20viewBox%3D&#039;0%200%20300%20300&#039;%2F%3E\" class=\"attachment-medium size-medium preload-me aspect lazy lazy-load\" alt=\"\" decoding=\"async\" sizes=\"(max-width: 300px) 100vw, 300px\" style=\"--ratio: 300 \/ 300;\" data-src=\"http:\/\/aksuboya.com.tr\/wp-content\/uploads\/2023\/06\/1-03-3-300x300.png\" loading=\"eager\" data-srcset=\"http:\/\/aksuboya.com.tr\/wp-content\/uploads\/2023\/06\/1-03-3-300x300.png 300w, http:\/\/aksuboya.com.tr\/wp-content\/uploads\/2023\/06\/1-03-3-1024x1024.png 1024w, http:\/\/aksuboya.com.tr\/wp-content\/uploads\/2023\/06\/1-03-3-150x150.png 150w, http:\/\/aksuboya.com.tr\/wp-content\/uploads\/2023\/06\/1-03-3-768x768.png 768w, http:\/\/aksuboya.com.tr\/wp-content\/uploads\/2023\/06\/1-03-3-1536x1536.png 1536w, http:\/\/aksuboya.com.tr\/wp-content\/uploads\/2023\/06\/1-03-3-600x600.png 600w, http:\/\/aksuboya.com.tr\/wp-content\/uploads\/2023\/06\/1-03-3-200x200.png 200w, http:\/\/aksuboya.com.tr\/wp-content\/uploads\/2023\/06\/1-03-3.png 1667w\" \/><\/a>\t\t\t\t\t\t\t\t\t<\/div>\n\t\t\t\t\t\t\t\t\t\t\t\t\t\t\t\t<div class=\"box-content\">\n\t\t\t\t\t\t\t\t\t<h4 class=\"box-heading\"><a href=\"http:\/\/aksuboya.com.tr\/?page_id=4773\">Permolife Su Bazl\u0131 Ah\u015fap Verni\u011fi<\/a><\/h4><a href=\"http:\/\/aksuboya.com.tr\/?page_id=4773\" class=\"box-button elementor-button elementor-size-xs\">Detaylar<\/a>\t\t\t\t\t\t\t\t<\/div>\n\t\t\t\t\t\t\t<\/div>\n\t\t\t\t\t\t<\/div>\t\t\t\t\t<\/div>\n\t\t\t\t\t\t\t\t<\/div>\n\t\t\t<\/div>\t\t<\/div>\n\t\t\t\t<\/div>\n\t\t\t\t<div class=\"elementor-element elementor-element-554d567 content-align-center icon-vertical-align-center icon-box-vertical-align-top elementor-widget elementor-widget-the7_image_box_grid_widget\" data-id=\"554d567\" data-element_type=\"widget\" data-widget_type=\"the7_image_box_grid_widget.default\">\n\t\t\t\t<div class=\"elementor-widget-container\">\n\t\t\t<div class=\"the7-box-grid-wrapper the7-elementor-widget loading-effect-none the7_image_box_grid_widget-554d567\">\t\t\t<div class=\"dt-css-grid\">\n\t\t\t\t\t\t\t\t\t<div class=\"wf-cell shown\">\n\t\t\t\t\t\t<div class=\"the7-image-box-wrapper the7-box-wrapper the7-elementor-widget\">\t\t\t\t\t\t\t<div class=\"box-content-wrapper\">\n\n\t\t\t\t\t\t\t\t\t\t\t\t\t\t\t\t\t<div class=\"elementor-image-div \">\n\t\t\t\t\t\t\t\t\t\t<a class=\"post-thumbnail-rollover layzr-bg img-css-resize-wrapper\" href=\"http:\/\/aksuboya.com.tr\/?page_id=4781\"><img width=\"300\" height=\"300\" src=\"data:image\/svg+xml,%3Csvg%20xmlns%3D&#039;http%3A%2F%2Fwww.w3.org%2F2000%2Fsvg&#039;%20viewBox%3D&#039;0%200%20300%20300&#039;%2F%3E\" class=\"attachment-medium size-medium preload-me aspect lazy lazy-load\" alt=\"\" decoding=\"async\" sizes=\"(max-width: 300px) 100vw, 300px\" style=\"--ratio: 300 \/ 300;\" data-src=\"http:\/\/aksuboya.com.tr\/wp-content\/uploads\/2023\/06\/1-01-6-300x300.png\" loading=\"eager\" data-srcset=\"http:\/\/aksuboya.com.tr\/wp-content\/uploads\/2023\/06\/1-01-6-300x300.png 300w, http:\/\/aksuboya.com.tr\/wp-content\/uploads\/2023\/06\/1-01-6-1024x1024.png 1024w, http:\/\/aksuboya.com.tr\/wp-content\/uploads\/2023\/06\/1-01-6-150x150.png 150w, http:\/\/aksuboya.com.tr\/wp-content\/uploads\/2023\/06\/1-01-6-768x768.png 768w, http:\/\/aksuboya.com.tr\/wp-content\/uploads\/2023\/06\/1-01-6-1536x1536.png 1536w, http:\/\/aksuboya.com.tr\/wp-content\/uploads\/2023\/06\/1-01-6-600x600.png 600w, http:\/\/aksuboya.com.tr\/wp-content\/uploads\/2023\/06\/1-01-6-200x200.png 200w, http:\/\/aksuboya.com.tr\/wp-content\/uploads\/2023\/06\/1-01-6.png 1667w\" \/><\/a>\t\t\t\t\t\t\t\t\t<\/div>\n\t\t\t\t\t\t\t\t\t\t\t\t\t\t\t\t<div class=\"box-content\">\n\t\t\t\t\t\t\t\t\t<h4 class=\"box-heading\"><a href=\"http:\/\/aksuboya.com.tr\/?page_id=4781\">Permolife Su Bazl\u0131 \u00d6rt\u00fcc\u00fc Ah\u015fap Astar\u0131<\/a><\/h4><a href=\"http:\/\/aksuboya.com.tr\/?page_id=4781\" class=\"box-button elementor-button elementor-size-xs\">Detaylar<\/a>\t\t\t\t\t\t\t\t<\/div>\n\t\t\t\t\t\t\t<\/div>\n\t\t\t\t\t\t<\/div>\t\t\t\t\t<\/div>\n\t\t\t\t\t\t\t\t<\/div>\n\t\t\t<\/div>\t\t<\/div>\n\t\t\t\t<\/div>\n\t\t\t\t\t<\/div>\n\t\t\t\t<\/div>\n\t\t\t\t<\/div>\n\t\t","protected":false},"excerpt":{"rendered":"<p>Permolife Su Bazl\u0131 Amerikan Kap\u0131 Boyas\u0131 Detaylar Permolife Su Bazl\u0131 Parlak Boya Detaylar Permolife Su Bazl\u0131 Ah\u015fap Astar\u0131 Detaylar Permolife Su Bazl\u0131 Ah\u015fap Verni\u011fi Detaylar Permolife Su Bazl\u0131 \u00d6rt\u00fcc\u00fc Ah\u015fap Astar\u0131 Detaylar<\/p>\n","protected":false},"author":1,"featured_media":3991,"parent":0,"menu_order":0,"comment_status":"closed","ping_status":"closed","template":"","meta":[],"acf":[],"_links":{"self":[{"href":"http:\/\/aksuboya.com.tr\/index.php?rest_route=\/wp\/v2\/pages\/4080"}],"collection":[{"href":"http:\/\/aksuboya.com.tr\/index.php?rest_route=\/wp\/v2\/pages"}],"about":[{"href":"http:\/\/aksuboya.com.tr\/index.php?rest_route=\/wp\/v2\/types\/page"}],"author":[{"embeddable":true,"href":"http:\/\/aksuboya.com.tr\/index.php?rest_route=\/wp\/v2\/users\/1"}],"replies":[{"embeddable":true,"href":"http:\/\/aksuboya.com.tr\/index.php?rest_route=%2Fwp%2Fv2%2Fcomments&post=4080"}],"version-history":[{"count":27,"href":"http:\/\/aksuboya.com.tr\/index.php?rest_route=\/wp\/v2\/pages\/4080\/revisions"}],"predecessor-version":[{"id":4789,"href":"http:\/\/aksuboya.com.tr\/index.php?rest_route=\/wp\/v2\/pages\/4080\/revisions\/4789"}],"wp:featuredmedia":[{"embeddable":true,"href":"http:\/\/aksuboya.com.tr\/index.php?rest_route=\/wp\/v2\/media\/3991"}],"wp:attachment":[{"href":"http:\/\/aksuboya.com.tr\/index.php?rest_route=%2Fwp%2Fv2%2Fmedia&parent=4080"}],"curies":[{"name":"wp","href":"https:\/\/api.w.org\/{rel}","templated":true}]}}