{"id":4120,"date":"2023-06-04T21:24:10","date_gmt":"2023-06-04T21:24:10","guid":{"rendered":"http:\/\/aksuboya.com.tr\/?page_id=4120"},"modified":"2023-06-15T20:53:01","modified_gmt":"2023-06-15T20:53:01","slug":"izolasyon-malzemeleri-ve-renklendirici","status":"publish","type":"page","link":"http:\/\/aksuboya.com.tr\/?page_id=4120","title":{"rendered":"\u0130zolasyon Malzemeleri ve Renklendirici"},"content":{"rendered":"\t\t<div data-elementor-type=\"wp-page\" data-elementor-id=\"4120\" class=\"elementor elementor-4120\">\n\t\t\t\t<div class=\"elementor-element elementor-element-93ad0c2 e-grid e-con-boxed e-con e-parent\" data-id=\"93ad0c2\" data-element_type=\"container\">\n\t\t\t\t\t<div class=\"e-con-inner\">\n\t\t\t\t<div class=\"elementor-element elementor-element-454cb4b content-align-center icon-vertical-align-center icon-box-vertical-align-top elementor-widget elementor-widget-the7_image_box_grid_widget\" data-id=\"454cb4b\" data-element_type=\"widget\" data-widget_type=\"the7_image_box_grid_widget.default\">\n\t\t\t\t<div class=\"elementor-widget-container\">\n\t\t\t<div class=\"the7-box-grid-wrapper the7-elementor-widget loading-effect-none the7_image_box_grid_widget-454cb4b\">\t\t\t<div class=\"dt-css-grid\">\n\t\t\t\t\t\t\t\t\t<div class=\"wf-cell shown\">\n\t\t\t\t\t\t<div class=\"the7-image-box-wrapper the7-box-wrapper the7-elementor-widget\">\t\t\t\t\t\t\t<div class=\"box-content-wrapper\">\n\n\t\t\t\t\t\t\t\t\t\t\t\t\t\t\t\t\t<div class=\"elementor-image-div \">\n\t\t\t\t\t\t\t\t\t\t<a class=\"post-thumbnail-rollover layzr-bg img-css-resize-wrapper\" href=\"http:\/\/aksuboya.com.tr\/?page_id=4905\"><img fetchpriority=\"high\" width=\"300\" height=\"300\" src=\"data:image\/svg+xml,%3Csvg%20xmlns%3D&#039;http%3A%2F%2Fwww.w3.org%2F2000%2Fsvg&#039;%20viewBox%3D&#039;0%200%20300%20300&#039;%2F%3E\" class=\"attachment-medium size-medium preload-me aspect lazy lazy-load\" alt=\"\" decoding=\"async\" sizes=\"(max-width: 300px) 100vw, 300px\" style=\"--ratio: 300 \/ 300;\" data-src=\"http:\/\/aksuboya.com.tr\/wp-content\/uploads\/2023\/06\/permodur-elyafli-600x600-1-300x300.png\" loading=\"eager\" data-srcset=\"http:\/\/aksuboya.com.tr\/wp-content\/uploads\/2023\/06\/permodur-elyafli-600x600-1-300x300.png 300w, http:\/\/aksuboya.com.tr\/wp-content\/uploads\/2023\/06\/permodur-elyafli-600x600-1-150x150.png 150w, http:\/\/aksuboya.com.tr\/wp-content\/uploads\/2023\/06\/permodur-elyafli-600x600-1-200x200.png 200w, http:\/\/aksuboya.com.tr\/wp-content\/uploads\/2023\/06\/permodur-elyafli-600x600-1.png 600w\" \/><\/a>\t\t\t\t\t\t\t\t\t<\/div>\n\t\t\t\t\t\t\t\t\t\t\t\t\t\t\t\t<div class=\"box-content\">\n\t\t\t\t\t\t\t\t\t<h4 class=\"box-heading\"><a href=\"http:\/\/aksuboya.com.tr\/?page_id=4905\">Permodur Elyafl\u0131 S\u0131v\u0131 Plastik \u0130zolasyon Kaplamas\u0131<\/a><\/h4><a href=\"http:\/\/aksuboya.com.tr\/?page_id=4905\" class=\"box-button elementor-button elementor-size-xs\">Detaylar<\/a>\t\t\t\t\t\t\t\t<\/div>\n\t\t\t\t\t\t\t<\/div>\n\t\t\t\t\t\t<\/div>\t\t\t\t\t<\/div>\n\t\t\t\t\t\t\t\t<\/div>\n\t\t\t<\/div>\t\t<\/div>\n\t\t\t\t<\/div>\n\t\t\t\t<div class=\"elementor-element elementor-element-58cce1a content-align-center icon-vertical-align-center icon-box-vertical-align-top elementor-widget elementor-widget-the7_image_box_grid_widget\" data-id=\"58cce1a\" data-element_type=\"widget\" data-widget_type=\"the7_image_box_grid_widget.default\">\n\t\t\t\t<div class=\"elementor-widget-container\">\n\t\t\t<div class=\"the7-box-grid-wrapper the7-elementor-widget loading-effect-none the7_image_box_grid_widget-58cce1a\">\t\t\t<div class=\"dt-css-grid\">\n\t\t\t\t\t\t\t\t\t<div class=\"wf-cell shown\">\n\t\t\t\t\t\t<div class=\"the7-image-box-wrapper the7-box-wrapper the7-elementor-widget\">\t\t\t\t\t\t\t<div class=\"box-content-wrapper\">\n\n\t\t\t\t\t\t\t\t\t\t\t\t\t\t\t\t\t<div class=\"elementor-image-div \">\n\t\t\t\t\t\t\t\t\t\t<a class=\"post-thumbnail-rollover layzr-bg img-css-resize-wrapper\" href=\"http:\/\/aksuboya.com.tr\/?page_id=4909\"><img width=\"300\" height=\"300\" src=\"data:image\/svg+xml,%3Csvg%20xmlns%3D&#039;http%3A%2F%2Fwww.w3.org%2F2000%2Fsvg&#039;%20viewBox%3D&#039;0%200%20300%20300&#039;%2F%3E\" class=\"attachment-medium size-medium preload-me aspect lazy lazy-load\" alt=\"\" decoding=\"async\" sizes=\"(max-width: 300px) 100vw, 300px\" style=\"--ratio: 300 \/ 300;\" data-src=\"http:\/\/aksuboya.com.tr\/wp-content\/uploads\/2023\/06\/f-2-300x300.png\" loading=\"eager\" data-srcset=\"http:\/\/aksuboya.com.tr\/wp-content\/uploads\/2023\/06\/f-2-300x300.png 300w, http:\/\/aksuboya.com.tr\/wp-content\/uploads\/2023\/06\/f-2-150x150.png 150w, http:\/\/aksuboya.com.tr\/wp-content\/uploads\/2023\/06\/f-2-200x200.png 200w, http:\/\/aksuboya.com.tr\/wp-content\/uploads\/2023\/06\/f-2.png 600w\" \/><\/a>\t\t\t\t\t\t\t\t\t<\/div>\n\t\t\t\t\t\t\t\t\t\t\t\t\t\t\t\t<div class=\"box-content\">\n\t\t\t\t\t\t\t\t\t<h4 class=\"box-heading\"><a href=\"http:\/\/aksuboya.com.tr\/?page_id=4909\">Permodur S\u0131v\u0131 Plastik \u0130zolasyon Kaplamas\u0131<\/a><\/h4><a href=\"http:\/\/aksuboya.com.tr\/?page_id=4909\" class=\"box-button elementor-button elementor-size-xs\">Detaylar<\/a>\t\t\t\t\t\t\t\t<\/div>\n\t\t\t\t\t\t\t<\/div>\n\t\t\t\t\t\t<\/div>\t\t\t\t\t<\/div>\n\t\t\t\t\t\t\t\t<\/div>\n\t\t\t<\/div>\t\t<\/div>\n\t\t\t\t<\/div>\n\t\t\t\t<div class=\"elementor-element elementor-element-1fa605f content-align-center icon-vertical-align-center icon-box-vertical-align-top elementor-widget elementor-widget-the7_image_box_grid_widget\" data-id=\"1fa605f\" data-element_type=\"widget\" data-widget_type=\"the7_image_box_grid_widget.default\">\n\t\t\t\t<div class=\"elementor-widget-container\">\n\t\t\t<div class=\"the7-box-grid-wrapper the7-elementor-widget loading-effect-none the7_image_box_grid_widget-1fa605f\">\t\t\t<div class=\"dt-css-grid\">\n\t\t\t\t\t\t\t\t\t<div class=\"wf-cell shown\">\n\t\t\t\t\t\t<div class=\"the7-image-box-wrapper the7-box-wrapper the7-elementor-widget\">\t\t\t\t\t\t\t<div class=\"box-content-wrapper\">\n\n\t\t\t\t\t\t\t\t\t\t\t\t\t\t\t\t\t<div class=\"elementor-image-div \">\n\t\t\t\t\t\t\t\t\t\t<a class=\"post-thumbnail-rollover layzr-bg img-css-resize-wrapper\" href=\"http:\/\/aksuboya.com.tr\/?page_id=4917\"><img width=\"300\" height=\"300\" src=\"data:image\/svg+xml,%3Csvg%20xmlns%3D&#039;http%3A%2F%2Fwww.w3.org%2F2000%2Fsvg&#039;%20viewBox%3D&#039;0%200%20300%20300&#039;%2F%3E\" class=\"attachment-medium size-medium preload-me aspect lazy lazy-load\" alt=\"\" decoding=\"async\" sizes=\"(max-width: 300px) 100vw, 300px\" style=\"--ratio: 300 \/ 300;\" data-src=\"http:\/\/aksuboya.com.tr\/wp-content\/uploads\/2023\/06\/ff-1-300x300.png\" loading=\"eager\" data-srcset=\"http:\/\/aksuboya.com.tr\/wp-content\/uploads\/2023\/06\/ff-1-300x300.png 300w, http:\/\/aksuboya.com.tr\/wp-content\/uploads\/2023\/06\/ff-1-150x150.png 150w, http:\/\/aksuboya.com.tr\/wp-content\/uploads\/2023\/06\/ff-1-200x200.png 200w, http:\/\/aksuboya.com.tr\/wp-content\/uploads\/2023\/06\/ff-1.png 600w\" \/><\/a>\t\t\t\t\t\t\t\t\t<\/div>\n\t\t\t\t\t\t\t\t\t\t\t\t\t\t\t\t<div class=\"box-content\">\n\t\t\t\t\t\t\t\t\t<h4 class=\"box-heading\"><a href=\"http:\/\/aksuboya.com.tr\/?page_id=4917\">Permokolor \u00dcniversal Renklendirici<\/a><\/h4><a href=\"http:\/\/aksuboya.com.tr\/?page_id=4917\" class=\"box-button elementor-button elementor-size-xs\">Detaylar<\/a>\t\t\t\t\t\t\t\t<\/div>\n\t\t\t\t\t\t\t<\/div>\n\t\t\t\t\t\t<\/div>\t\t\t\t\t<\/div>\n\t\t\t\t\t\t\t\t<\/div>\n\t\t\t<\/div>\t\t<\/div>\n\t\t\t\t<\/div>\n\t\t\t\t\t<\/div>\n\t\t\t\t<\/div>\n\t\t\t\t<\/div>\n\t\t","protected":false},"excerpt":{"rendered":"<p>Permodur Elyafl\u0131 S\u0131v\u0131 Plastik \u0130zolasyon Kaplamas\u0131 Detaylar Permodur S\u0131v\u0131 Plastik \u0130zolasyon Kaplamas\u0131 Detaylar Permokolor \u00dcniversal Renklendirici Detaylar<\/p>\n","protected":false},"author":1,"featured_media":3991,"parent":0,"menu_order":0,"comment_status":"closed","ping_status":"closed","template":"","meta":[],"acf":[],"_links":{"self":[{"href":"http:\/\/aksuboya.com.tr\/index.php?rest_route=\/wp\/v2\/pages\/4120"}],"collection":[{"href":"http:\/\/aksuboya.com.tr\/index.php?rest_route=\/wp\/v2\/pages"}],"about":[{"href":"http:\/\/aksuboya.com.tr\/index.php?rest_route=\/wp\/v2\/types\/page"}],"author":[{"embeddable":true,"href":"http:\/\/aksuboya.com.tr\/index.php?rest_route=\/wp\/v2\/users\/1"}],"replies":[{"embeddable":true,"href":"http:\/\/aksuboya.com.tr\/index.php?rest_route=%2Fwp%2Fv2%2Fcomments&post=4120"}],"version-history":[{"count":18,"href":"http:\/\/aksuboya.com.tr\/index.php?rest_route=\/wp\/v2\/pages\/4120\/revisions"}],"predecessor-version":[{"id":4923,"href":"http:\/\/aksuboya.com.tr\/index.php?rest_route=\/wp\/v2\/pages\/4120\/revisions\/4923"}],"wp:featuredmedia":[{"embeddable":true,"href":"http:\/\/aksuboya.com.tr\/index.php?rest_route=\/wp\/v2\/media\/3991"}],"wp:attachment":[{"href":"http:\/\/aksuboya.com.tr\/index.php?rest_route=%2Fwp%2Fv2%2Fmedia&parent=4120"}],"curies":[{"name":"wp","href":"https:\/\/api.w.org\/{rel}","templated":true}]}}