{"id":4466,"date":"2023-06-06T20:36:21","date_gmt":"2023-06-06T20:36:21","guid":{"rendered":"http:\/\/aksuboya.com.tr\/?page_id=4466"},"modified":"2023-06-14T13:22:52","modified_gmt":"2023-06-14T13:22:52","slug":"permomax-antibakteriyel-tavan-boyasi","status":"publish","type":"page","link":"http:\/\/aksuboya.com.tr\/?page_id=4466","title":{"rendered":"Permomax Antibakteriyel Tavan Boyas\u0131"},"content":{"rendered":"<div class=\"wpb-content-wrapper\"><p>[vc_row][vc_column width=&#8221;1\/4&#8243;][\/vc_column][vc_column width=&#8221;1\/2&#8243;]<div id=\"ultimate-heading-903569f33c5045809\" class=\"uvc-heading ult-adjust-bottom-margin ultimate-heading-903569f33c5045809 uvc-5257  uvc-heading-default-font-sizes\" data-hspacer=\"no_spacer\"  data-halign=\"center\" style=\"text-align:center\"><div class=\"uvc-heading-spacer no_spacer\" style=\"top\"><\/div><div class=\"uvc-main-heading ult-responsive\"  data-ultimate-target='.uvc-heading.ultimate-heading-903569f33c5045809 h2'  data-responsive-json-new='{\"font-size\":\"\",\"line-height\":\"\"}' ><h2 style=\"--font-weight:theme;\">Permomax Antibakteriyel Tavan Boyas\u0131<\/h2><\/div><\/div>[vc_empty_space height=&#8221;100&#8243;][\/vc_column][vc_column width=&#8221;1\/4&#8243;][\/vc_column][\/vc_row][vc_row][vc_column width=&#8221;1\/2&#8243;][vc_single_image image=&#8221;3859&#8243; img_size=&#8221;medium&#8221; add_caption=&#8221;yes&#8221; alignment=&#8221;center&#8221;][\/vc_column][vc_column width=&#8221;1\/2&#8243;][vc_column_text]<\/p>\n<ul>\n<li class=\"bullet-checkmark\">Y\u00fcksek \u00f6rt\u00fcc\u00fcl\u00fck<\/li>\n<li class=\"bullet-checkmark\">M\u00fckemmel beyazl\u0131k<\/li>\n<li class=\"bullet-checkmark\">Nefes alan y\u00fczeyler<\/li>\n<li class=\"bullet-checkmark\">K\u00fcf olu\u015fumunu engeller<\/li>\n<li class=\"bullet-checkmark\">S\u0131\u00e7rama yapmaz<\/li>\n<li class=\"bullet-checkmark\">Ekstra mat<\/li>\n<\/ul>\n<p>[\/vc_column_text][\/vc_column][\/vc_row][vc_row][vc_column width=&#8221;1\/2&#8243;][vc_column_text]<\/p>\n<ul>\n<li class=\"bullet-checkmark\">\n<div id=\"text-3291903464\" class=\"text\">\n<h3>Permomax Antibakteriyel Tavan Boyas\u0131<\/h3>\n<\/div>\n<p>Permomax Antibakteriyel Tavan Boyas\u0131, Su bazl\u0131, akrilik em\u00fclsiyon esasl\u0131, dekoratif, tam mat, antibakteriyel, k\u00fcf \u00f6nleyici son kat tavan boyas\u0131d\u0131r. Her y\u00fczeye m\u00fckemmel yap\u0131\u015f\u0131r, \u00f6rt\u00fcc\u00fcl\u00fck g\u00fcc\u00fc ve beyazl\u0131\u011f\u0131 y\u00fcksektir, \u00e7atlama, kabarma ve d\u00f6k\u00fclme yapmaz.<\/li>\n<\/ul>\n<p>[\/vc_column_text][\/vc_column][vc_column width=&#8221;1\/2&#8243;][vc_single_image image=&#8221;4579&#8243; img_size=&#8221;large&#8221; add_caption=&#8221;yes&#8221; alignment=&#8221;center&#8221;][\/vc_column][\/vc_row][vc_row][vc_column width=&#8221;1\/2&#8243;][vc_single_image image=&#8221;4580&#8243; img_size=&#8221;large&#8221; add_caption=&#8221;yes&#8221; alignment=&#8221;center&#8221;][\/vc_column][vc_column width=&#8221;1\/2&#8243;][vc_column_text]<\/p>\n<ul>\n<li class=\"bullet-checkmark\">Teneff\u00fcs etme \u00f6zelli\u011fi ile tavanlar\u0131n nefes almas\u0131n\u0131 sa\u011flar. Uyguland\u0131\u011f\u0131 y\u00fczeylere mat dekoratif bir g\u00f6r\u00fcn\u00fcm kazand\u0131r\u0131r. S\u00fcr\u00fcm kolayl\u0131\u011f\u0131 ve ekstra matl\u0131\u011f\u0131 sayesinde uygulama kolayl\u0131\u011f\u0131 sa\u011flar ve y\u00fczey hatalar\u0131n\u0131 g\u00f6stermez.<\/li>\n<\/ul>\n<p>[\/vc_column_text][\/vc_column][\/vc_row]<\/p>\n<\/div>","protected":false},"excerpt":{"rendered":"<p>[vc_row][vc_column width=&#8221;1\/4&#8243;][\/vc_column][vc_column width=&#8221;1\/2&#8243;][vc_empty_space height=&#8221;100&#8243;][\/vc_column][vc_column width=&#8221;1\/4&#8243;][\/vc_column][\/vc_row][vc_row][vc_column width=&#8221;1\/2&#8243;][vc_single_image image=&#8221;3859&#8243; img_size=&#8221;medium&#8221; add_caption=&#8221;yes&#8221; alignment=&#8221;center&#8221;][\/vc_column][vc_column width=&#8221;1\/2&#8243;][vc_column_text] Y\u00fcksek \u00f6rt\u00fcc\u00fcl\u00fck M\u00fckemmel beyazl\u0131k Nefes alan y\u00fczeyler K\u00fcf olu\u015fumunu engeller S\u0131\u00e7rama yapmaz Ekstra mat [\/vc_column_text][\/vc_column][\/vc_row][vc_row][vc_column width=&#8221;1\/2&#8243;][vc_column_text] Permomax Antibakteriyel Tavan Boyas\u0131 Permomax Antibakteriyel Tavan Boyas\u0131, Su bazl\u0131, akrilik em\u00fclsiyon esasl\u0131, dekoratif, tam mat, antibakteriyel, k\u00fcf \u00f6nleyici son kat tavan boyas\u0131d\u0131r. Her y\u00fczeye m\u00fckemmel yap\u0131\u015f\u0131r, \u00f6rt\u00fcc\u00fcl\u00fck&hellip;<\/p>\n","protected":false},"author":1,"featured_media":3991,"parent":0,"menu_order":0,"comment_status":"closed","ping_status":"closed","template":"","meta":[],"acf":[],"_links":{"self":[{"href":"http:\/\/aksuboya.com.tr\/index.php?rest_route=\/wp\/v2\/pages\/4466"}],"collection":[{"href":"http:\/\/aksuboya.com.tr\/index.php?rest_route=\/wp\/v2\/pages"}],"about":[{"href":"http:\/\/aksuboya.com.tr\/index.php?rest_route=\/wp\/v2\/types\/page"}],"author":[{"embeddable":true,"href":"http:\/\/aksuboya.com.tr\/index.php?rest_route=\/wp\/v2\/users\/1"}],"replies":[{"embeddable":true,"href":"http:\/\/aksuboya.com.tr\/index.php?rest_route=%2Fwp%2Fv2%2Fcomments&post=4466"}],"version-history":[{"count":6,"href":"http:\/\/aksuboya.com.tr\/index.php?rest_route=\/wp\/v2\/pages\/4466\/revisions"}],"predecessor-version":[{"id":4603,"href":"http:\/\/aksuboya.com.tr\/index.php?rest_route=\/wp\/v2\/pages\/4466\/revisions\/4603"}],"wp:featuredmedia":[{"embeddable":true,"href":"http:\/\/aksuboya.com.tr\/index.php?rest_route=\/wp\/v2\/media\/3991"}],"wp:attachment":[{"href":"http:\/\/aksuboya.com.tr\/index.php?rest_route=%2Fwp%2Fv2%2Fmedia&parent=4466"}],"curies":[{"name":"wp","href":"https:\/\/api.w.org\/{rel}","templated":true}]}}