{"id":4474,"date":"2023-06-06T21:00:23","date_gmt":"2023-06-06T21:00:23","guid":{"rendered":"http:\/\/aksuboya.com.tr\/?page_id=4474"},"modified":"2023-06-14T13:26:06","modified_gmt":"2023-06-14T13:26:06","slug":"permomax-elastomerik-dis-cephe-boyasi","status":"publish","type":"page","link":"http:\/\/aksuboya.com.tr\/?page_id=4474","title":{"rendered":"Permomax Elastomerik D\u0131\u015f Cephe Boyas\u0131"},"content":{"rendered":"<div class=\"wpb-content-wrapper\"><p>[vc_row][vc_column width=&#8221;1\/4&#8243;][\/vc_column][vc_column width=&#8221;1\/2&#8243;]<div id=\"ultimate-heading-878269f33ba6b8b2a\" class=\"uvc-heading ult-adjust-bottom-margin ultimate-heading-878269f33ba6b8b2a uvc-3517  uvc-heading-default-font-sizes\" data-hspacer=\"no_spacer\"  data-halign=\"center\" style=\"text-align:center\"><div class=\"uvc-heading-spacer no_spacer\" style=\"top\"><\/div><div class=\"uvc-main-heading ult-responsive\"  data-ultimate-target='.uvc-heading.ultimate-heading-878269f33ba6b8b2a h2'  data-responsive-json-new='{\"font-size\":\"\",\"line-height\":\"\"}' ><h2 style=\"--font-weight:theme;\">Permomax Elastomerik D\u0131\u015f Cephe Boyas\u0131<\/h2><\/div><\/div>[vc_empty_space height=&#8221;100&#8243;][\/vc_column][vc_column width=&#8221;1\/4&#8243;][\/vc_column][\/vc_row][vc_row][vc_column width=&#8221;1\/2&#8243;][vc_single_image image=&#8221;3860&#8243; img_size=&#8221;medium&#8221; add_caption=&#8221;yes&#8221; alignment=&#8221;center&#8221;][\/vc_column][vc_column width=&#8221;1\/2&#8243;][vc_column_text]<strong>Permolit Boya\u2019n\u0131n \u00fcst\u00fcn teknolojisi ile geli\u015ftirilen Permomax Elastomerik D\u0131\u015f Cephe Boyas\u0131, \u2018\u2019y\u00fcksek elastikiyet\u2019\u2019 ve \u2018\u2019Antikarbonizasyon (d\u00fc\u015f\u00fck CO<sub>2<\/sub>\u00a0ge\u00e7irgenli\u011fi)\u2019\u2019 \u00f6zelli\u011fi ile binalar\u0131n \u00f6mr\u00fcn\u00fc uzat\u0131yor.<\/strong><\/p>\n<ul>\n<li class=\"bullet-checkmark\">Antikarbonizasyon \u00d6zelli\u011fi (CO<sub>2\u00a0<\/sub>Ge\u00e7irgenli\u011fi C1 TSE Sertifikal\u0131)<\/li>\n<li class=\"bullet-checkmark\">\u00c7atlak \u00d6rtme \u00d6zelli\u011fi<\/li>\n<li class=\"bullet-checkmark\">M\u00fckemmel Kir Direnci<\/li>\n<li class=\"bullet-checkmark\">Y\u00fcksek Elastikiyet<\/li>\n<\/ul>\n<p>[\/vc_column_text][\/vc_column][\/vc_row][vc_row][vc_column width=&#8221;1\/2&#8243;][vc_column_text]<\/p>\n<div id=\"text-3687531065\" class=\"text\">\n<h3>Permomax Elastomerik D\u0131\u015f Cephe Boyas\u0131<\/h3>\n<\/div>\n<p>Su bazl\u0131, saf akrilik em\u00fclsiyon esasl\u0131, esnek, yar\u0131 mat, hafif tekst\u00fcrl\u00fc, elastomerik, son kat d\u0131\u015f cephe boyas\u0131d\u0131r. Boya \u00f6ncesi haz\u0131rl\u0131klar\u0131 tamamlanm\u0131\u015f her t\u00fcrl\u00fc d\u0131\u015f cephe yap\u0131 elemanlar\u0131 \u00fczerine uygulanabilir.<\/p>\n<p>Y\u00fcksek UV direnci ve atmosferik ko\u015fullara kar\u015f\u0131 g\u00f6sterdi\u011fi y\u00fcksek dayan\u0131m ile t\u00fcm co\u011frafi b\u00f6lgelerdeki yap\u0131larda d\u00f6rt mevsim koruma sa\u011flar. Sahip oldu\u011fu hibrit teknolojisi ile solmaya diren\u00e7li, renklerin canl\u0131l\u0131\u011f\u0131n\u0131, parlakl\u0131\u011f\u0131n\u0131 uzun s\u00fcre muhafaza eden, y\u0131llara meydan okuyan bir boyad\u0131r. Y\u00fcksek kir tutma direnci ile duvarlar\u0131n temiz olmas\u0131n\u0131 sa\u011flar, y\u00fczeyler y\u0131llarca ilk g\u00fcnk\u00fc gibi kal\u0131r.[\/vc_column_text][\/vc_column][vc_column width=&#8221;1\/2&#8243;][vc_single_image image=&#8221;4579&#8243; img_size=&#8221;large&#8221; add_caption=&#8221;yes&#8221; alignment=&#8221;center&#8221;][\/vc_column][\/vc_row][vc_row][vc_column width=&#8221;1\/2&#8243;][vc_single_image image=&#8221;4580&#8243; img_size=&#8221;large&#8221; add_caption=&#8221;yes&#8221; alignment=&#8221;center&#8221;][\/vc_column][vc_column width=&#8221;1\/2&#8243;][vc_column_text]Elastomerik yap\u0131s\u0131 ile y\u00fczeylerde olu\u015fmas\u0131 m\u00fcmk\u00fcn mikro \u00e7atlaklar\u0131 k\u00f6pr\u00fcler, suyun penetrasyonunu engeller, su buhar\u0131 ge\u00e7i\u015fine engel olmaz, betonlar\u0131 \u00e7\u00fcr\u00fcmeden kurtar\u0131r. Solar-UV-curing teknolojisi ve olu\u015fturdu\u011fu bariyerik etki nedeni ile H+, Na+, Cl\u00af, COOOH\u00af gibi suda \u00e7\u00f6z\u00fclen iyonlar\u0131n ve SO2, CO2 gibi gazlar\u0131n dif\u00fczyonunu engelleyerek betonu ve demir donat\u0131y\u0131 korozyondan korur. Binalar\u0131n ve k\u00f6pr\u00fc, yol gibi \u00f6nemli yap\u0131lar\u0131n y\u0131pranmas\u0131n\u0131 engeller, \u00f6mr\u00fcn\u00fc uzat\u0131r.[\/vc_column_text][\/vc_column][\/vc_row]<\/p>\n<\/div>","protected":false},"excerpt":{"rendered":"<p>[vc_row][vc_column width=&#8221;1\/4&#8243;][\/vc_column][vc_column width=&#8221;1\/2&#8243;][vc_empty_space height=&#8221;100&#8243;][\/vc_column][vc_column width=&#8221;1\/4&#8243;][\/vc_column][\/vc_row][vc_row][vc_column width=&#8221;1\/2&#8243;][vc_single_image image=&#8221;3860&#8243; img_size=&#8221;medium&#8221; add_caption=&#8221;yes&#8221; alignment=&#8221;center&#8221;][\/vc_column][vc_column width=&#8221;1\/2&#8243;][vc_column_text]Permolit Boya\u2019n\u0131n \u00fcst\u00fcn teknolojisi ile geli\u015ftirilen Permomax Elastomerik D\u0131\u015f Cephe Boyas\u0131, \u2018\u2019y\u00fcksek elastikiyet\u2019\u2019 ve \u2018\u2019Antikarbonizasyon (d\u00fc\u015f\u00fck CO2\u00a0ge\u00e7irgenli\u011fi)\u2019\u2019 \u00f6zelli\u011fi ile binalar\u0131n \u00f6mr\u00fcn\u00fc uzat\u0131yor. Antikarbonizasyon \u00d6zelli\u011fi (CO2\u00a0Ge\u00e7irgenli\u011fi C1 TSE Sertifikal\u0131) \u00c7atlak \u00d6rtme \u00d6zelli\u011fi M\u00fckemmel Kir Direnci Y\u00fcksek Elastikiyet [\/vc_column_text][\/vc_column][\/vc_row][vc_row][vc_column width=&#8221;1\/2&#8243;][vc_column_text] Permomax Elastomerik D\u0131\u015f Cephe Boyas\u0131 Su bazl\u0131,&hellip;<\/p>\n","protected":false},"author":1,"featured_media":3991,"parent":0,"menu_order":0,"comment_status":"closed","ping_status":"closed","template":"","meta":[],"acf":[],"_links":{"self":[{"href":"http:\/\/aksuboya.com.tr\/index.php?rest_route=\/wp\/v2\/pages\/4474"}],"collection":[{"href":"http:\/\/aksuboya.com.tr\/index.php?rest_route=\/wp\/v2\/pages"}],"about":[{"href":"http:\/\/aksuboya.com.tr\/index.php?rest_route=\/wp\/v2\/types\/page"}],"author":[{"embeddable":true,"href":"http:\/\/aksuboya.com.tr\/index.php?rest_route=\/wp\/v2\/users\/1"}],"replies":[{"embeddable":true,"href":"http:\/\/aksuboya.com.tr\/index.php?rest_route=%2Fwp%2Fv2%2Fcomments&post=4474"}],"version-history":[{"count":5,"href":"http:\/\/aksuboya.com.tr\/index.php?rest_route=\/wp\/v2\/pages\/4474\/revisions"}],"predecessor-version":[{"id":4605,"href":"http:\/\/aksuboya.com.tr\/index.php?rest_route=\/wp\/v2\/pages\/4474\/revisions\/4605"}],"wp:featuredmedia":[{"embeddable":true,"href":"http:\/\/aksuboya.com.tr\/index.php?rest_route=\/wp\/v2\/media\/3991"}],"wp:attachment":[{"href":"http:\/\/aksuboya.com.tr\/index.php?rest_route=%2Fwp%2Fv2%2Fmedia&parent=4474"}],"curies":[{"name":"wp","href":"https:\/\/api.w.org\/{rel}","templated":true}]}}