{"id":4495,"date":"2023-06-06T21:14:59","date_gmt":"2023-06-06T21:14:59","guid":{"rendered":"http:\/\/aksuboya.com.tr\/?page_id=4495"},"modified":"2023-06-14T15:08:30","modified_gmt":"2023-06-14T15:08:30","slug":"permomax-universal-dis-ve-ic-cephe-astari","status":"publish","type":"page","link":"http:\/\/aksuboya.com.tr\/?page_id=4495","title":{"rendered":"Permomax \u00dcniversal (D\u0131\u015f ve \u0130\u00e7) Cephe Astar\u0131"},"content":{"rendered":"<div class=\"wpb-content-wrapper\"><p>[vc_row][vc_column width=&#8221;1\/4&#8243;][\/vc_column][vc_column width=&#8221;1\/2&#8243;]<div id=\"ultimate-heading-544369f33b4e765fc\" class=\"uvc-heading ult-adjust-bottom-margin ultimate-heading-544369f33b4e765fc uvc-2294  uvc-heading-default-font-sizes\" data-hspacer=\"no_spacer\"  data-halign=\"center\" style=\"text-align:center\"><div class=\"uvc-heading-spacer no_spacer\" style=\"top\"><\/div><div class=\"uvc-main-heading ult-responsive\"  data-ultimate-target='.uvc-heading.ultimate-heading-544369f33b4e765fc h2'  data-responsive-json-new='{\"font-size\":\"\",\"line-height\":\"\"}' ><h2 style=\"--font-weight:theme;\">Permomax \u00dcniversal (D\u0131\u015f ve \u0130\u00e7) Cephe Astar\u0131<\/h2><\/div><\/div>[vc_empty_space height=&#8221;100&#8243;][\/vc_column][vc_column width=&#8221;1\/4&#8243;][\/vc_column][\/vc_row][vc_row][vc_column width=&#8221;1\/2&#8243;][vc_single_image image=&#8221;3863&#8243; img_size=&#8221;medium&#8221; add_caption=&#8221;yes&#8221; alignment=&#8221;center&#8221;][\/vc_column][vc_column width=&#8221;1\/2&#8243;][vc_column_text]<\/p>\n<p><strong>Su bazl\u0131, akrilik em\u00fclsiyon esasl\u0131, silikon katk\u0131l\u0131, d\u0131\u015f ve i\u00e7 cephe astar\u0131d\u0131r.<\/strong><\/p>\n<ul>\n<li class=\"bullet-checkmark\">Kullan\u0131ma haz\u0131rd\u0131r.<\/li>\n<li class=\"bullet-checkmark\">Y\u00fczeye n\u00fcfuz ederek sa\u011flamla\u015ft\u0131r\u0131r.<\/li>\n<li class=\"bullet-checkmark\">Dolgulu oldu\u011fu i\u00e7in ham zeminleri doyurarak son kat boya sarfiyat\u0131n\u0131 azalt\u0131r.<\/li>\n<li class=\"bullet-checkmark\">\u00d6zellikle tamir g\u00f6rm\u00fc\u015f y\u00fczeylerde olu\u015fmu\u015f doku farklar\u0131n\u0131 \u00f6rter.<\/li>\n<li class=\"bullet-checkmark\">Eski solvent bazl\u0131 boya \u00fczerine yeni su bazl\u0131 boyan\u0131n iyi yap\u0131\u015fmas\u0131n\u0131 sa\u011flar.<\/li>\n<\/ul>\n<p><strong>Sarfiyat Miktar\u0131:\u00a0<\/strong>\u00a014 \u2013 20 m\u00b2 \/L.<\/p>\n<p><strong>\u0130nceltme:\u00a0<\/strong>Kullan\u0131ma haz\u0131rd\u0131r. Gerekti\u011finde en fazla %5 su ile inceltilebilir.<\/p>\n<p>[\/vc_column_text][\/vc_column][\/vc_row][vc_row][vc_column width=&#8221;1\/2&#8243;][vc_column_text]<strong>Sarfiyat Miktar\u0131:\u00a0<\/strong>\u00a014 \u2013 20 m\u00b2 \/L.<\/p>\n<p><strong>\u0130nceltme:\u00a0<\/strong>Kullan\u0131ma haz\u0131rd\u0131r. Gerekti\u011finde en fazla %5 su ile inceltilebilir.[\/vc_column_text][\/vc_column][vc_column width=&#8221;1\/2&#8243;][vc_single_image image=&#8221;4579&#8243; img_size=&#8221;large&#8221; add_caption=&#8221;yes&#8221; alignment=&#8221;center&#8221;][\/vc_column][\/vc_row]<\/p>\n<\/div>","protected":false},"excerpt":{"rendered":"<p>[vc_row][vc_column width=&#8221;1\/4&#8243;][\/vc_column][vc_column width=&#8221;1\/2&#8243;][vc_empty_space height=&#8221;100&#8243;][\/vc_column][vc_column width=&#8221;1\/4&#8243;][\/vc_column][\/vc_row][vc_row][vc_column width=&#8221;1\/2&#8243;][vc_single_image image=&#8221;3863&#8243; img_size=&#8221;medium&#8221; add_caption=&#8221;yes&#8221; alignment=&#8221;center&#8221;][\/vc_column][vc_column width=&#8221;1\/2&#8243;][vc_column_text] Su bazl\u0131, akrilik em\u00fclsiyon esasl\u0131, silikon katk\u0131l\u0131, d\u0131\u015f ve i\u00e7 cephe astar\u0131d\u0131r. Kullan\u0131ma haz\u0131rd\u0131r. Y\u00fczeye n\u00fcfuz ederek sa\u011flamla\u015ft\u0131r\u0131r. Dolgulu oldu\u011fu i\u00e7in ham zeminleri doyurarak son kat boya sarfiyat\u0131n\u0131 azalt\u0131r. \u00d6zellikle tamir g\u00f6rm\u00fc\u015f y\u00fczeylerde olu\u015fmu\u015f doku farklar\u0131n\u0131 \u00f6rter. Eski solvent bazl\u0131 boya \u00fczerine yeni su&hellip;<\/p>\n","protected":false},"author":1,"featured_media":3991,"parent":0,"menu_order":0,"comment_status":"closed","ping_status":"closed","template":"","meta":[],"acf":[],"_links":{"self":[{"href":"http:\/\/aksuboya.com.tr\/index.php?rest_route=\/wp\/v2\/pages\/4495"}],"collection":[{"href":"http:\/\/aksuboya.com.tr\/index.php?rest_route=\/wp\/v2\/pages"}],"about":[{"href":"http:\/\/aksuboya.com.tr\/index.php?rest_route=\/wp\/v2\/types\/page"}],"author":[{"embeddable":true,"href":"http:\/\/aksuboya.com.tr\/index.php?rest_route=\/wp\/v2\/users\/1"}],"replies":[{"embeddable":true,"href":"http:\/\/aksuboya.com.tr\/index.php?rest_route=%2Fwp%2Fv2%2Fcomments&post=4495"}],"version-history":[{"count":6,"href":"http:\/\/aksuboya.com.tr\/index.php?rest_route=\/wp\/v2\/pages\/4495\/revisions"}],"predecessor-version":[{"id":4610,"href":"http:\/\/aksuboya.com.tr\/index.php?rest_route=\/wp\/v2\/pages\/4495\/revisions\/4610"}],"wp:featuredmedia":[{"embeddable":true,"href":"http:\/\/aksuboya.com.tr\/index.php?rest_route=\/wp\/v2\/media\/3991"}],"wp:attachment":[{"href":"http:\/\/aksuboya.com.tr\/index.php?rest_route=%2Fwp%2Fv2%2Fmedia&parent=4495"}],"curies":[{"name":"wp","href":"https:\/\/api.w.org\/{rel}","templated":true}]}}