{"id":4508,"date":"2023-06-06T21:35:09","date_gmt":"2023-06-06T21:35:09","guid":{"rendered":"http:\/\/aksuboya.com.tr\/?page_id=4508"},"modified":"2023-06-14T17:50:32","modified_gmt":"2023-06-14T17:50:32","slug":"carat-sprey-boya","status":"publish","type":"page","link":"http:\/\/aksuboya.com.tr\/?page_id=4508","title":{"rendered":"Carat Sprey Boya"},"content":{"rendered":"<div class=\"wpb-content-wrapper\"><p>[vc_row][vc_column width=&#8221;1\/4&#8243;][\/vc_column][vc_column width=&#8221;1\/2&#8243;]<div id=\"ultimate-heading-451769f33bf10a013\" class=\"uvc-heading ult-adjust-bottom-margin ultimate-heading-451769f33bf10a013 uvc-1992  uvc-heading-default-font-sizes\" data-hspacer=\"no_spacer\"  data-halign=\"center\" style=\"text-align:center\"><div class=\"uvc-heading-spacer no_spacer\" style=\"top\"><\/div><div class=\"uvc-main-heading ult-responsive\"  data-ultimate-target='.uvc-heading.ultimate-heading-451769f33bf10a013 h2'  data-responsive-json-new='{\"font-size\":\"\",\"line-height\":\"\"}' ><h2 style=\"--font-weight:theme;\">Carat Sprey Boya<\/h2><\/div><\/div>[vc_empty_space height=&#8221;100&#8243;][\/vc_column][vc_column width=&#8221;1\/4&#8243;][\/vc_column][\/vc_row][vc_row][vc_column width=&#8221;1\/2&#8243;][vc_single_image image=&#8221;4297&#8243; img_size=&#8221;medium&#8221; add_caption=&#8221;yes&#8221; alignment=&#8221;center&#8221;][\/vc_column][vc_column width=&#8221;1\/2&#8243;][vc_column_text]<\/p>\n<ul>\n<li class=\"bullet-checkmark\">H\u0131zl\u0131 kuruyan akrilik kalite.<\/li>\n<li class=\"bullet-checkmark\">\u0130\u00e7 ve d\u0131\u015f mekan i\u00e7in.<\/li>\n<li class=\"bullet-checkmark\">Boyan\u0131n rengi ve parlakl\u0131\u011f\u0131 dayan\u0131kl\u0131.<\/li>\n<li class=\"bullet-checkmark\">De\u011fi\u015fik hava \u015fartlar\u0131na kar\u015f\u0131 dayan\u0131kl\u0131.<\/li>\n<li class=\"bullet-checkmark\">\u00c7izilme ve ani darbelere dayan\u0131kl\u0131.<\/li>\n<li class=\"bullet-checkmark\">Ah\u015fap, metal, ka\u011f\u0131t, tekstil ve boyanabilir plastik y\u00fczeylere uygulanabilir.<\/li>\n<li class=\"bullet-checkmark\">S\u0131va, beton ve ta\u015f \u00fczerine yap\u0131lacak i\u015faretlemeler i\u00e7in uygundur.<\/li>\n<\/ul>\n<p>[\/vc_column_text][\/vc_column][\/vc_row][vc_row][vc_column][vc_column_text]<\/p>\n<h2>Carat Sprey Boya<\/h2>\n<p>H\u0131zl\u0131 kuruyan, m\u00fckemmel bir koruyucu tabaka olu\u015fturan, dayan\u0131kl\u0131, uzun \u00f6m\u00fcrl\u00fc, genel kullan\u0131m ama\u00e7l\u0131, son kat boyad\u0131r. \u0130\u00e7eride ve d\u0131\u015far\u0131da kullan\u0131lan her t\u00fcrl\u00fc ah\u015fap, metal, beton s\u0131va gibi t\u00fcm y\u00fczeylere uygulanabilir. Mobilya ve e\u015fya gen\u00e7le\u015ftirme, beyaz e\u015fya, genel onar\u0131m, imitasyonlar, hobi, dekorasyon, bisiklet, motosiklet, otomotiv ve makine par\u00e7alar\u0131 gibi \u00e7ok geni\u015f bir kullan\u0131m alan\u0131 vard\u0131r.[\/vc_column_text][\/vc_column][\/vc_row]<\/p>\n<\/div>","protected":false},"excerpt":{"rendered":"<p>[vc_row][vc_column width=&#8221;1\/4&#8243;][\/vc_column][vc_column width=&#8221;1\/2&#8243;][vc_empty_space height=&#8221;100&#8243;][\/vc_column][vc_column width=&#8221;1\/4&#8243;][\/vc_column][\/vc_row][vc_row][vc_column width=&#8221;1\/2&#8243;][vc_single_image image=&#8221;4297&#8243; img_size=&#8221;medium&#8221; add_caption=&#8221;yes&#8221; alignment=&#8221;center&#8221;][\/vc_column][vc_column width=&#8221;1\/2&#8243;][vc_column_text] H\u0131zl\u0131 kuruyan akrilik kalite. \u0130\u00e7 ve d\u0131\u015f mekan i\u00e7in. Boyan\u0131n rengi ve parlakl\u0131\u011f\u0131 dayan\u0131kl\u0131. De\u011fi\u015fik hava \u015fartlar\u0131na kar\u015f\u0131 dayan\u0131kl\u0131. \u00c7izilme ve ani darbelere dayan\u0131kl\u0131. Ah\u015fap, metal, ka\u011f\u0131t, tekstil ve boyanabilir plastik y\u00fczeylere uygulanabilir. S\u0131va, beton ve ta\u015f \u00fczerine yap\u0131lacak i\u015faretlemeler i\u00e7in uygundur. [\/vc_column_text][\/vc_column][\/vc_row][vc_row][vc_column][vc_column_text] Carat&hellip;<\/p>\n","protected":false},"author":1,"featured_media":3991,"parent":0,"menu_order":0,"comment_status":"closed","ping_status":"closed","template":"","meta":[],"acf":[],"_links":{"self":[{"href":"http:\/\/aksuboya.com.tr\/index.php?rest_route=\/wp\/v2\/pages\/4508"}],"collection":[{"href":"http:\/\/aksuboya.com.tr\/index.php?rest_route=\/wp\/v2\/pages"}],"about":[{"href":"http:\/\/aksuboya.com.tr\/index.php?rest_route=\/wp\/v2\/types\/page"}],"author":[{"embeddable":true,"href":"http:\/\/aksuboya.com.tr\/index.php?rest_route=\/wp\/v2\/users\/1"}],"replies":[{"embeddable":true,"href":"http:\/\/aksuboya.com.tr\/index.php?rest_route=%2Fwp%2Fv2%2Fcomments&post=4508"}],"version-history":[{"count":4,"href":"http:\/\/aksuboya.com.tr\/index.php?rest_route=\/wp\/v2\/pages\/4508\/revisions"}],"predecessor-version":[{"id":4612,"href":"http:\/\/aksuboya.com.tr\/index.php?rest_route=\/wp\/v2\/pages\/4508\/revisions\/4612"}],"wp:featuredmedia":[{"embeddable":true,"href":"http:\/\/aksuboya.com.tr\/index.php?rest_route=\/wp\/v2\/media\/3991"}],"wp:attachment":[{"href":"http:\/\/aksuboya.com.tr\/index.php?rest_route=%2Fwp%2Fv2%2Fmedia&parent=4508"}],"curies":[{"name":"wp","href":"https:\/\/api.w.org\/{rel}","templated":true}]}}