{"id":4621,"date":"2023-06-14T19:24:19","date_gmt":"2023-06-14T19:24:19","guid":{"rendered":"http:\/\/aksuboya.com.tr\/?page_id=4621"},"modified":"2023-06-14T20:20:19","modified_gmt":"2023-06-14T20:20:19","slug":"permosil-silikonlu-ic-cephe-boyasi","status":"publish","type":"page","link":"http:\/\/aksuboya.com.tr\/?page_id=4621","title":{"rendered":"Permosil Silikonlu \u0130\u00e7 Cephe Boyas\u0131"},"content":{"rendered":"<div class=\"wpb-content-wrapper\"><p>[vc_row][vc_column width=&#8221;1\/4&#8243;][vc_column_text][\/vc_column_text][\/vc_column][vc_column width=&#8221;1\/2&#8243;][\/vc_column][vc_column width=&#8221;1\/4&#8243;][\/vc_column][\/vc_row][vc_row][vc_column width=&#8221;1\/2&#8243;][vc_single_image image=&#8221;3943&#8243; img_size=&#8221;medium&#8221; add_caption=&#8221;yes&#8221; alignment=&#8221;center&#8221;][\/vc_column][vc_column width=&#8221;1\/2&#8243;][vc_column_text]<\/p>\r\n<h2>Permosil Silikonlu \u0130\u00e7 Cephe Boyas\u0131<\/h2>\r\n<ul>\r\n<li class=\"bullet-checkmark\">Silikonlu<\/li>\r\n<li class=\"bullet-checkmark\">Uygulanmas\u0131 kolay<\/li>\r\n<li class=\"bullet-checkmark\">Silinebilir<\/li>\r\n<li class=\"bullet-checkmark\">F\u0131r\u00e7a ve rulo izi g\u00f6stermez<\/li>\r\n<li class=\"bullet-checkmark\">Y\u00fcksek \u00f6rt\u00fcc\u00fcl\u00fck<\/li>\r\n<\/ul>\r\n<p>[\/vc_column_text][\/vc_column][\/vc_row][vc_row][vc_column][vc_column_text]<\/p>\r\n<h2>Permosil Silikonlu \u0130\u00e7 Cephe Boyas\u0131<\/h2>\r\n<p>Permosil silikonlu i\u00e7 cephe boyas\u0131 5808\u2019e uygundur.<\/p>\r\n<div class=\"product-description\">Permosil Silikonlu \u0130\u00e7 Cephe Boyas\u0131; su bazl\u0131, akrilik kopolimer em\u00fclsiyon esasl\u0131, silikon katk\u0131l\u0131, dekoratif, mat, silinebilir, son kat i\u00e7 cephe boyas\u0131d\u0131r. Boya \u00f6ncesi haz\u0131rl\u0131klar\u0131 tamamlanm\u0131\u015f her t\u00fcrl\u00fc i\u00e7 cephe yap\u0131 elemanlar\u0131 \u00fczerine uygulanabilir. Yap\u0131s\u0131ndaki silikon ve \u00f6zel katk\u0131 maddeleri sayesinde su itici \u00f6zelli\u011fi ve y\u00fcksek buhar ge\u00e7irgenli\u011fi g\u00f6sterdi\u011finden duvar\u0131n nefes almas\u0131n\u0131 sa\u011flar ve rutubetli ortamlarda g\u00fcvenle kullan\u0131l\u0131r. Her t\u00fcrl\u00fc y\u00fczeye m\u00fckemmel yap\u0131\u015f\u0131r, \u00f6rt\u00fcc\u00fcl\u00fck g\u00fcc\u00fc y\u00fcksektir, \u00e7atlama kabarma ve d\u00f6k\u00fclme yapmaz. Uyguland\u0131\u011f\u0131 y\u00fczeylere mat dekoratif bir g\u00f6r\u00fcn\u00fcm kazand\u0131r\u0131r. Uygulamas\u0131 \u00e7ok kolay olup f\u0131r\u00e7a ve rulo izi g\u00f6stermez, s\u0131va hatalar\u0131n\u0131 gizler. Kokusuz, sararmayan bir boyad\u0131r.<\/div>\r\n<div>\r\n<h3><strong>Permosil Silikonlu \u0130\u00e7 Cephe Boyas\u0131 Teknik \u00d6zellikleri<\/strong><\/h3>\r\n<p>G\u00f6r\u00fcn\u00fcm : Mat, d\u00fcz g\u00f6r\u00fcn\u00fcml\u00fc, i\u00e7 cephe boyas\u0131.<br \/>Renk :\u00a0Kartela renkleri<br \/>Viskozite : 126 \u00b1 5 KU\/25oC<br \/>Yo\u011funluk : 1.58 \u00b1 0,15 gr\/cm3 ( renge g\u00f6re de\u011fi\u015fir. )<br \/>Kat\u0131 Madde : 65 \u00b1 2 (120oC 30 dak)<br \/>pH : 8,5 \u00b1 1<br \/>Sarfiyat Miktar\u0131 : Y\u00fczey \u015fartlar\u0131na ba\u011fl\u0131 olarak tek katta 7 \u2013 9 m2\/kg (11 \u2013 15 m2\/L)<br \/>Kesin sarfiyat i\u00e7in kontroll\u00fc numune \u00e7al\u0131\u015fmas\u0131 tavsiye edilir.<br \/>Kuruma S\u00fcresi : Dokunma kurumas\u0131 30 dak<br \/>(23oC 50% HR) Tam kuruma 24 saat<br \/>Katlar aras\u0131 bekleme s\u00fcresi 4 \u2013 6 saat<br \/>Parlama Noktas\u0131 : \u2013 (Parlamaz)<br \/>Ambalaj \u015eekli : 20 kg (12.2 L) \u2013 10 kg (6.1 L) \u2013 3.5 kg (2.1 L) \u2013 1 kg (0.6 L).<\/p>\r\n<\/div>\r\n<p>&nbsp;<\/p>\r\n<p>[\/vc_column_text][\/vc_column][\/vc_row]<\/p><\/div>","protected":false},"excerpt":{"rendered":"<p>[vc_row][vc_column width=&#8221;1\/4&#8243;][vc_column_text][\/vc_column_text][\/vc_column][vc_column width=&#8221;1\/2&#8243;][\/vc_column][vc_column width=&#8221;1\/4&#8243;][\/vc_column][\/vc_row][vc_row][vc_column width=&#8221;1\/2&#8243;][vc_single_image image=&#8221;3943&#8243; img_size=&#8221;medium&#8221; add_caption=&#8221;yes&#8221; alignment=&#8221;center&#8221;][\/vc_column][vc_column width=&#8221;1\/2&#8243;][vc_column_text] Permosil Silikonlu \u0130\u00e7 Cephe Boyas\u0131 Silikonlu Uygulanmas\u0131 kolay Silinebilir F\u0131r\u00e7a ve rulo izi g\u00f6stermez Y\u00fcksek \u00f6rt\u00fcc\u00fcl\u00fck [\/vc_column_text][\/vc_column][\/vc_row][vc_row][vc_column][vc_column_text] Permosil Silikonlu \u0130\u00e7 Cephe Boyas\u0131 Permosil silikonlu i\u00e7 cephe boyas\u0131 5808\u2019e uygundur. Permosil Silikonlu \u0130\u00e7 Cephe Boyas\u0131; su bazl\u0131, akrilik kopolimer em\u00fclsiyon esasl\u0131, silikon katk\u0131l\u0131, dekoratif, mat, silinebilir,&hellip;<\/p>\n","protected":false},"author":1,"featured_media":3991,"parent":0,"menu_order":0,"comment_status":"closed","ping_status":"closed","template":"","meta":[],"acf":[],"_links":{"self":[{"href":"http:\/\/aksuboya.com.tr\/index.php?rest_route=\/wp\/v2\/pages\/4621"}],"collection":[{"href":"http:\/\/aksuboya.com.tr\/index.php?rest_route=\/wp\/v2\/pages"}],"about":[{"href":"http:\/\/aksuboya.com.tr\/index.php?rest_route=\/wp\/v2\/types\/page"}],"author":[{"embeddable":true,"href":"http:\/\/aksuboya.com.tr\/index.php?rest_route=\/wp\/v2\/users\/1"}],"replies":[{"embeddable":true,"href":"http:\/\/aksuboya.com.tr\/index.php?rest_route=%2Fwp%2Fv2%2Fcomments&post=4621"}],"version-history":[{"count":5,"href":"http:\/\/aksuboya.com.tr\/index.php?rest_route=\/wp\/v2\/pages\/4621\/revisions"}],"predecessor-version":[{"id":4629,"href":"http:\/\/aksuboya.com.tr\/index.php?rest_route=\/wp\/v2\/pages\/4621\/revisions\/4629"}],"wp:featuredmedia":[{"embeddable":true,"href":"http:\/\/aksuboya.com.tr\/index.php?rest_route=\/wp\/v2\/media\/3991"}],"wp:attachment":[{"href":"http:\/\/aksuboya.com.tr\/index.php?rest_route=%2Fwp%2Fv2%2Fmedia&parent=4621"}],"curies":[{"name":"wp","href":"https:\/\/api.w.org\/{rel}","templated":true}]}}