{"id":4671,"date":"2023-06-14T22:04:23","date_gmt":"2023-06-14T22:04:23","guid":{"rendered":"http:\/\/aksuboya.com.tr\/?page_id=4671"},"modified":"2023-06-14T22:08:44","modified_gmt":"2023-06-14T22:08:44","slug":"duvart-sedef-dekoratif-duvar-boyasi","status":"publish","type":"page","link":"http:\/\/aksuboya.com.tr\/?page_id=4671","title":{"rendered":"Duvart Sedef Dekoratif Duvar Boyas\u0131"},"content":{"rendered":"<div class=\"wpb-content-wrapper\"><p>[vc_row][vc_column][vc_column_text][\/vc_column_text][\/vc_column][\/vc_row][vc_row][vc_column width=&#8221;1\/2&#8243;][vc_single_image image=&#8221;3949&#8243; img_size=&#8221;medium&#8221; alignment=&#8221;center&#8221;][\/vc_column][vc_column width=&#8221;1\/2&#8243;][vc_column_text]<\/p>\r\n<h2>Duvart Sedef Dekoratif Duvar Boyas\u0131<\/h2>\r\n<ul>\r\n<li class=\"bullet-checkmark\">\u0130nci zarafeti verir<\/li>\r\n<li class=\"bullet-checkmark\">Fark yarat\u0131r<\/li>\r\n<li class=\"bullet-checkmark\">Tam silinebilir<\/li>\r\n<li class=\"bullet-checkmark\">Nefes alabilir<\/li>\r\n<li class=\"bullet-checkmark\">Renklendirilebilir<\/li>\r\n<\/ul>\r\n<p>[\/vc_column_text][\/vc_column][\/vc_row][vc_row][vc_column][vc_column_text]<\/p>\r\n<h2>Duvart Sedef Dekoratif Duvar Boyas\u0131<\/h2>\r\n<div class=\"product-description\">Duvart Sedef Dekoratif Duvar Boyas\u0131, su bazl\u0131, akrilik em\u00fclsiyon esasl\u0131, ipek mat, sedef g\u00f6r\u00fcn\u00fcml\u00fc, tam silinebilen, y\u00fczeylere inci dokusu kazand\u0131ran, dekoratif son kat i\u00e7 cephe boyas\u0131d\u0131r. Sedef boya uygulamas\u0131 yap\u0131lacak y\u00fczeyler d\u00fczg\u00fcn, sa\u011flam, kuru ve kendini ta\u015f\u0131yabilen y\u00fczeyler olmal\u0131d\u0131r. Y\u00fczeyler mutlaka macun ile kaplanmal\u0131d\u0131r. I\u015f\u0131\u011f\u0131n i\u00e7lerinde farkl\u0131 yans\u0131d\u0131\u011f\u0131 tabakalar\u0131n yaratt\u0131\u011f\u0131 sedef etkisi ile uyguland\u0131\u011f\u0131 y\u00fczeye inci zarafeti kazand\u0131r\u0131r. Duvart Sedef Dekoratif Duvar Boyas\u0131 farkl\u0131 uygulama y\u00f6ntemleri ile sedef g\u00f6r\u00fcn\u00fcml\u00fc desenler elde edilebilir. Kartela renkleri haricinde, alt\u0131n ve g\u00fcm\u00fc\u015f olarak 2 baz\u0131 mevcuttur.\u00a0Permokolor renk t\u00fcpleri\u00a0veya renklendirme makinesi ile s\u0131n\u0131rs\u0131z say\u0131da renk elde edilebilir.<\/div>\r\n<div>\r\n<h3><strong>Duvart Sedef Dekoratif Duvar Boyas\u0131 Teknik \u00d6zellikleri<\/strong><\/h3>\r\n<p>G\u00f6r\u00fcn\u00fcm : Yar\u0131 mat, dekoratif g\u00f6r\u00fcn\u00fcml\u00fc, i\u00e7 cephe boyas\u0131.<br \/>Renk :\u00a0G\u00fcm\u00fc\u015f, Alt\u0131n<br \/>Viskozite : 104 \u00b1 5 KU\/25oC<br \/>Yo\u011funluk : 1.07 \u00b1 0,02 gr\/cm3<br \/>Kat\u0131 Madde : 39 \u00b1 2 (120oC 30 dak)<br \/>pH : 8,5 \u00b1 1<br \/>Sarfiyat Miktar\u0131 : Y\u00fczey \u015fartlar\u0131na ve elde edilmek istenen dekoratif g\u00f6r\u00fcn\u00fcme g\u00f6re<br \/>de\u011fi\u015fkendir. Tek katta 15 \u2013 22 m2\/L alan boyanabilir.<br \/>Kesin sarfiyat i\u00e7in kontroll\u00fc numune \u00e7al\u0131\u015fmas\u0131 tavsiye edilir.<br \/>Kuruma S\u00fcresi : Dokunma kurumas\u0131 30 dak<br \/>(23oC 50% HR) Tam kuruma 24 saat<br \/>Katlar aras\u0131 bekleme s\u00fcresi 6 saat<br \/>Parlama Noktas\u0131 : \u2013 (Parlamaz)<br \/>Ambalaj \u015eekli : 15 L \u2013 2.5 L \u2013 0.75 L.<\/p>\r\n<\/div>\r\n<p>[\/vc_column_text][\/vc_column][\/vc_row]<\/p><\/div>","protected":false},"excerpt":{"rendered":"<p>[vc_row][vc_column][vc_column_text][\/vc_column_text][\/vc_column][\/vc_row][vc_row][vc_column width=&#8221;1\/2&#8243;][vc_single_image image=&#8221;3949&#8243; img_size=&#8221;medium&#8221; alignment=&#8221;center&#8221;][\/vc_column][vc_column width=&#8221;1\/2&#8243;][vc_column_text] Duvart Sedef Dekoratif Duvar Boyas\u0131 \u0130nci zarafeti verir Fark yarat\u0131r Tam silinebilir Nefes alabilir Renklendirilebilir [\/vc_column_text][\/vc_column][\/vc_row][vc_row][vc_column][vc_column_text] Duvart Sedef Dekoratif Duvar Boyas\u0131 Duvart Sedef Dekoratif Duvar Boyas\u0131, su bazl\u0131, akrilik em\u00fclsiyon esasl\u0131, ipek mat, sedef g\u00f6r\u00fcn\u00fcml\u00fc, tam silinebilen, y\u00fczeylere inci dokusu kazand\u0131ran, dekoratif son kat i\u00e7 cephe boyas\u0131d\u0131r. Sedef boya&hellip;<\/p>\n","protected":false},"author":1,"featured_media":3991,"parent":0,"menu_order":0,"comment_status":"closed","ping_status":"closed","template":"","meta":[],"acf":[],"_links":{"self":[{"href":"http:\/\/aksuboya.com.tr\/index.php?rest_route=\/wp\/v2\/pages\/4671"}],"collection":[{"href":"http:\/\/aksuboya.com.tr\/index.php?rest_route=\/wp\/v2\/pages"}],"about":[{"href":"http:\/\/aksuboya.com.tr\/index.php?rest_route=\/wp\/v2\/types\/page"}],"author":[{"embeddable":true,"href":"http:\/\/aksuboya.com.tr\/index.php?rest_route=\/wp\/v2\/users\/1"}],"replies":[{"embeddable":true,"href":"http:\/\/aksuboya.com.tr\/index.php?rest_route=%2Fwp%2Fv2%2Fcomments&post=4671"}],"version-history":[{"count":3,"href":"http:\/\/aksuboya.com.tr\/index.php?rest_route=\/wp\/v2\/pages\/4671\/revisions"}],"predecessor-version":[{"id":4674,"href":"http:\/\/aksuboya.com.tr\/index.php?rest_route=\/wp\/v2\/pages\/4671\/revisions\/4674"}],"wp:featuredmedia":[{"embeddable":true,"href":"http:\/\/aksuboya.com.tr\/index.php?rest_route=\/wp\/v2\/media\/3991"}],"wp:attachment":[{"href":"http:\/\/aksuboya.com.tr\/index.php?rest_route=%2Fwp%2Fv2%2Fmedia&parent=4671"}],"curies":[{"name":"wp","href":"https:\/\/api.w.org\/{rel}","templated":true}]}}