{"id":4700,"date":"2023-06-15T09:20:25","date_gmt":"2023-06-15T09:20:25","guid":{"rendered":"http:\/\/aksuboya.com.tr\/?page_id=4700"},"modified":"2023-06-15T09:24:03","modified_gmt":"2023-06-15T09:24:03","slug":"permokot-kaucuk-texture-dis-cephe-kaplamasi","status":"publish","type":"page","link":"http:\/\/aksuboya.com.tr\/?page_id=4700","title":{"rendered":"Permokot Kau\u00e7uk Texture D\u0131\u015f Cephe Kaplamas\u0131"},"content":{"rendered":"<div class=\"wpb-content-wrapper\"><p>[vc_row][vc_column][vc_column_text][\/vc_column_text][\/vc_column][\/vc_row][vc_row][vc_column width=&#8221;1\/2&#8243;][vc_single_image image=&#8221;4203&#8243; img_size=&#8221;medium&#8221; add_caption=&#8221;yes&#8221; alignment=&#8221;center&#8221;][\/vc_column][vc_column width=&#8221;1\/2&#8243;][vc_column_text]<\/p>\r\n<h2>Permokot Kau\u00e7uk Texture D\u0131\u015f Cephe Kaplamas\u0131<\/h2>\r\n<ul>\r\n<li class=\"bullet-checkmark\">Uzun \u00f6m\u00fcrl\u00fc<\/li>\r\n<li class=\"bullet-checkmark\">Tutuculu\u011fu y\u00fcksektir<\/li>\r\n<li class=\"bullet-checkmark\">Esnek g\u00fcc\u00fc m\u00fckemmeldir<\/li>\r\n<li class=\"bullet-checkmark\">Kolay uygulanabilir<\/li>\r\n<li class=\"bullet-checkmark\">Nefes alabilen<\/li>\r\n<\/ul>\r\n<p>[\/vc_column_text][\/vc_column][\/vc_row][vc_row][vc_column width=&#8221;2\/3&#8243;][vc_column_text]<\/p>\r\n<h2>Permokot Kau\u00e7uk Texture D\u0131\u015f Cephe Kaplamas\u0131<\/h2>\r\n<div class=\"product-description\">Permokot kau\u00e7uk texture d\u0131\u015f cephe kaplamas\u0131, su bazl\u0131 modifiye kau\u00e7uk takviyeli, akrilik kopolimer em\u00fclsiyon esasl\u0131, dekoratif, son kat, elastik, texture d\u0131\u015f cephe kaplamas\u0131. Boya \u00f6ncesi haz\u0131rl\u0131klar\u0131 tamamlanm\u0131\u015f her t\u00fcrl\u00fc d\u0131\u015f cephe yap\u0131 elemanlar\u0131 \u00fczerine ve dekoratif ama\u00e7l\u0131 i\u00e7 cephe y\u00fczeylere, ah\u015fap ve metal \u00fczerine uygulanabilir. Yar\u0131 mat g\u00f6r\u00fcn\u00fcml\u00fc, dekoratif \u00f6zelli\u011fi bulunan Permokot\u2019un y\u00fczeye yap\u0131\u015fma ve esneme g\u00fcc\u00fc m\u00fckemmeldir. Kaplama \u015feklinde uyguland\u0131\u011f\u0131nda %400 oran\u0131nda esneyerek zemindeki deformasyonu, k\u0131lcal \u00e7atlaklar\u0131 tamamen gizler. \u00c7izilmez, darbelere kar\u015f\u0131 dayan\u0131kl\u0131d\u0131r. Se\u00e7ilen rulo tipine g\u00f6re istenilen desenli g\u00f6r\u00fcn\u00fcm\u00fc elde etmek m\u00fcmk\u00fcnd\u00fcr. \u00d6rt\u00fcc\u00fcl\u00fck g\u00fcc\u00fc y\u00fcksektir. Kir ve tozu \u00fczerinde tutmayan ya\u011fmur suyuyla kendili\u011finden temizlenebilen bir yap\u0131ya sahiptir. \u0130stenildi\u011finde su, sabun veya deterjan ile y\u0131kanabilir. A\u011f\u0131r end\u00fcstriyel \u015fartlara, asit ya\u011fmurlar\u0131na ve g\u00fcne\u015fin zararl\u0131 UV \u0131\u015f\u0131nlar\u0131na kar\u015f\u0131 direnci m\u00fckemmeldir. S\u00fcrt\u00fcnme direnci \u00e7ok y\u00fcksektir. Kokusuz, su bazl\u0131, yan\u0131c\u0131 ve parlay\u0131c\u0131 olmayan s\u0131v\u0131 kaplama malzemesidir.<\/div>\r\n<h3>Permokot Kau\u00e7uk Texture D\u0131\u015f Cephe Kaplamas\u0131 Teknik \u00d6zellikleri<\/h3>\r\n<div>G\u00f6r\u00fcn\u00fcm : Yar\u0131 mat, texture g\u00f6r\u00fcn\u00fcml\u00fc d\u0131\u015f \u2013 (i\u00e7) cephe kaplamas\u0131.<br \/>Renk :\u00a0Kartela renkleri<br \/>Viskozite : 170 \u00b1 10 KU\/25oC (Tiksotropik)<br \/>Yo\u011funluk : 1.38 \u00b1 0,15 gr\/cm3 (renge g\u00f6re de\u011fi\u015fir.)<br \/>Kat\u0131 Madde : 64 \u00b1 2 (120oC 30 dak)<br \/>pH : 8,5 \u00b1 1<br \/>Sarfiyat Miktar\u0131 : \u0130stenen desene ve kullan\u0131lan ruloya ba\u011fl\u0131 olarak<br \/>Tek katta kaplama 0,8 \u2013 1,1 kg\/m2<br \/>Tek katta boya 0.3 \u2013 0.35 L\/m2 (360 \u2013 420 gr\/m2)<br \/>Kesin sarfiyat i\u00e7in kontroll\u00fc numune \u00e7al\u0131\u015fmas\u0131 tavsiye edilir.<br \/>Kuruma S\u00fcresi : Dokunma kurumas\u0131 1 \u2013 2 saat<br \/>(23oC 50% HR) Tam kuruma 24 saat<br \/>Tam sertle\u015fme 7 g\u00fcn<br \/>Parlama Noktas\u0131 : \u2013 (Parlamaz)<br \/>Ambalaj \u015eekli : 20 kg (14 L).<\/div>\r\n<p>[\/vc_column_text][\/vc_column][vc_column width=&#8221;1\/3&#8243;][\/vc_column][\/vc_row]<\/p><\/div>","protected":false},"excerpt":{"rendered":"<p>[vc_row][vc_column][vc_column_text][\/vc_column_text][\/vc_column][\/vc_row][vc_row][vc_column width=&#8221;1\/2&#8243;][vc_single_image image=&#8221;4203&#8243; img_size=&#8221;medium&#8221; add_caption=&#8221;yes&#8221; alignment=&#8221;center&#8221;][\/vc_column][vc_column width=&#8221;1\/2&#8243;][vc_column_text] Permokot Kau\u00e7uk Texture D\u0131\u015f Cephe Kaplamas\u0131 Uzun \u00f6m\u00fcrl\u00fc Tutuculu\u011fu y\u00fcksektir Esnek g\u00fcc\u00fc m\u00fckemmeldir Kolay uygulanabilir Nefes alabilen [\/vc_column_text][\/vc_column][\/vc_row][vc_row][vc_column width=&#8221;2\/3&#8243;][vc_column_text] Permokot Kau\u00e7uk Texture D\u0131\u015f Cephe Kaplamas\u0131 Permokot kau\u00e7uk texture d\u0131\u015f cephe kaplamas\u0131, su bazl\u0131 modifiye kau\u00e7uk takviyeli, akrilik kopolimer em\u00fclsiyon esasl\u0131, dekoratif, son kat, elastik, texture d\u0131\u015f cephe kaplamas\u0131.&hellip;<\/p>\n","protected":false},"author":1,"featured_media":3991,"parent":0,"menu_order":0,"comment_status":"closed","ping_status":"closed","template":"","meta":[],"acf":[],"_links":{"self":[{"href":"http:\/\/aksuboya.com.tr\/index.php?rest_route=\/wp\/v2\/pages\/4700"}],"collection":[{"href":"http:\/\/aksuboya.com.tr\/index.php?rest_route=\/wp\/v2\/pages"}],"about":[{"href":"http:\/\/aksuboya.com.tr\/index.php?rest_route=\/wp\/v2\/types\/page"}],"author":[{"embeddable":true,"href":"http:\/\/aksuboya.com.tr\/index.php?rest_route=\/wp\/v2\/users\/1"}],"replies":[{"embeddable":true,"href":"http:\/\/aksuboya.com.tr\/index.php?rest_route=%2Fwp%2Fv2%2Fcomments&post=4700"}],"version-history":[{"count":3,"href":"http:\/\/aksuboya.com.tr\/index.php?rest_route=\/wp\/v2\/pages\/4700\/revisions"}],"predecessor-version":[{"id":4703,"href":"http:\/\/aksuboya.com.tr\/index.php?rest_route=\/wp\/v2\/pages\/4700\/revisions\/4703"}],"wp:featuredmedia":[{"embeddable":true,"href":"http:\/\/aksuboya.com.tr\/index.php?rest_route=\/wp\/v2\/media\/3991"}],"wp:attachment":[{"href":"http:\/\/aksuboya.com.tr\/index.php?rest_route=%2Fwp%2Fv2%2Fmedia&parent=4700"}],"curies":[{"name":"wp","href":"https:\/\/api.w.org\/{rel}","templated":true}]}}