{"id":4707,"date":"2023-06-15T09:26:33","date_gmt":"2023-06-15T09:26:33","guid":{"rendered":"http:\/\/aksuboya.com.tr\/?page_id=4707"},"modified":"2023-06-15T09:33:26","modified_gmt":"2023-06-15T09:33:26","slug":"perulo-akrilik-texture-dis-cephe-kaplamasi","status":"publish","type":"page","link":"http:\/\/aksuboya.com.tr\/?page_id=4707","title":{"rendered":"Perulo Akrilik Texture D\u0131\u015f Cephe Kaplamas\u0131"},"content":{"rendered":"<div class=\"wpb-content-wrapper\"><p>[vc_row][vc_column][vc_column_text][\/vc_column_text][\/vc_column][\/vc_row][vc_row][vc_column width=&#8221;1\/2&#8243;][vc_single_image image=&#8221;3967&#8243; img_size=&#8221;medium&#8221; add_caption=&#8221;yes&#8221; alignment=&#8221;center&#8221;][\/vc_column][vc_column width=&#8221;1\/2&#8243;][vc_column_text]<\/p>\r\n<h2>\u00a0<\/h2>\r\n<h2>\u00a0<\/h2>\r\n<h2>Perulo Akrilik Texture D\u0131\u015f Cephe Kaplamas\u0131<\/h2>\r\n<ul>\r\n<li class=\"bullet-checkmark\">M\u00fckemmel silikonlu form\u00fcl\u00fc satesinde, duvardaki nemi d\u0131\u015far\u0131 atar ve y\u00fczeylerin nefes almas\u0131n\u0131 sa\u011flar.<\/li>\r\n<li class=\"bullet-checkmark\">Su bazl\u0131, texture desenli, silikon katk\u0131l\u0131, mat d\u0131\u015f cephe kaplamas\u0131d\u0131r.<\/li>\r\n<\/ul>\r\n<p>[\/vc_column_text][\/vc_column][\/vc_row][vc_row][vc_column width=&#8221;2\/3&#8243;][vc_column_text]<\/p>\r\n<h2>Perulo Akrilik Texture D\u0131\u015f Cephe Kaplamas\u0131<\/h2>\r\n<p>Perulo akrilik texture d\u0131\u015f cephe kaplamas\u0131 7847\u2019e uygundur.<\/p>\r\n<div class=\"product-description\">\r\n<p>Permolit Perulo Akrilik Texture, her t\u00fcrl\u00fc s\u0131va, macun, beton, betopan, br\u00fct beton, gaz beton, al\u00e7\u0131, ta\u015f, tu\u011fla ve benzeri mineral esasl\u0131 y\u00fczeyler ile \u0131s\u0131 yal\u0131t\u0131m sistemleri ve dekoratif ama\u00e7l\u0131 i\u00e7 cephe yap\u0131 elemanlar\u0131 \u00fczerine uygulanabilir.\u00a0\u00dcst\u00fcn form\u00fcl\u00fc sayesinde, duvardaki nemin d\u0131\u015far\u0131 at\u0131lmas\u0131n\u0131 sa\u011flarken, \u015fiddetli ya\u011f\u0131\u015flara ve nemli ortamlarda hatta deniz k\u0131y\u0131s\u0131na yak\u0131n yerlerde tuzlu su ve su buhar\u0131n\u0131n zararl\u0131 etkilerine kar\u015f\u0131 y\u00fczeylerde m\u00fckemmel koruma sa\u011flar. G\u00fcne\u015f \u0131\u015f\u0131nlar\u0131na, s\u00fcrt\u00fcnme ve darbelere kar\u015f\u0131 dayan\u0131m\u0131 m\u00fckemmeldir. Her t\u00fcr \u0131s\u0131 yal\u0131t\u0131m sistemleri \u00fczerine tatbik edilebilir. Se\u00e7ilen rulo tipine g\u00f6re istenilen desenli g\u00f6r\u00fcn\u00fcm\u00fc elde etmek m\u00fcmk\u00fcnd\u00fcr. \u00c7ok az suyla inceltilerek f\u0131r\u00e7a ile d\u00fcz grenli boya g\u00f6r\u00fcn\u00fcm\u00fc de elde edilebilir. Texture yap\u0131s\u0131yla tatbik edildi\u011fi y\u00fczeydeki k\u0131lcal \u00e7atlaklar\u0131 ve s\u0131va hatalar\u0131n\u0131 gizler. Kokusuz, su bazl\u0131, yan\u0131c\u0131 ve parlay\u0131c\u0131 olmayan kaplama malzemesidir.<\/p>\r\n<\/div>\r\n<h2>Perulo Akrilik Texture D\u0131\u015f Cephe Kaplamas\u0131 Teknik \u00d6zellikleri<\/h2>\r\n<div>G\u00f6r\u00fcn\u00fcm : Mat, tekst\u00fcr g\u00f6r\u00fcn\u00fcml\u00fc, d\u0131\u015f \u2013 (i\u00e7) cephe kaplamas\u0131.<\/div>\r\n<div>Renk :\u00a0Kartela renkleri<br \/>Viskozite : 180 \u00b1 10 KU\/25oC (ince di\u015f) (Tiksotropik)<br \/>195 \u00b1 10 KU\/25oC (kal\u0131n di\u015f) (Tiksotropik)<br \/>Yo\u011funluk : 1,75 \u00b1 0,15 gr\/cm3 (renge g\u00f6re de\u011fi\u015fir.)<br \/>Kat\u0131 Madde : 76 \u00b1 2 (120oC 30 dak)<br \/>pH : 8,5 \u00b1 1<br \/>Sarfiyat Miktar\u0131 : \u0130stenen desene ve kullan\u0131lan ruloya ba\u011fl\u0131 olarak 1.0 \u2013 1.3 kg\/m2, (1.3 \u2013 1.7 m2 \/L)<br \/>Kesin sarfiyat i\u00e7in kontroll\u00fc numune \u00e7al\u0131\u015fmas\u0131 tavsiye edilir.<br \/>Kuruma S\u00fcresi : Dokunma kurumas\u0131 1 \u2013 2 saat<br \/>(23oC 50% HR) Tam kuruma 24 saat<br \/>Tam serle\u015fme 7 g\u00fcn<br \/>Parlama Noktas\u0131 : Parlamaz<br \/>Ambalaj \u015eekli : 25 kg (13.8 L)<\/div>\r\n<p>[\/vc_column_text][\/vc_column][vc_column width=&#8221;1\/3&#8243;][\/vc_column][\/vc_row]<\/p><\/div>","protected":false},"excerpt":{"rendered":"<p>[vc_row][vc_column][vc_column_text][\/vc_column_text][\/vc_column][\/vc_row][vc_row][vc_column width=&#8221;1\/2&#8243;][vc_single_image image=&#8221;3967&#8243; img_size=&#8221;medium&#8221; add_caption=&#8221;yes&#8221; alignment=&#8221;center&#8221;][\/vc_column][vc_column width=&#8221;1\/2&#8243;][vc_column_text] \u00a0 \u00a0 Perulo Akrilik Texture D\u0131\u015f Cephe Kaplamas\u0131 M\u00fckemmel silikonlu form\u00fcl\u00fc satesinde, duvardaki nemi d\u0131\u015far\u0131 atar ve y\u00fczeylerin nefes almas\u0131n\u0131 sa\u011flar. Su bazl\u0131, texture desenli, silikon katk\u0131l\u0131, mat d\u0131\u015f cephe kaplamas\u0131d\u0131r. [\/vc_column_text][\/vc_column][\/vc_row][vc_row][vc_column width=&#8221;2\/3&#8243;][vc_column_text] Perulo Akrilik Texture D\u0131\u015f Cephe Kaplamas\u0131 Perulo akrilik texture d\u0131\u015f cephe kaplamas\u0131 7847\u2019e uygundur. Permolit&hellip;<\/p>\n","protected":false},"author":1,"featured_media":3991,"parent":0,"menu_order":0,"comment_status":"closed","ping_status":"closed","template":"","meta":[],"acf":[],"_links":{"self":[{"href":"http:\/\/aksuboya.com.tr\/index.php?rest_route=\/wp\/v2\/pages\/4707"}],"collection":[{"href":"http:\/\/aksuboya.com.tr\/index.php?rest_route=\/wp\/v2\/pages"}],"about":[{"href":"http:\/\/aksuboya.com.tr\/index.php?rest_route=\/wp\/v2\/types\/page"}],"author":[{"embeddable":true,"href":"http:\/\/aksuboya.com.tr\/index.php?rest_route=\/wp\/v2\/users\/1"}],"replies":[{"embeddable":true,"href":"http:\/\/aksuboya.com.tr\/index.php?rest_route=%2Fwp%2Fv2%2Fcomments&post=4707"}],"version-history":[{"count":6,"href":"http:\/\/aksuboya.com.tr\/index.php?rest_route=\/wp\/v2\/pages\/4707\/revisions"}],"predecessor-version":[{"id":4713,"href":"http:\/\/aksuboya.com.tr\/index.php?rest_route=\/wp\/v2\/pages\/4707\/revisions\/4713"}],"wp:featuredmedia":[{"embeddable":true,"href":"http:\/\/aksuboya.com.tr\/index.php?rest_route=\/wp\/v2\/media\/3991"}],"wp:attachment":[{"href":"http:\/\/aksuboya.com.tr\/index.php?rest_route=%2Fwp%2Fv2%2Fmedia&parent=4707"}],"curies":[{"name":"wp","href":"https:\/\/api.w.org\/{rel}","templated":true}]}}