{"id":4725,"date":"2023-06-15T10:27:10","date_gmt":"2023-06-15T10:27:10","guid":{"rendered":"http:\/\/aksuboya.com.tr\/?page_id=4725"},"modified":"2023-06-15T10:38:54","modified_gmt":"2023-06-15T10:38:54","slug":"permolit-antibakteriyel-super-tavan-boyasi","status":"publish","type":"page","link":"http:\/\/aksuboya.com.tr\/?page_id=4725","title":{"rendered":"Permolit Antibakteriyel S\u00fcper Tavan Boyas\u0131"},"content":{"rendered":"<div class=\"wpb-content-wrapper\"><p>[vc_row][vc_column][vc_column_text][\/vc_column_text][\/vc_column][\/vc_row][vc_row][vc_column width=&#8221;1\/2&#8243;][vc_single_image image=&#8221;4728&#8243; img_size=&#8221;medium&#8221; add_caption=&#8221;yes&#8221; alignment=&#8221;center&#8221;][\/vc_column][vc_column width=&#8221;1\/2&#8243;][vc_column_text]<\/p>\r\n<h2>Permolit Antibakteriyel S\u00fcper Tavan Boyas\u0131<\/h2>\r\n<ul>\r\n<li class=\"bullet-checkmark\">Profesyonel<\/li>\r\n<li class=\"bullet-checkmark\">Antibakteriyel<\/li>\r\n<li class=\"bullet-checkmark\">Nefes alan y\u00fczeyler<\/li>\r\n<li class=\"bullet-checkmark\">Kolay uygulama<\/li>\r\n<li class=\"bullet-checkmark\">M\u00fckemmel \u00f6rt\u00fcc\u00fcl\u00fck<\/li>\r\n<li class=\"bullet-checkmark\">Ekstra beyaz<\/li>\r\n<li class=\"bullet-checkmark\">S\u0131\u00e7rama yapmaz<\/li>\r\n<li class=\"bullet-checkmark\">Ekstra metraj<\/li>\r\n<\/ul>\r\n<p>[\/vc_column_text][\/vc_column][\/vc_row][vc_row][vc_column][vc_column_text]<\/p>\r\n<h2>Permolit Antibakteriyel S\u00fcper Tavan Boyas\u0131<\/h2>\r\n<p>Permolit Antibakteriyel S\u00fcper Tavan Boyas\u0131 5808\u2019e uygundur.<\/p>\r\n<p>Permolit Antibakteriyel S\u00fcper Tavan Boyas\u0131, su bazl\u0131, antibakteriyel, tam mat, dekoratif, son kat tavan boyas\u0131d\u0131r. Boya \u00f6ncesi haz\u0131rl\u0131klar\u0131 tamamlanm\u0131\u015f her t\u00fcrl\u00fc i\u00e7 cephe yap\u0131 elemanlar\u0131 \u00fczerine uygulanabilir. Her y\u00fczeye m\u00fckemmel yap\u0131\u015f\u0131r, \u00f6rt\u00fcc\u00fcl\u00fck g\u00fcc\u00fc y\u00fcksektir, \u00e7atlama, kabarma ve d\u00f6k\u00fclme yapmaz. Teneff\u00fcs etme \u00f6zelli\u011fi ile tavanlar\u0131n nefes almas\u0131n\u0131 sa\u011flar. Uyguland\u0131\u011f\u0131 y\u00fczeylere mat dekoratif bir g\u00f6r\u00fcn\u00fcm kazand\u0131r\u0131r. S\u00fcr\u00fcm kolayl\u0131\u011f\u0131 ve ekstra matl\u0131\u011f\u0131 sayesinde uygulama kolayl\u0131\u011f\u0131 sa\u011flar ve y\u00fczey hatalar\u0131n\u0131 g\u00f6stermez. Banyo, mutfak dahil her y\u00fczeye ilk ve son kat olarak uygulanabilir. Kokusuz, sararmayan bir boyad\u0131r.<\/p>\r\n<p>[\/vc_column_text][\/vc_column][\/vc_row]<\/p><\/div>","protected":false},"excerpt":{"rendered":"<p>[vc_row][vc_column][vc_column_text][\/vc_column_text][\/vc_column][\/vc_row][vc_row][vc_column width=&#8221;1\/2&#8243;][vc_single_image image=&#8221;4728&#8243; img_size=&#8221;medium&#8221; add_caption=&#8221;yes&#8221; alignment=&#8221;center&#8221;][\/vc_column][vc_column width=&#8221;1\/2&#8243;][vc_column_text] Permolit Antibakteriyel S\u00fcper Tavan Boyas\u0131 Profesyonel Antibakteriyel Nefes alan y\u00fczeyler Kolay uygulama M\u00fckemmel \u00f6rt\u00fcc\u00fcl\u00fck Ekstra beyaz S\u0131\u00e7rama yapmaz Ekstra metraj [\/vc_column_text][\/vc_column][\/vc_row][vc_row][vc_column][vc_column_text] Permolit Antibakteriyel S\u00fcper Tavan Boyas\u0131 Permolit Antibakteriyel S\u00fcper Tavan Boyas\u0131 5808\u2019e uygundur. Permolit Antibakteriyel S\u00fcper Tavan Boyas\u0131, su bazl\u0131, antibakteriyel, tam mat, dekoratif, son kat tavan boyas\u0131d\u0131r.&hellip;<\/p>\n","protected":false},"author":1,"featured_media":3991,"parent":0,"menu_order":0,"comment_status":"closed","ping_status":"closed","template":"","meta":[],"acf":[],"_links":{"self":[{"href":"http:\/\/aksuboya.com.tr\/index.php?rest_route=\/wp\/v2\/pages\/4725"}],"collection":[{"href":"http:\/\/aksuboya.com.tr\/index.php?rest_route=\/wp\/v2\/pages"}],"about":[{"href":"http:\/\/aksuboya.com.tr\/index.php?rest_route=\/wp\/v2\/types\/page"}],"author":[{"embeddable":true,"href":"http:\/\/aksuboya.com.tr\/index.php?rest_route=\/wp\/v2\/users\/1"}],"replies":[{"embeddable":true,"href":"http:\/\/aksuboya.com.tr\/index.php?rest_route=%2Fwp%2Fv2%2Fcomments&post=4725"}],"version-history":[{"count":3,"href":"http:\/\/aksuboya.com.tr\/index.php?rest_route=\/wp\/v2\/pages\/4725\/revisions"}],"predecessor-version":[{"id":4729,"href":"http:\/\/aksuboya.com.tr\/index.php?rest_route=\/wp\/v2\/pages\/4725\/revisions\/4729"}],"wp:featuredmedia":[{"embeddable":true,"href":"http:\/\/aksuboya.com.tr\/index.php?rest_route=\/wp\/v2\/media\/3991"}],"wp:attachment":[{"href":"http:\/\/aksuboya.com.tr\/index.php?rest_route=%2Fwp%2Fv2%2Fmedia&parent=4725"}],"curies":[{"name":"wp","href":"https:\/\/api.w.org\/{rel}","templated":true}]}}