{"id":4733,"date":"2023-06-15T10:47:19","date_gmt":"2023-06-15T10:47:19","guid":{"rendered":"http:\/\/aksuboya.com.tr\/?page_id=4733"},"modified":"2023-06-15T10:49:52","modified_gmt":"2023-06-15T10:49:52","slug":"super-tavan-boyasi","status":"publish","type":"page","link":"http:\/\/aksuboya.com.tr\/?page_id=4733","title":{"rendered":"S\u00fcper Tavan Boyas\u0131"},"content":{"rendered":"<div class=\"wpb-content-wrapper\"><p>[vc_row][vc_column][vc_column_text][\/vc_column_text][\/vc_column][\/vc_row][vc_row][vc_column width=&#8221;1\/2&#8243;][vc_single_image image=&#8221;4736&#8243; img_size=&#8221;medium&#8221; add_caption=&#8221;yes&#8221; alignment=&#8221;center&#8221;][\/vc_column][vc_column width=&#8221;1\/2&#8243;][vc_column_text]<\/p>\r\n<h2>S\u00fcper Tavan Boyas\u0131<\/h2>\r\n<ul>\r\n<li class=\"bullet-checkmark\">Profesyonel<\/li>\r\n<li class=\"bullet-checkmark\">Nefes alan y\u00fczeyler<\/li>\r\n<li class=\"bullet-checkmark\">Kolay uygulama<\/li>\r\n<li class=\"bullet-checkmark\">M\u00fckemmel \u00f6rt\u00fcc\u00fcl\u00fck<\/li>\r\n<li class=\"bullet-checkmark\">Ekstra beyaz<\/li>\r\n<li class=\"bullet-checkmark\">S\u0131\u00e7rama yapmaz<\/li>\r\n<li class=\"bullet-checkmark\">Ekstra metraj<\/li>\r\n<\/ul>\r\n<p>[\/vc_column_text][\/vc_column][\/vc_row][vc_row][vc_column][vc_column_text]<\/p>\r\n<h2>Permolit S\u00fcper Tavan Boyas\u0131<\/h2>\r\n<p>Permolit S\u00fcper Tavan Boyas\u0131 5808\u2019e uygundur.<\/p>\r\n<p>Permolit S\u00fcper Tavan Boyas\u0131, su bazl\u0131, akrilik em\u00fclsiyon esasl\u0131, tam mat, dekoratif, son kat tavan boyas\u0131d\u0131r. Boya \u00f6ncesi haz\u0131rl\u0131klar\u0131 tamamlanm\u0131\u015f her t\u00fcrl\u00fc i\u00e7 cephe yap\u0131 elemanlar\u0131 \u00fczerine uygulanabilir. Her y\u00fczeye m\u00fckemmel yap\u0131\u015f\u0131r, \u00f6rt\u00fcc\u00fcl\u00fck g\u00fcc\u00fc y\u00fcksektir, \u00e7atlama, kabarma ve d\u00f6k\u00fclme yapmaz. Teneff\u00fcs etme \u00f6zelli\u011fi ile tavanlar\u0131n nefes almas\u0131n\u0131 sa\u011flar. Uyguland\u0131\u011f\u0131 y\u00fczeylere mat dekoratif bir g\u00f6r\u00fcn\u00fcm kazand\u0131r\u0131r. S\u00fcr\u00fcm kolayl\u0131\u011f\u0131 ve ekstra matl\u0131\u011f\u0131 sayesinde uygulama kolayl\u0131\u011f\u0131 sa\u011flar ve y\u00fczey hatalar\u0131n\u0131 g\u00f6stermez. Banyo, mutfak dahil her y\u00fczeye ilk ve son kat olarak uygulanabilir. Kokusuz, sararmayan bir boyad\u0131r.<\/p>\r\n<h3><strong>Permolit S\u00fcper Tavan Boyas\u0131 Teknik \u00d6zellikleri<\/strong><\/h3>\r\n<p>G\u00f6r\u00fcn\u00fcm : Mat, d\u00fcz g\u00f6r\u00fcn\u00fcml\u00fc tavan boyas\u0131.<br \/>Renk : Beyaz<br \/>Viskozite : 145 \u00b1 5 KU<br \/>Yo\u011funluk : 1.79 \u00b1 0,02 gr\/cm3<br \/>Kat\u0131 Madde : 72 \u00b1 2 (120oC 30 dak).<br \/>pH : 8,5 \u00b1 1<br \/>Sarfiyat Miktar\u0131 : Y\u00fczey \u015fartlar\u0131na ba\u011fl\u0131 olarak tek katta 6 \u2013 7 m2\/kg (11 \u2013 15 m2\/L)<br \/>Kesin sarfiyat i\u00e7in kontroll\u00fc numune \u00e7al\u0131\u015fmas\u0131 tavsiye edilir.<br \/>Kuruma S\u00fcresi : Dokunma kurumas\u0131 30 dak<br \/>(23oC 50% HR) Tam kuruma 24 saat<br \/>Katlar aras\u0131 bekleme s\u00fcresi 4-6 saat<br \/>Parlama Noktas\u0131 : \u2013 (Parlamaz)<br \/>Ambalaj \u015eekli : 20 kg (10.8 L) \u2013 17.5 kg (9.4 L) \u2013 10 kg (5.4 L) \u2013 3.5 kg (1.9 L) \u2013 1 kg (0.5 L).<\/p>\r\n<p>[\/vc_column_text][\/vc_column][\/vc_row]<\/p><\/div>","protected":false},"excerpt":{"rendered":"<p>[vc_row][vc_column][vc_column_text][\/vc_column_text][\/vc_column][\/vc_row][vc_row][vc_column width=&#8221;1\/2&#8243;][vc_single_image image=&#8221;4736&#8243; img_size=&#8221;medium&#8221; add_caption=&#8221;yes&#8221; alignment=&#8221;center&#8221;][\/vc_column][vc_column width=&#8221;1\/2&#8243;][vc_column_text] S\u00fcper Tavan Boyas\u0131 Profesyonel Nefes alan y\u00fczeyler Kolay uygulama M\u00fckemmel \u00f6rt\u00fcc\u00fcl\u00fck Ekstra beyaz S\u0131\u00e7rama yapmaz Ekstra metraj [\/vc_column_text][\/vc_column][\/vc_row][vc_row][vc_column][vc_column_text] Permolit S\u00fcper Tavan Boyas\u0131 Permolit S\u00fcper Tavan Boyas\u0131 5808\u2019e uygundur. Permolit S\u00fcper Tavan Boyas\u0131, su bazl\u0131, akrilik em\u00fclsiyon esasl\u0131, tam mat, dekoratif, son kat tavan boyas\u0131d\u0131r. Boya \u00f6ncesi haz\u0131rl\u0131klar\u0131 tamamlanm\u0131\u015f&hellip;<\/p>\n","protected":false},"author":1,"featured_media":3991,"parent":0,"menu_order":0,"comment_status":"closed","ping_status":"closed","template":"","meta":[],"acf":[],"_links":{"self":[{"href":"http:\/\/aksuboya.com.tr\/index.php?rest_route=\/wp\/v2\/pages\/4733"}],"collection":[{"href":"http:\/\/aksuboya.com.tr\/index.php?rest_route=\/wp\/v2\/pages"}],"about":[{"href":"http:\/\/aksuboya.com.tr\/index.php?rest_route=\/wp\/v2\/types\/page"}],"author":[{"embeddable":true,"href":"http:\/\/aksuboya.com.tr\/index.php?rest_route=\/wp\/v2\/users\/1"}],"replies":[{"embeddable":true,"href":"http:\/\/aksuboya.com.tr\/index.php?rest_route=%2Fwp%2Fv2%2Fcomments&post=4733"}],"version-history":[{"count":3,"href":"http:\/\/aksuboya.com.tr\/index.php?rest_route=\/wp\/v2\/pages\/4733\/revisions"}],"predecessor-version":[{"id":4737,"href":"http:\/\/aksuboya.com.tr\/index.php?rest_route=\/wp\/v2\/pages\/4733\/revisions\/4737"}],"wp:featuredmedia":[{"embeddable":true,"href":"http:\/\/aksuboya.com.tr\/index.php?rest_route=\/wp\/v2\/media\/3991"}],"wp:attachment":[{"href":"http:\/\/aksuboya.com.tr\/index.php?rest_route=%2Fwp%2Fv2%2Fmedia&parent=4733"}],"curies":[{"name":"wp","href":"https:\/\/api.w.org\/{rel}","templated":true}]}}