{"id":4741,"date":"2023-06-15T10:52:20","date_gmt":"2023-06-15T10:52:20","guid":{"rendered":"http:\/\/aksuboya.com.tr\/?page_id=4741"},"modified":"2023-06-15T10:54:46","modified_gmt":"2023-06-15T10:54:46","slug":"permoplus-tavan-boyasi","status":"publish","type":"page","link":"http:\/\/aksuboya.com.tr\/?page_id=4741","title":{"rendered":"Permoplus Tavan Boyas\u0131"},"content":{"rendered":"<div class=\"wpb-content-wrapper\"><p>[vc_row][vc_column][vc_column_text][\/vc_column_text][\/vc_column][\/vc_row][vc_row][vc_column width=&#8221;1\/2&#8243;][vc_single_image image=&#8221;4744&#8243; img_size=&#8221;medium&#8221; add_caption=&#8221;yes&#8221; alignment=&#8221;center&#8221;][\/vc_column][vc_column width=&#8221;1\/2&#8243;][vc_column_text]<\/p>\r\n<h2>Permoplus Tavan Boyas\u0131<\/h2>\r\n<ul>\r\n<li class=\"bullet-checkmark\">Kolay uygulama<\/li>\r\n<li class=\"bullet-checkmark\">M\u00fckemmel \u00f6rt\u00fcc\u00fcl\u00fck<\/li>\r\n<li class=\"bullet-checkmark\">S\u0131\u00e7rama yapmaz<\/li>\r\n<li class=\"bullet-checkmark\">Nefes alan y\u00fczeyler<\/li>\r\n<\/ul>\r\n<p>[\/vc_column_text][\/vc_column][\/vc_row][vc_row][vc_column][vc_column_text]<\/p>\r\n<h2>Permoplus Tavan Boyas\u0131<\/h2>\r\n<p>Tam mat, dekoratif, y\u00fcksek kalite son kat tavan boyas\u0131d\u0131r. Her t\u00fcrl\u00fc s\u0131va, macun, beton, betopan, al\u00e7\u0131, al\u00e7\u0131pan, sunta, mdf, gibi i\u00e7 cephe yap\u0131 elemanlar\u0131 \u00fczerinde kullan\u0131l\u0131r. Kolay uygulanan, nefes alabilen profesyonel bir tavan boyas\u0131d\u0131r. S\u0131\u00e7rama yapmaz ve ekstra matt\u0131r. M\u00fckemmel \u00f6rt\u00fcc\u00fcl\u00fc\u011fe sahiptir.<\/p>\r\n<p>[\/vc_column_text][\/vc_column][\/vc_row]<\/p><\/div>","protected":false},"excerpt":{"rendered":"<p>[vc_row][vc_column][vc_column_text][\/vc_column_text][\/vc_column][\/vc_row][vc_row][vc_column width=&#8221;1\/2&#8243;][vc_single_image image=&#8221;4744&#8243; img_size=&#8221;medium&#8221; add_caption=&#8221;yes&#8221; alignment=&#8221;center&#8221;][\/vc_column][vc_column width=&#8221;1\/2&#8243;][vc_column_text] Permoplus Tavan Boyas\u0131 Kolay uygulama M\u00fckemmel \u00f6rt\u00fcc\u00fcl\u00fck S\u0131\u00e7rama yapmaz Nefes alan y\u00fczeyler [\/vc_column_text][\/vc_column][\/vc_row][vc_row][vc_column][vc_column_text] Permoplus Tavan Boyas\u0131 Tam mat, dekoratif, y\u00fcksek kalite son kat tavan boyas\u0131d\u0131r. Her t\u00fcrl\u00fc s\u0131va, macun, beton, betopan, al\u00e7\u0131, al\u00e7\u0131pan, sunta, mdf, gibi i\u00e7 cephe yap\u0131 elemanlar\u0131 \u00fczerinde kullan\u0131l\u0131r. Kolay uygulanan, nefes alabilen profesyonel bir&hellip;<\/p>\n","protected":false},"author":1,"featured_media":3991,"parent":0,"menu_order":0,"comment_status":"closed","ping_status":"closed","template":"","meta":[],"acf":[],"_links":{"self":[{"href":"http:\/\/aksuboya.com.tr\/index.php?rest_route=\/wp\/v2\/pages\/4741"}],"collection":[{"href":"http:\/\/aksuboya.com.tr\/index.php?rest_route=\/wp\/v2\/pages"}],"about":[{"href":"http:\/\/aksuboya.com.tr\/index.php?rest_route=\/wp\/v2\/types\/page"}],"author":[{"embeddable":true,"href":"http:\/\/aksuboya.com.tr\/index.php?rest_route=\/wp\/v2\/users\/1"}],"replies":[{"embeddable":true,"href":"http:\/\/aksuboya.com.tr\/index.php?rest_route=%2Fwp%2Fv2%2Fcomments&post=4741"}],"version-history":[{"count":3,"href":"http:\/\/aksuboya.com.tr\/index.php?rest_route=\/wp\/v2\/pages\/4741\/revisions"}],"predecessor-version":[{"id":4745,"href":"http:\/\/aksuboya.com.tr\/index.php?rest_route=\/wp\/v2\/pages\/4741\/revisions\/4745"}],"wp:featuredmedia":[{"embeddable":true,"href":"http:\/\/aksuboya.com.tr\/index.php?rest_route=\/wp\/v2\/media\/3991"}],"wp:attachment":[{"href":"http:\/\/aksuboya.com.tr\/index.php?rest_route=%2Fwp%2Fv2%2Fmedia&parent=4741"}],"curies":[{"name":"wp","href":"https:\/\/api.w.org\/{rel}","templated":true}]}}