{"id":4765,"date":"2023-06-15T16:11:14","date_gmt":"2023-06-15T16:11:14","guid":{"rendered":"http:\/\/aksuboya.com.tr\/?page_id=4765"},"modified":"2023-06-15T16:13:48","modified_gmt":"2023-06-15T16:13:48","slug":"permolife-su-bazli-ahsap-astari","status":"publish","type":"page","link":"http:\/\/aksuboya.com.tr\/?page_id=4765","title":{"rendered":"Permolife Su Bazl\u0131 Ah\u015fap Astar\u0131"},"content":{"rendered":"<div class=\"wpb-content-wrapper\"><p>[vc_row][vc_column][vc_column_text][\/vc_column_text][\/vc_column][\/vc_row][vc_row][vc_column width=&#8221;1\/2&#8243;][vc_single_image image=&#8221;4768&#8243; img_size=&#8221;medium&#8221; add_caption=&#8221;yes&#8221; alignment=&#8221;center&#8221;][\/vc_column][vc_column width=&#8221;1\/2&#8243;][vc_column_text]<\/p>\r\n<h2>Permolife Su Bazl\u0131 Ah\u015fap Astar\u0131<\/h2>\r\n<p>Su bazl\u0131, akrilik ba\u011flay\u0131c\u0131 esasl\u0131, boya uygulama \u00f6ncesinden y\u00fczeyi haz\u0131rlayan, koruyan, \u00f6rt\u00fcc\u00fc astard\u0131r.<\/p>\r\n<ul>\r\n<li class=\"bullet-checkmark\">Ah\u015fap y\u00fczeyi s\u0131k\u0131la\u015ft\u0131r\u0131r, boya uygulamas\u0131na haz\u0131r hale getirir.<\/li>\r\n<li class=\"bullet-checkmark\">Olu\u015fmas\u0131 muhtemel lekeleri engeller, ah\u015fab\u0131n \u00e7\u00fcr\u00fcmesini \u00f6nler.<\/li>\r\n<li class=\"bullet-checkmark\">Kolay z\u0131mparalan\u0131r.<\/li>\r\n<li class=\"bullet-checkmark\">Y\u00fczeyleri doyurarak, son kat boya sarfiyat\u0131n\u0131 azalt\u0131r.<\/li>\r\n<li class=\"bullet-checkmark\">Rahats\u0131z edici koku yoktur<\/li>\r\n<li class=\"bullet-checkmark\">Sararmaz<\/li>\r\n<li class=\"bullet-checkmark\">A\u011f\u0131r metal i\u00e7ermez<\/li>\r\n<\/ul>\r\n<p>[\/vc_column_text][\/vc_column][\/vc_row][vc_row][vc_column][vc_column_text]<\/p>\r\n<h2>Permolife Su Bazl\u0131 Ah\u015fap Astar\u0131<\/h2>\r\n<p>Su bazl\u0131, akrilik ba\u011flay\u0131c\u0131 esasl\u0131, boya uygulama \u00f6ncesinden y\u00fczeyi haz\u0131rlayan, koruyan, \u00f6rt\u00fcc\u00fc astard\u0131r.<\/p>\r\n<p>[\/vc_column_text][\/vc_column][\/vc_row]<\/p><\/div>","protected":false},"excerpt":{"rendered":"<p>[vc_row][vc_column][vc_column_text][\/vc_column_text][\/vc_column][\/vc_row][vc_row][vc_column width=&#8221;1\/2&#8243;][vc_single_image image=&#8221;4768&#8243; img_size=&#8221;medium&#8221; add_caption=&#8221;yes&#8221; alignment=&#8221;center&#8221;][\/vc_column][vc_column width=&#8221;1\/2&#8243;][vc_column_text] Permolife Su Bazl\u0131 Ah\u015fap Astar\u0131 Su bazl\u0131, akrilik ba\u011flay\u0131c\u0131 esasl\u0131, boya uygulama \u00f6ncesinden y\u00fczeyi haz\u0131rlayan, koruyan, \u00f6rt\u00fcc\u00fc astard\u0131r. Ah\u015fap y\u00fczeyi s\u0131k\u0131la\u015ft\u0131r\u0131r, boya uygulamas\u0131na haz\u0131r hale getirir. Olu\u015fmas\u0131 muhtemel lekeleri engeller, ah\u015fab\u0131n \u00e7\u00fcr\u00fcmesini \u00f6nler. Kolay z\u0131mparalan\u0131r. Y\u00fczeyleri doyurarak, son kat boya sarfiyat\u0131n\u0131 azalt\u0131r. Rahats\u0131z edici koku yoktur Sararmaz A\u011f\u0131r&hellip;<\/p>\n","protected":false},"author":1,"featured_media":3991,"parent":0,"menu_order":0,"comment_status":"closed","ping_status":"closed","template":"","meta":[],"acf":[],"_links":{"self":[{"href":"http:\/\/aksuboya.com.tr\/index.php?rest_route=\/wp\/v2\/pages\/4765"}],"collection":[{"href":"http:\/\/aksuboya.com.tr\/index.php?rest_route=\/wp\/v2\/pages"}],"about":[{"href":"http:\/\/aksuboya.com.tr\/index.php?rest_route=\/wp\/v2\/types\/page"}],"author":[{"embeddable":true,"href":"http:\/\/aksuboya.com.tr\/index.php?rest_route=\/wp\/v2\/users\/1"}],"replies":[{"embeddable":true,"href":"http:\/\/aksuboya.com.tr\/index.php?rest_route=%2Fwp%2Fv2%2Fcomments&post=4765"}],"version-history":[{"count":3,"href":"http:\/\/aksuboya.com.tr\/index.php?rest_route=\/wp\/v2\/pages\/4765\/revisions"}],"predecessor-version":[{"id":4769,"href":"http:\/\/aksuboya.com.tr\/index.php?rest_route=\/wp\/v2\/pages\/4765\/revisions\/4769"}],"wp:featuredmedia":[{"embeddable":true,"href":"http:\/\/aksuboya.com.tr\/index.php?rest_route=\/wp\/v2\/media\/3991"}],"wp:attachment":[{"href":"http:\/\/aksuboya.com.tr\/index.php?rest_route=%2Fwp%2Fv2%2Fmedia&parent=4765"}],"curies":[{"name":"wp","href":"https:\/\/api.w.org\/{rel}","templated":true}]}}