{"id":4773,"date":"2023-06-15T16:15:28","date_gmt":"2023-06-15T16:15:28","guid":{"rendered":"http:\/\/aksuboya.com.tr\/?page_id=4773"},"modified":"2023-06-15T16:18:23","modified_gmt":"2023-06-15T16:18:23","slug":"permolife-su-bazli-ahsap-vernigi","status":"publish","type":"page","link":"http:\/\/aksuboya.com.tr\/?page_id=4773","title":{"rendered":"Permolife Su Bazl\u0131 Ah\u015fap Verni\u011fi"},"content":{"rendered":"<div class=\"wpb-content-wrapper\"><p>[vc_row][vc_column][vc_column_text][\/vc_column_text][\/vc_column][\/vc_row][vc_row][vc_column width=&#8221;1\/2&#8243;][vc_single_image image=&#8221;4776&#8243; img_size=&#8221;medium&#8221; alignment=&#8221;center&#8221;][\/vc_column][vc_column width=&#8221;1\/2&#8243;][vc_column_text]<\/p>\r\n<h2><strong>Permolife Su Bazl\u0131 Ah\u015fap Verni\u011fi<\/strong><\/h2>\r\n<p>Su bazl\u0131, saf akrilik ba\u011flay\u0131c\u0131 esasl\u0131, \u015feffaf, UV dayan\u0131m\u0131 y\u00fcksek, koruyucu ve dekoratif, parlak ve yar\u0131 mat ah\u015fap verni\u011fidir.<\/p>\r\n<ul>\r\n<li class=\"bullet-checkmark\">Ah\u015fab\u0131n do\u011fal g\u00f6r\u00fcn\u00fcm\u00fcn\u00fc gizlemez.<\/li>\r\n<li class=\"bullet-checkmark\">UV \u0131\u015f\u0131nlar\u0131, ya\u011fmur ve atmosferik etkilere kar\u015f\u0131 korur.<\/li>\r\n<li class=\"bullet-checkmark\">Suya, evdeki kimyasallara, \u00e7izilmeye, darbelere kar\u015f\u0131 dayan\u0131kl\u0131d\u0131r.<\/li>\r\n<li class=\"bullet-checkmark\">Nefes al\u0131r, ah\u015fap i\u00e7indeki nemi d\u0131\u015far\u0131 verir.<\/li>\r\n<li class=\"bullet-checkmark\">Rahats\u0131z edici koku yoktur<\/li>\r\n<li class=\"bullet-checkmark\">Sararmaz<\/li>\r\n<li class=\"bullet-checkmark\">A\u011f\u0131r metal i\u00e7ermez<\/li>\r\n<li class=\"bullet-checkmark\">Kartela renkleri mevcuttur.<\/li>\r\n<\/ul>\r\n<p>[\/vc_column_text][\/vc_column][\/vc_row][vc_row][vc_column][vc_column_text]<\/p>\r\n<h2><strong>Permolife Su Bazl\u0131 Ah\u015fap Verni\u011fi<\/strong><\/h2>\r\n<p>Su bazl\u0131, saf akrilik ba\u011flay\u0131c\u0131 esasl\u0131, \u015feffaf, UV dayan\u0131m\u0131 y\u00fcksek, koruyucu ve dekoratif, parlak ve yar\u0131 mat ah\u015fap verni\u011fidir.<\/p>\r\n<p>[\/vc_column_text][\/vc_column][\/vc_row]<\/p><\/div>","protected":false},"excerpt":{"rendered":"<p>[vc_row][vc_column][vc_column_text][\/vc_column_text][\/vc_column][\/vc_row][vc_row][vc_column width=&#8221;1\/2&#8243;][vc_single_image image=&#8221;4776&#8243; img_size=&#8221;medium&#8221; alignment=&#8221;center&#8221;][\/vc_column][vc_column width=&#8221;1\/2&#8243;][vc_column_text] Permolife Su Bazl\u0131 Ah\u015fap Verni\u011fi Su bazl\u0131, saf akrilik ba\u011flay\u0131c\u0131 esasl\u0131, \u015feffaf, UV dayan\u0131m\u0131 y\u00fcksek, koruyucu ve dekoratif, parlak ve yar\u0131 mat ah\u015fap verni\u011fidir. Ah\u015fab\u0131n do\u011fal g\u00f6r\u00fcn\u00fcm\u00fcn\u00fc gizlemez. UV \u0131\u015f\u0131nlar\u0131, ya\u011fmur ve atmosferik etkilere kar\u015f\u0131 korur. Suya, evdeki kimyasallara, \u00e7izilmeye, darbelere kar\u015f\u0131 dayan\u0131kl\u0131d\u0131r. Nefes al\u0131r, ah\u015fap i\u00e7indeki nemi d\u0131\u015far\u0131&hellip;<\/p>\n","protected":false},"author":1,"featured_media":3991,"parent":0,"menu_order":0,"comment_status":"closed","ping_status":"closed","template":"","meta":[],"acf":[],"_links":{"self":[{"href":"http:\/\/aksuboya.com.tr\/index.php?rest_route=\/wp\/v2\/pages\/4773"}],"collection":[{"href":"http:\/\/aksuboya.com.tr\/index.php?rest_route=\/wp\/v2\/pages"}],"about":[{"href":"http:\/\/aksuboya.com.tr\/index.php?rest_route=\/wp\/v2\/types\/page"}],"author":[{"embeddable":true,"href":"http:\/\/aksuboya.com.tr\/index.php?rest_route=\/wp\/v2\/users\/1"}],"replies":[{"embeddable":true,"href":"http:\/\/aksuboya.com.tr\/index.php?rest_route=%2Fwp%2Fv2%2Fcomments&post=4773"}],"version-history":[{"count":3,"href":"http:\/\/aksuboya.com.tr\/index.php?rest_route=\/wp\/v2\/pages\/4773\/revisions"}],"predecessor-version":[{"id":4777,"href":"http:\/\/aksuboya.com.tr\/index.php?rest_route=\/wp\/v2\/pages\/4773\/revisions\/4777"}],"wp:featuredmedia":[{"embeddable":true,"href":"http:\/\/aksuboya.com.tr\/index.php?rest_route=\/wp\/v2\/media\/3991"}],"wp:attachment":[{"href":"http:\/\/aksuboya.com.tr\/index.php?rest_route=%2Fwp%2Fv2%2Fmedia&parent=4773"}],"curies":[{"name":"wp","href":"https:\/\/api.w.org\/{rel}","templated":true}]}}