{"id":4812,"date":"2023-06-15T18:05:26","date_gmt":"2023-06-15T18:05:26","guid":{"rendered":"http:\/\/aksuboya.com.tr\/?page_id=4812"},"modified":"2023-06-15T18:07:30","modified_gmt":"2023-06-15T18:07:30","slug":"monotip-antipas-parlak","status":"publish","type":"page","link":"http:\/\/aksuboya.com.tr\/?page_id=4812","title":{"rendered":"Monotip Antipas Parlak"},"content":{"rendered":"<div class=\"wpb-content-wrapper\"><p>[vc_row][vc_column][vc_column_text][\/vc_column_text][\/vc_column][\/vc_row][vc_row][vc_column width=&#8221;1\/2&#8243;][vc_single_image image=&#8221;4232&#8243; img_size=&#8221;medium&#8221; add_caption=&#8221;yes&#8221; alignment=&#8221;center&#8221;][\/vc_column][vc_column width=&#8221;1\/2&#8243;][vc_column_text]<\/p>\r\n<h2>Monotip Antipas Parlak<\/h2>\r\n<ul>\r\n<li class=\"bullet-checkmark\">Her tip pasl\u0131 veya paslan\u0131r metal y\u00fczeyde kullan\u0131l\u0131r<\/li>\r\n<li class=\"bullet-checkmark\">Parlak g\u00f6r\u00fcn\u00fcm kazand\u0131r\u0131r<\/li>\r\n<li class=\"bullet-checkmark\">Dekoratif g\u00f6r\u00fcn\u00fcm kazand\u0131r\u0131r<\/li>\r\n<li class=\"bullet-checkmark\">Paslanmaktan korur<\/li>\r\n<\/ul>\r\n<p>[\/vc_column_text][\/vc_column][\/vc_row][vc_row][vc_column][vc_column_text]<\/p>\r\n<h2>Monotip Antipas Parlak<\/h2>\r\n<p>11651\u2019e uygundur.<\/p>\r\n<p>Her t\u00fcrl\u00fc ah\u015fap, metal, s\u0131va, macun, beton, betopan, al\u00e7\u0131, al\u00e7\u0131pan, sunta, mdf gibi yap\u0131 elemanlar\u0131n\u0131n i\u00e7 ve d\u0131\u015f y\u00fczeylerinde, ilk ve son kat boya olarak kullan\u0131l\u0131r.\u00a0Her tip pasl\u0131 veya paslan\u0131r metal y\u00fczeyde dekoratif g\u00f6r\u00fcn\u00fcm kazand\u0131rmak, paslanmaktan korumak amac\u0131yla geli\u015ftirilmi\u015f, astar ve son kat boyad\u0131r.<\/p>\r\n<p>[\/vc_column_text][\/vc_column][\/vc_row]<\/p><\/div>","protected":false},"excerpt":{"rendered":"<p>[vc_row][vc_column][vc_column_text][\/vc_column_text][\/vc_column][\/vc_row][vc_row][vc_column width=&#8221;1\/2&#8243;][vc_single_image image=&#8221;4232&#8243; img_size=&#8221;medium&#8221; add_caption=&#8221;yes&#8221; alignment=&#8221;center&#8221;][\/vc_column][vc_column width=&#8221;1\/2&#8243;][vc_column_text] Monotip Antipas Parlak Her tip pasl\u0131 veya paslan\u0131r metal y\u00fczeyde kullan\u0131l\u0131r Parlak g\u00f6r\u00fcn\u00fcm kazand\u0131r\u0131r Dekoratif g\u00f6r\u00fcn\u00fcm kazand\u0131r\u0131r Paslanmaktan korur [\/vc_column_text][\/vc_column][\/vc_row][vc_row][vc_column][vc_column_text] Monotip Antipas Parlak 11651\u2019e uygundur. Her t\u00fcrl\u00fc ah\u015fap, metal, s\u0131va, macun, beton, betopan, al\u00e7\u0131, al\u00e7\u0131pan, sunta, mdf gibi yap\u0131 elemanlar\u0131n\u0131n i\u00e7 ve d\u0131\u015f y\u00fczeylerinde, ilk ve son kat&hellip;<\/p>\n","protected":false},"author":1,"featured_media":3991,"parent":0,"menu_order":0,"comment_status":"closed","ping_status":"closed","template":"","meta":[],"acf":[],"_links":{"self":[{"href":"http:\/\/aksuboya.com.tr\/index.php?rest_route=\/wp\/v2\/pages\/4812"}],"collection":[{"href":"http:\/\/aksuboya.com.tr\/index.php?rest_route=\/wp\/v2\/pages"}],"about":[{"href":"http:\/\/aksuboya.com.tr\/index.php?rest_route=\/wp\/v2\/types\/page"}],"author":[{"embeddable":true,"href":"http:\/\/aksuboya.com.tr\/index.php?rest_route=\/wp\/v2\/users\/1"}],"replies":[{"embeddable":true,"href":"http:\/\/aksuboya.com.tr\/index.php?rest_route=%2Fwp%2Fv2%2Fcomments&post=4812"}],"version-history":[{"count":3,"href":"http:\/\/aksuboya.com.tr\/index.php?rest_route=\/wp\/v2\/pages\/4812\/revisions"}],"predecessor-version":[{"id":4815,"href":"http:\/\/aksuboya.com.tr\/index.php?rest_route=\/wp\/v2\/pages\/4812\/revisions\/4815"}],"wp:featuredmedia":[{"embeddable":true,"href":"http:\/\/aksuboya.com.tr\/index.php?rest_route=\/wp\/v2\/media\/3991"}],"wp:attachment":[{"href":"http:\/\/aksuboya.com.tr\/index.php?rest_route=%2Fwp%2Fv2%2Fmedia&parent=4812"}],"curies":[{"name":"wp","href":"https:\/\/api.w.org\/{rel}","templated":true}]}}