{"id":4925,"date":"2023-06-15T20:58:50","date_gmt":"2023-06-15T20:58:50","guid":{"rendered":"http:\/\/aksuboya.com.tr\/?page_id=4925"},"modified":"2023-06-15T21:06:36","modified_gmt":"2023-06-15T21:06:36","slug":"permocila-parke-cam-cila","status":"publish","type":"page","link":"http:\/\/aksuboya.com.tr\/?page_id=4925","title":{"rendered":"Permocila Parke Cam Cila"},"content":{"rendered":"<div class=\"wpb-content-wrapper\"><p>[vc_row][vc_column][vc_column_text][\/vc_column_text][\/vc_column][\/vc_row][vc_row][vc_column width=&#8221;1\/2&#8243;][vc_single_image image=&#8221;4253&#8243; img_size=&#8221;medium&#8221; add_caption=&#8221;yes&#8221; alignment=&#8221;center&#8221;][\/vc_column][vc_column width=&#8221;1\/2&#8243;][vc_column_text]<\/p>\r\n<h2>Permocila Parke Cam Cila<\/h2>\r\n<ul>\r\n<li class=\"bullet-checkmark\">Suya dayan\u0131kl\u0131<\/li>\r\n<li class=\"bullet-checkmark\">Ev ortam\u0131ndaki kimyasallara diren\u00e7li<\/li>\r\n<li class=\"bullet-checkmark\">Hava \u015fartlar\u0131na dayan\u0131kl\u0131<\/li>\r\n<\/ul>\r\n<p>[\/vc_column_text][\/vc_column][\/vc_row][vc_row][vc_column][vc_column_text]<\/p>\r\n<h2>Permocila Parke Cam Cila<\/h2>\r\n<p>\u0130\u00e7 ve d\u0131\u015f ortamlarda kullan\u0131lan, mukavemet ve \u00e7izilme direnci gerektiren her t\u00fcrl\u00fc ah\u015fap, d\u00f6\u015feme, zemin, merdiven, parke ve mobilya y\u00fczeylerde kullan\u0131l\u0131r.\u00a0Ah\u015fab\u0131; do\u011fal yap\u0131s\u0131n\u0131 bozmadan, deterjan, alkol, ya\u011f ve meyve suyu gibi a\u015f\u0131nd\u0131r\u0131c\u0131lara kar\u015f\u0131 korur.<\/p>\r\n<p>&nbsp;<\/p>\r\n<p>[\/vc_column_text][\/vc_column][\/vc_row]<\/p><\/div>","protected":false},"excerpt":{"rendered":"<p>[vc_row][vc_column][vc_column_text][\/vc_column_text][\/vc_column][\/vc_row][vc_row][vc_column width=&#8221;1\/2&#8243;][vc_single_image image=&#8221;4253&#8243; img_size=&#8221;medium&#8221; add_caption=&#8221;yes&#8221; alignment=&#8221;center&#8221;][\/vc_column][vc_column width=&#8221;1\/2&#8243;][vc_column_text] Permocila Parke Cam Cila Suya dayan\u0131kl\u0131 Ev ortam\u0131ndaki kimyasallara diren\u00e7li Hava \u015fartlar\u0131na dayan\u0131kl\u0131 [\/vc_column_text][\/vc_column][\/vc_row][vc_row][vc_column][vc_column_text] Permocila Parke Cam Cila \u0130\u00e7 ve d\u0131\u015f ortamlarda kullan\u0131lan, mukavemet ve \u00e7izilme direnci gerektiren her t\u00fcrl\u00fc ah\u015fap, d\u00f6\u015feme, zemin, merdiven, parke ve mobilya y\u00fczeylerde kullan\u0131l\u0131r.\u00a0Ah\u015fab\u0131; do\u011fal yap\u0131s\u0131n\u0131 bozmadan, deterjan, alkol, ya\u011f ve meyve suyu&hellip;<\/p>\n","protected":false},"author":1,"featured_media":3991,"parent":0,"menu_order":0,"comment_status":"closed","ping_status":"closed","template":"","meta":[],"acf":[],"_links":{"self":[{"href":"http:\/\/aksuboya.com.tr\/index.php?rest_route=\/wp\/v2\/pages\/4925"}],"collection":[{"href":"http:\/\/aksuboya.com.tr\/index.php?rest_route=\/wp\/v2\/pages"}],"about":[{"href":"http:\/\/aksuboya.com.tr\/index.php?rest_route=\/wp\/v2\/types\/page"}],"author":[{"embeddable":true,"href":"http:\/\/aksuboya.com.tr\/index.php?rest_route=\/wp\/v2\/users\/1"}],"replies":[{"embeddable":true,"href":"http:\/\/aksuboya.com.tr\/index.php?rest_route=%2Fwp%2Fv2%2Fcomments&post=4925"}],"version-history":[{"count":3,"href":"http:\/\/aksuboya.com.tr\/index.php?rest_route=\/wp\/v2\/pages\/4925\/revisions"}],"predecessor-version":[{"id":4928,"href":"http:\/\/aksuboya.com.tr\/index.php?rest_route=\/wp\/v2\/pages\/4925\/revisions\/4928"}],"wp:featuredmedia":[{"embeddable":true,"href":"http:\/\/aksuboya.com.tr\/index.php?rest_route=\/wp\/v2\/media\/3991"}],"wp:attachment":[{"href":"http:\/\/aksuboya.com.tr\/index.php?rest_route=%2Fwp%2Fv2%2Fmedia&parent=4925"}],"curies":[{"name":"wp","href":"https:\/\/api.w.org\/{rel}","templated":true}]}}