{"id":4932,"date":"2023-06-16T09:35:53","date_gmt":"2023-06-16T09:35:53","guid":{"rendered":"http:\/\/aksuboya.com.tr\/?page_id=4932"},"modified":"2023-06-16T09:38:08","modified_gmt":"2023-06-16T09:38:08","slug":"permosel-selulozik-dolgu-vernigi","status":"publish","type":"page","link":"http:\/\/aksuboya.com.tr\/?page_id=4932","title":{"rendered":"Permosel Sel\u00fclozik Dolgu Verni\u011fi"},"content":{"rendered":"<div class=\"wpb-content-wrapper\"><p>[vc_row][vc_column][vc_column_text][\/vc_column_text][\/vc_column][\/vc_row][vc_row][vc_column width=&#8221;1\/2&#8243;][vc_single_image image=&#8221;4254&#8243; img_size=&#8221;medium&#8221; add_caption=&#8221;yes&#8221; alignment=&#8221;center&#8221;][\/vc_column][vc_column width=&#8221;1\/2&#8243;][vc_column_text]<\/p>\r\n<h2>Permosel Sel\u00fclozik Dolgu Verni\u011fi<\/h2>\r\n<div>\r\n<ul>\r\n<li class=\"bullet-checkmark\">Kolay uygulan\u0131r<\/li>\r\n<li class=\"bullet-checkmark\">P\u00fcr\u00fczs\u00fcz y\u00fczeyler<\/li>\r\n<li class=\"bullet-checkmark\">Sa\u011flam zemin olu\u015fturma<\/li>\r\n<li class=\"bullet-checkmark\">Y\u00fcksek doldurma g\u00fcc\u00fc<\/li>\r\n<\/ul>\r\n<\/div>\r\n<p>[\/vc_column_text][\/vc_column][\/vc_row][vc_row][vc_column][vc_column_text]<\/p>\r\n<h2>Permosel Sel\u00fclozik Dolgu Verni\u011fi<\/h2>\r\n<p>Her cins ah\u015fap ve kaplama malzemeleri \u00fczerine kullan\u0131labilir.\u00a0Uyguland\u0131\u011f\u0131 y\u00fczeyi doldurur, dayan\u0131kl\u0131, kolay z\u0131mparalanan film tabakas\u0131 b\u0131rak\u0131r.<\/p>\r\n<p>[\/vc_column_text][\/vc_column][\/vc_row]<\/p><\/div>","protected":false},"excerpt":{"rendered":"<p>[vc_row][vc_column][vc_column_text][\/vc_column_text][\/vc_column][\/vc_row][vc_row][vc_column width=&#8221;1\/2&#8243;][vc_single_image image=&#8221;4254&#8243; img_size=&#8221;medium&#8221; add_caption=&#8221;yes&#8221; alignment=&#8221;center&#8221;][\/vc_column][vc_column width=&#8221;1\/2&#8243;][vc_column_text] Permosel Sel\u00fclozik Dolgu Verni\u011fi Kolay uygulan\u0131r P\u00fcr\u00fczs\u00fcz y\u00fczeyler Sa\u011flam zemin olu\u015fturma Y\u00fcksek doldurma g\u00fcc\u00fc [\/vc_column_text][\/vc_column][\/vc_row][vc_row][vc_column][vc_column_text] Permosel Sel\u00fclozik Dolgu Verni\u011fi Her cins ah\u015fap ve kaplama malzemeleri \u00fczerine kullan\u0131labilir.\u00a0Uyguland\u0131\u011f\u0131 y\u00fczeyi doldurur, dayan\u0131kl\u0131, kolay z\u0131mparalanan film tabakas\u0131 b\u0131rak\u0131r. [\/vc_column_text][\/vc_column][\/vc_row]<\/p>\n","protected":false},"author":1,"featured_media":3991,"parent":0,"menu_order":0,"comment_status":"closed","ping_status":"closed","template":"","meta":[],"acf":[],"_links":{"self":[{"href":"http:\/\/aksuboya.com.tr\/index.php?rest_route=\/wp\/v2\/pages\/4932"}],"collection":[{"href":"http:\/\/aksuboya.com.tr\/index.php?rest_route=\/wp\/v2\/pages"}],"about":[{"href":"http:\/\/aksuboya.com.tr\/index.php?rest_route=\/wp\/v2\/types\/page"}],"author":[{"embeddable":true,"href":"http:\/\/aksuboya.com.tr\/index.php?rest_route=\/wp\/v2\/users\/1"}],"replies":[{"embeddable":true,"href":"http:\/\/aksuboya.com.tr\/index.php?rest_route=%2Fwp%2Fv2%2Fcomments&post=4932"}],"version-history":[{"count":3,"href":"http:\/\/aksuboya.com.tr\/index.php?rest_route=\/wp\/v2\/pages\/4932\/revisions"}],"predecessor-version":[{"id":4935,"href":"http:\/\/aksuboya.com.tr\/index.php?rest_route=\/wp\/v2\/pages\/4932\/revisions\/4935"}],"wp:featuredmedia":[{"embeddable":true,"href":"http:\/\/aksuboya.com.tr\/index.php?rest_route=\/wp\/v2\/media\/3991"}],"wp:attachment":[{"href":"http:\/\/aksuboya.com.tr\/index.php?rest_route=%2Fwp%2Fv2%2Fmedia&parent=4932"}],"curies":[{"name":"wp","href":"https:\/\/api.w.org\/{rel}","templated":true}]}}