{"id":4939,"date":"2023-06-16T09:40:24","date_gmt":"2023-06-16T09:40:24","guid":{"rendered":"http:\/\/aksuboya.com.tr\/?page_id=4939"},"modified":"2023-06-16T09:43:04","modified_gmt":"2023-06-16T09:43:04","slug":"permosel-selulozik-vernik","status":"publish","type":"page","link":"http:\/\/aksuboya.com.tr\/?page_id=4939","title":{"rendered":"Permosel Sel\u00fclozik Vernik"},"content":{"rendered":"<div class=\"wpb-content-wrapper\"><p>[vc_row][vc_column][vc_column_text][\/vc_column_text][\/vc_column][\/vc_row][vc_row][vc_column width=&#8221;1\/2&#8243;][vc_single_image image=&#8221;4255&#8243; img_size=&#8221;medium&#8221; add_caption=&#8221;yes&#8221; alignment=&#8221;center&#8221;][\/vc_column][vc_column width=&#8221;1\/2&#8243;][vc_column_text]<\/p>\r\n<h2>Permosel Sel\u00fclozik Vernik<\/h2>\r\n<ul>\r\n<li class=\"bullet-checkmark\">Kolay uygulan\u0131r<\/li>\r\n<li class=\"bullet-checkmark\">P\u00fcr\u00fczs\u00fcz y\u00fczeyler<\/li>\r\n<li class=\"bullet-checkmark\">Sa\u011flam zemin olu\u015fturma<\/li>\r\n<li class=\"bullet-checkmark\">Y\u00fcksek doldurma g\u00fcc\u00fc<\/li>\r\n<\/ul>\r\n<p>[\/vc_column_text][\/vc_column][\/vc_row][vc_row][vc_column][vc_column_text]<\/p>\r\n<h2>Permosel Sel\u00fclozik Vernik<\/h2>\r\n<p>Her cins ah\u015fap ve kaplama malzemeleri \u00fczerinde kullan\u0131labilir.\u00a0H\u0131zl\u0131 kurur. Ah\u015fab\u0131n do\u011fal g\u00f6r\u00fcnt\u00fcs\u00fcn\u00fc de\u011fi\u015ftirmez.\u00a0Ah\u015fab\u0131 nem \u00e7izilme ve darbelere kar\u015f\u0131 korur.<\/p>\r\n<p>[\/vc_column_text][\/vc_column][\/vc_row]<\/p><\/div>","protected":false},"excerpt":{"rendered":"<p>[vc_row][vc_column][vc_column_text][\/vc_column_text][\/vc_column][\/vc_row][vc_row][vc_column width=&#8221;1\/2&#8243;][vc_single_image image=&#8221;4255&#8243; img_size=&#8221;medium&#8221; add_caption=&#8221;yes&#8221; alignment=&#8221;center&#8221;][\/vc_column][vc_column width=&#8221;1\/2&#8243;][vc_column_text] Permosel Sel\u00fclozik Vernik Kolay uygulan\u0131r P\u00fcr\u00fczs\u00fcz y\u00fczeyler Sa\u011flam zemin olu\u015fturma Y\u00fcksek doldurma g\u00fcc\u00fc [\/vc_column_text][\/vc_column][\/vc_row][vc_row][vc_column][vc_column_text] Permosel Sel\u00fclozik Vernik Her cins ah\u015fap ve kaplama malzemeleri \u00fczerinde kullan\u0131labilir.\u00a0H\u0131zl\u0131 kurur. Ah\u015fab\u0131n do\u011fal g\u00f6r\u00fcnt\u00fcs\u00fcn\u00fc de\u011fi\u015ftirmez.\u00a0Ah\u015fab\u0131 nem \u00e7izilme ve darbelere kar\u015f\u0131 korur. [\/vc_column_text][\/vc_column][\/vc_row]<\/p>\n","protected":false},"author":1,"featured_media":3991,"parent":0,"menu_order":0,"comment_status":"closed","ping_status":"closed","template":"","meta":[],"acf":[],"_links":{"self":[{"href":"http:\/\/aksuboya.com.tr\/index.php?rest_route=\/wp\/v2\/pages\/4939"}],"collection":[{"href":"http:\/\/aksuboya.com.tr\/index.php?rest_route=\/wp\/v2\/pages"}],"about":[{"href":"http:\/\/aksuboya.com.tr\/index.php?rest_route=\/wp\/v2\/types\/page"}],"author":[{"embeddable":true,"href":"http:\/\/aksuboya.com.tr\/index.php?rest_route=\/wp\/v2\/users\/1"}],"replies":[{"embeddable":true,"href":"http:\/\/aksuboya.com.tr\/index.php?rest_route=%2Fwp%2Fv2%2Fcomments&post=4939"}],"version-history":[{"count":3,"href":"http:\/\/aksuboya.com.tr\/index.php?rest_route=\/wp\/v2\/pages\/4939\/revisions"}],"predecessor-version":[{"id":4942,"href":"http:\/\/aksuboya.com.tr\/index.php?rest_route=\/wp\/v2\/pages\/4939\/revisions\/4942"}],"wp:featuredmedia":[{"embeddable":true,"href":"http:\/\/aksuboya.com.tr\/index.php?rest_route=\/wp\/v2\/media\/3991"}],"wp:attachment":[{"href":"http:\/\/aksuboya.com.tr\/index.php?rest_route=%2Fwp%2Fv2%2Fmedia&parent=4939"}],"curies":[{"name":"wp","href":"https:\/\/api.w.org\/{rel}","templated":true}]}}