{"id":4946,"date":"2023-06-16T09:44:54","date_gmt":"2023-06-16T09:44:54","guid":{"rendered":"http:\/\/aksuboya.com.tr\/?page_id=4946"},"modified":"2023-06-16T09:47:43","modified_gmt":"2023-06-16T09:47:43","slug":"permotik-tik-yagi","status":"publish","type":"page","link":"http:\/\/aksuboya.com.tr\/?page_id=4946","title":{"rendered":"Permotik Tik Ya\u011f\u0131"},"content":{"rendered":"<div class=\"wpb-content-wrapper\"><p>[vc_row][vc_column][vc_column_text][\/vc_column_text][\/vc_column][\/vc_row][vc_row][vc_column width=&#8221;1\/2&#8243;][vc_single_image image=&#8221;4256&#8243; img_size=&#8221;medium&#8221; add_caption=&#8221;yes&#8221; alignment=&#8221;center&#8221;][\/vc_column][vc_column width=&#8221;1\/2&#8243;][vc_column_text]<\/p>\r\n<h2>Permotik Tik Ya\u011f\u0131<\/h2>\r\n<ul>\r\n<li class=\"bullet-checkmark\">Suya dayan\u0131kl\u0131<\/li>\r\n<li class=\"bullet-checkmark\">Ah\u015fab\u0131n do\u011fal dokusunu g\u00f6sterir<\/li>\r\n<li class=\"bullet-checkmark\">Ah\u015fab\u0131 korur ve besler<\/li>\r\n<li class=\"bullet-checkmark\">Kolay uygulama<\/li>\r\n<\/ul>\r\n<p>[\/vc_column_text][\/vc_column][\/vc_row][vc_row][vc_column][vc_column_text]<\/p>\r\n<h2>Permotik Koruyucu Tik Ya\u011f\u0131<\/h2>\r\n<p>Suyla yo\u011fun temas eden t\u00fcm ah\u015fap t\u00fcrleri, ah\u015faptan mamul park ve bah\u00e7e mobilyalar\u0131, tekne g\u00fcverteleri, deckler, banklar \u00fczerinde kullan\u0131l\u0131r.<\/p>\r\n<p>[\/vc_column_text][\/vc_column][\/vc_row]<\/p><\/div>","protected":false},"excerpt":{"rendered":"<p>[vc_row][vc_column][vc_column_text][\/vc_column_text][\/vc_column][\/vc_row][vc_row][vc_column width=&#8221;1\/2&#8243;][vc_single_image image=&#8221;4256&#8243; img_size=&#8221;medium&#8221; add_caption=&#8221;yes&#8221; alignment=&#8221;center&#8221;][\/vc_column][vc_column width=&#8221;1\/2&#8243;][vc_column_text] Permotik Tik Ya\u011f\u0131 Suya dayan\u0131kl\u0131 Ah\u015fab\u0131n do\u011fal dokusunu g\u00f6sterir Ah\u015fab\u0131 korur ve besler Kolay uygulama [\/vc_column_text][\/vc_column][\/vc_row][vc_row][vc_column][vc_column_text] Permotik Koruyucu Tik Ya\u011f\u0131 Suyla yo\u011fun temas eden t\u00fcm ah\u015fap t\u00fcrleri, ah\u015faptan mamul park ve bah\u00e7e mobilyalar\u0131, tekne g\u00fcverteleri, deckler, banklar \u00fczerinde kullan\u0131l\u0131r. [\/vc_column_text][\/vc_column][\/vc_row]<\/p>\n","protected":false},"author":1,"featured_media":3991,"parent":0,"menu_order":0,"comment_status":"closed","ping_status":"closed","template":"","meta":[],"acf":[],"_links":{"self":[{"href":"http:\/\/aksuboya.com.tr\/index.php?rest_route=\/wp\/v2\/pages\/4946"}],"collection":[{"href":"http:\/\/aksuboya.com.tr\/index.php?rest_route=\/wp\/v2\/pages"}],"about":[{"href":"http:\/\/aksuboya.com.tr\/index.php?rest_route=\/wp\/v2\/types\/page"}],"author":[{"embeddable":true,"href":"http:\/\/aksuboya.com.tr\/index.php?rest_route=\/wp\/v2\/users\/1"}],"replies":[{"embeddable":true,"href":"http:\/\/aksuboya.com.tr\/index.php?rest_route=%2Fwp%2Fv2%2Fcomments&post=4946"}],"version-history":[{"count":2,"href":"http:\/\/aksuboya.com.tr\/index.php?rest_route=\/wp\/v2\/pages\/4946\/revisions"}],"predecessor-version":[{"id":4948,"href":"http:\/\/aksuboya.com.tr\/index.php?rest_route=\/wp\/v2\/pages\/4946\/revisions\/4948"}],"wp:featuredmedia":[{"embeddable":true,"href":"http:\/\/aksuboya.com.tr\/index.php?rest_route=\/wp\/v2\/media\/3991"}],"wp:attachment":[{"href":"http:\/\/aksuboya.com.tr\/index.php?rest_route=%2Fwp%2Fv2%2Fmedia&parent=4946"}],"curies":[{"name":"wp","href":"https:\/\/api.w.org\/{rel}","templated":true}]}}