{"id":4952,"date":"2023-06-16T09:49:33","date_gmt":"2023-06-16T09:49:33","guid":{"rendered":"http:\/\/aksuboya.com.tr\/?page_id=4952"},"modified":"2023-06-16T09:52:06","modified_gmt":"2023-06-16T09:52:06","slug":"permovernik-vernikli-ahsap-koruyucu","status":"publish","type":"page","link":"http:\/\/aksuboya.com.tr\/?page_id=4952","title":{"rendered":"Permovernik Vernikli Ah\u015fap Koruyucu"},"content":{"rendered":"<div class=\"wpb-content-wrapper\"><p>[vc_row][vc_column][vc_column_text][\/vc_column_text][\/vc_column][\/vc_row][vc_row][vc_column width=&#8221;1\/2&#8243;][vc_single_image image=&#8221;4257&#8243; img_size=&#8221;medium&#8221; add_caption=&#8221;yes&#8221; alignment=&#8221;center&#8221;][\/vc_column][vc_column width=&#8221;1\/2&#8243;][vc_column_text]<\/p>\r\n<h2>Permovernik Vernikli Ah\u015fap Koruyucu<\/h2>\r\n<ul>\r\n<li class=\"bullet-checkmark\">Ah\u015fab\u0131n do\u011fal dokusunu g\u00f6sterir<\/li>\r\n<li class=\"bullet-checkmark\">Dekoratif<\/li>\r\n<li class=\"bullet-checkmark\">UV \u0131\u015f\u0131nlar\u0131na kar\u015f\u0131 dayan\u0131kl\u0131<\/li>\r\n<li class=\"bullet-checkmark\">Uzun \u00f6m\u00fcrl\u00fc<\/li>\r\n<\/ul>\r\n<p>[\/vc_column_text][\/vc_column][\/vc_row][vc_row][vc_column][vc_column_text]<\/p>\r\n<h2>Permovernik Vernikli Ah\u015fap Koruyucu<\/h2>\r\n<p>\u0130\u00e7eride ve d\u0131\u015far\u0131da her t\u00fcrl\u00fc ah\u015fap y\u00fczeylerde g\u00fcvenle kullan\u0131l\u0131r.\u00a0Ayr\u0131ca ah\u015fap koruyucu ve vernik uygulamas\u0131 gerektirmez.\u00a0Transparan yap\u0131s\u0131 ile ah\u015fab\u0131n do\u011fal dokusunu gizlemeden renklendirip korur.<\/p>\r\n<p>&nbsp;<\/p>\r\n<p>[\/vc_column_text][\/vc_column][\/vc_row]<\/p><\/div>","protected":false},"excerpt":{"rendered":"<p>[vc_row][vc_column][vc_column_text][\/vc_column_text][\/vc_column][\/vc_row][vc_row][vc_column width=&#8221;1\/2&#8243;][vc_single_image image=&#8221;4257&#8243; img_size=&#8221;medium&#8221; add_caption=&#8221;yes&#8221; alignment=&#8221;center&#8221;][\/vc_column][vc_column width=&#8221;1\/2&#8243;][vc_column_text] Permovernik Vernikli Ah\u015fap Koruyucu Ah\u015fab\u0131n do\u011fal dokusunu g\u00f6sterir Dekoratif UV \u0131\u015f\u0131nlar\u0131na kar\u015f\u0131 dayan\u0131kl\u0131 Uzun \u00f6m\u00fcrl\u00fc [\/vc_column_text][\/vc_column][\/vc_row][vc_row][vc_column][vc_column_text] Permovernik Vernikli Ah\u015fap Koruyucu \u0130\u00e7eride ve d\u0131\u015far\u0131da her t\u00fcrl\u00fc ah\u015fap y\u00fczeylerde g\u00fcvenle kullan\u0131l\u0131r.\u00a0Ayr\u0131ca ah\u015fap koruyucu ve vernik uygulamas\u0131 gerektirmez.\u00a0Transparan yap\u0131s\u0131 ile ah\u015fab\u0131n do\u011fal dokusunu gizlemeden renklendirip korur. &nbsp; [\/vc_column_text][\/vc_column][\/vc_row]<\/p>\n","protected":false},"author":1,"featured_media":3991,"parent":0,"menu_order":0,"comment_status":"closed","ping_status":"closed","template":"","meta":[],"acf":[],"_links":{"self":[{"href":"http:\/\/aksuboya.com.tr\/index.php?rest_route=\/wp\/v2\/pages\/4952"}],"collection":[{"href":"http:\/\/aksuboya.com.tr\/index.php?rest_route=\/wp\/v2\/pages"}],"about":[{"href":"http:\/\/aksuboya.com.tr\/index.php?rest_route=\/wp\/v2\/types\/page"}],"author":[{"embeddable":true,"href":"http:\/\/aksuboya.com.tr\/index.php?rest_route=\/wp\/v2\/users\/1"}],"replies":[{"embeddable":true,"href":"http:\/\/aksuboya.com.tr\/index.php?rest_route=%2Fwp%2Fv2%2Fcomments&post=4952"}],"version-history":[{"count":3,"href":"http:\/\/aksuboya.com.tr\/index.php?rest_route=\/wp\/v2\/pages\/4952\/revisions"}],"predecessor-version":[{"id":4955,"href":"http:\/\/aksuboya.com.tr\/index.php?rest_route=\/wp\/v2\/pages\/4952\/revisions\/4955"}],"wp:featuredmedia":[{"embeddable":true,"href":"http:\/\/aksuboya.com.tr\/index.php?rest_route=\/wp\/v2\/media\/3991"}],"wp:attachment":[{"href":"http:\/\/aksuboya.com.tr\/index.php?rest_route=%2Fwp%2Fv2%2Fmedia&parent=4952"}],"curies":[{"name":"wp","href":"https:\/\/api.w.org\/{rel}","templated":true}]}}