{"id":4959,"date":"2023-06-16T09:54:20","date_gmt":"2023-06-16T09:54:20","guid":{"rendered":"http:\/\/aksuboya.com.tr\/?page_id=4959"},"modified":"2023-06-16T09:56:08","modified_gmt":"2023-06-16T09:56:08","slug":"permoyat-yat-vernik","status":"publish","type":"page","link":"http:\/\/aksuboya.com.tr\/?page_id=4959","title":{"rendered":"Permoyat Yat Vernik"},"content":{"rendered":"<div class=\"wpb-content-wrapper\"><p>[vc_row][vc_column][vc_column_text][\/vc_column_text][\/vc_column][\/vc_row][vc_row][vc_column width=&#8221;1\/2&#8243;][vc_single_image image=&#8221;4258&#8243; img_size=&#8221;medium&#8221; add_caption=&#8221;yes&#8221; alignment=&#8221;center&#8221;][\/vc_column][vc_column width=&#8221;1\/2&#8243;][vc_column_text]<\/p>\r\n<h2>Permoyat Yat Vernik<\/h2>\r\n<ul>\r\n<li class=\"bullet-checkmark\">Suya dayan\u0131kl\u0131<\/li>\r\n<li class=\"bullet-checkmark\">Hava \u015fartlar\u0131na dayan\u0131kl\u0131<\/li>\r\n<li class=\"bullet-checkmark\">Doku fark\u0131n\u0131 \u00f6nler<\/li>\r\n<li class=\"bullet-checkmark\">Kolay uygulama<\/li>\r\n<\/ul>\r\n<p>[\/vc_column_text][\/vc_column][\/vc_row][vc_row][vc_column][vc_column_text]<\/p>\r\n<h2>Permoyat Yat Vernik<\/h2>\r\n<p>Binalar\u0131n her t\u00fcrl\u00fc ah\u015fap i\u00e7 ve d\u0131\u015f y\u00fczeylerinde, ah\u015faptan yap\u0131lm\u0131\u015f mobilyalarda ve deniz ta\u015f\u0131tlar\u0131n\u0131n ah\u015fap k\u0131s\u0131mlar\u0131nda kullan\u0131l\u0131r.\u00a0Ah\u015fab\u0131n do\u011fal g\u00f6r\u00fcn\u00fcm\u00fcn\u00fc bozmadan atmosfer ko\u015fullar\u0131na, \u00e7izilmeye, ya\u011fmur ve deniz suyunun y\u0131prat\u0131c\u0131 etkilerine kar\u015f\u0131 korur. \u00c7atlamaz, kabarmaz ve d\u00f6k\u00fclmez.<\/p>\r\n<p>[\/vc_column_text][\/vc_column][\/vc_row]<\/p><\/div>","protected":false},"excerpt":{"rendered":"<p>[vc_row][vc_column][vc_column_text][\/vc_column_text][\/vc_column][\/vc_row][vc_row][vc_column width=&#8221;1\/2&#8243;][vc_single_image image=&#8221;4258&#8243; img_size=&#8221;medium&#8221; add_caption=&#8221;yes&#8221; alignment=&#8221;center&#8221;][\/vc_column][vc_column width=&#8221;1\/2&#8243;][vc_column_text] Permoyat Yat Vernik Suya dayan\u0131kl\u0131 Hava \u015fartlar\u0131na dayan\u0131kl\u0131 Doku fark\u0131n\u0131 \u00f6nler Kolay uygulama [\/vc_column_text][\/vc_column][\/vc_row][vc_row][vc_column][vc_column_text] Permoyat Yat Vernik Binalar\u0131n her t\u00fcrl\u00fc ah\u015fap i\u00e7 ve d\u0131\u015f y\u00fczeylerinde, ah\u015faptan yap\u0131lm\u0131\u015f mobilyalarda ve deniz ta\u015f\u0131tlar\u0131n\u0131n ah\u015fap k\u0131s\u0131mlar\u0131nda kullan\u0131l\u0131r.\u00a0Ah\u015fab\u0131n do\u011fal g\u00f6r\u00fcn\u00fcm\u00fcn\u00fc bozmadan atmosfer ko\u015fullar\u0131na, \u00e7izilmeye, ya\u011fmur ve deniz suyunun y\u0131prat\u0131c\u0131 etkilerine kar\u015f\u0131 korur.&hellip;<\/p>\n","protected":false},"author":1,"featured_media":3991,"parent":0,"menu_order":0,"comment_status":"closed","ping_status":"closed","template":"","meta":[],"acf":[],"_links":{"self":[{"href":"http:\/\/aksuboya.com.tr\/index.php?rest_route=\/wp\/v2\/pages\/4959"}],"collection":[{"href":"http:\/\/aksuboya.com.tr\/index.php?rest_route=\/wp\/v2\/pages"}],"about":[{"href":"http:\/\/aksuboya.com.tr\/index.php?rest_route=\/wp\/v2\/types\/page"}],"author":[{"embeddable":true,"href":"http:\/\/aksuboya.com.tr\/index.php?rest_route=\/wp\/v2\/users\/1"}],"replies":[{"embeddable":true,"href":"http:\/\/aksuboya.com.tr\/index.php?rest_route=%2Fwp%2Fv2%2Fcomments&post=4959"}],"version-history":[{"count":4,"href":"http:\/\/aksuboya.com.tr\/index.php?rest_route=\/wp\/v2\/pages\/4959\/revisions"}],"predecessor-version":[{"id":4963,"href":"http:\/\/aksuboya.com.tr\/index.php?rest_route=\/wp\/v2\/pages\/4959\/revisions\/4963"}],"wp:featuredmedia":[{"embeddable":true,"href":"http:\/\/aksuboya.com.tr\/index.php?rest_route=\/wp\/v2\/media\/3991"}],"wp:attachment":[{"href":"http:\/\/aksuboya.com.tr\/index.php?rest_route=%2Fwp%2Fv2%2Fmedia&parent=4959"}],"curies":[{"name":"wp","href":"https:\/\/api.w.org\/{rel}","templated":true}]}}