{"id":4967,"date":"2023-06-16T09:58:04","date_gmt":"2023-06-16T09:58:04","guid":{"rendered":"http:\/\/aksuboya.com.tr\/?page_id=4967"},"modified":"2023-06-16T10:00:09","modified_gmt":"2023-06-16T10:00:09","slug":"masif-ve-kaplama-tamir-macunu","status":"publish","type":"page","link":"http:\/\/aksuboya.com.tr\/?page_id=4967","title":{"rendered":"Masif ve Kaplama Tamir Macunu"},"content":{"rendered":"<div class=\"wpb-content-wrapper\"><p>[vc_row][vc_column][vc_column_text][\/vc_column_text][\/vc_column][\/vc_row][vc_row][vc_column width=&#8221;1\/2&#8243;][vc_single_image image=&#8221;4259&#8243; img_size=&#8221;medium&#8221; add_caption=&#8221;yes&#8221; alignment=&#8221;center&#8221;][\/vc_column][vc_column width=&#8221;1\/2&#8243;][vc_column_text]<\/p>\r\n<h2>Masif ve Kaplama Tamir Macunu<\/h2>\r\n<ul>\r\n<li class=\"bullet-checkmark\">25 farkl\u0131 renk se\u00e7ene\u011fi<\/li>\r\n<li class=\"bullet-checkmark\">Doldurma g\u00fcc\u00fc y\u00fcksek<\/li>\r\n<\/ul>\r\n<p>[\/vc_column_text][\/vc_column][\/vc_row][vc_row][vc_column][vc_column_text]<\/p>\r\n<h2>Masif ve Kaplama Tamir Macunu<\/h2>\r\n<p>T\u00fcm ah\u015fap y\u00fczeylerdeki zemin bozukluklar\u0131n\u0131, a\u00e7\u0131kl\u0131klar\u0131n\u0131, tamir ve d\u00fczeltme amac\u0131yla kullan\u0131l\u0131r.\u00a025 farkl\u0131 renk se\u00e7ene\u011fi sunan, doldurma g\u00fcc\u00fc y\u00fcksek bir dolgu macunudur.<\/p>\r\n<p>[\/vc_column_text][\/vc_column][\/vc_row]<\/p><\/div>","protected":false},"excerpt":{"rendered":"<p>[vc_row][vc_column][vc_column_text][\/vc_column_text][\/vc_column][\/vc_row][vc_row][vc_column width=&#8221;1\/2&#8243;][vc_single_image image=&#8221;4259&#8243; img_size=&#8221;medium&#8221; add_caption=&#8221;yes&#8221; alignment=&#8221;center&#8221;][\/vc_column][vc_column width=&#8221;1\/2&#8243;][vc_column_text] Masif ve Kaplama Tamir Macunu 25 farkl\u0131 renk se\u00e7ene\u011fi Doldurma g\u00fcc\u00fc y\u00fcksek [\/vc_column_text][\/vc_column][\/vc_row][vc_row][vc_column][vc_column_text] Masif ve Kaplama Tamir Macunu T\u00fcm ah\u015fap y\u00fczeylerdeki zemin bozukluklar\u0131n\u0131, a\u00e7\u0131kl\u0131klar\u0131n\u0131, tamir ve d\u00fczeltme amac\u0131yla kullan\u0131l\u0131r.\u00a025 farkl\u0131 renk se\u00e7ene\u011fi sunan, doldurma g\u00fcc\u00fc y\u00fcksek bir dolgu macunudur. [\/vc_column_text][\/vc_column][\/vc_row]<\/p>\n","protected":false},"author":1,"featured_media":3991,"parent":0,"menu_order":0,"comment_status":"closed","ping_status":"closed","template":"","meta":[],"acf":[],"_links":{"self":[{"href":"http:\/\/aksuboya.com.tr\/index.php?rest_route=\/wp\/v2\/pages\/4967"}],"collection":[{"href":"http:\/\/aksuboya.com.tr\/index.php?rest_route=\/wp\/v2\/pages"}],"about":[{"href":"http:\/\/aksuboya.com.tr\/index.php?rest_route=\/wp\/v2\/types\/page"}],"author":[{"embeddable":true,"href":"http:\/\/aksuboya.com.tr\/index.php?rest_route=\/wp\/v2\/users\/1"}],"replies":[{"embeddable":true,"href":"http:\/\/aksuboya.com.tr\/index.php?rest_route=%2Fwp%2Fv2%2Fcomments&post=4967"}],"version-history":[{"count":3,"href":"http:\/\/aksuboya.com.tr\/index.php?rest_route=\/wp\/v2\/pages\/4967\/revisions"}],"predecessor-version":[{"id":4970,"href":"http:\/\/aksuboya.com.tr\/index.php?rest_route=\/wp\/v2\/pages\/4967\/revisions\/4970"}],"wp:featuredmedia":[{"embeddable":true,"href":"http:\/\/aksuboya.com.tr\/index.php?rest_route=\/wp\/v2\/media\/3991"}],"wp:attachment":[{"href":"http:\/\/aksuboya.com.tr\/index.php?rest_route=%2Fwp%2Fv2%2Fmedia&parent=4967"}],"curies":[{"name":"wp","href":"https:\/\/api.w.org\/{rel}","templated":true}]}}