{"id":4990,"date":"2023-06-16T16:28:49","date_gmt":"2023-06-16T16:28:49","guid":{"rendered":"http:\/\/aksuboya.com.tr\/?page_id=4990"},"modified":"2023-06-16T16:31:38","modified_gmt":"2023-06-16T16:31:38","slug":"permoyol-su-bazli-yol-cizgi-boyasi","status":"publish","type":"page","link":"http:\/\/aksuboya.com.tr\/?page_id=4990","title":{"rendered":"Permoyol Su Bazl\u0131 Yol \u00c7izgi Boyas\u0131"},"content":{"rendered":"<div class=\"wpb-content-wrapper\"><p>[vc_row][vc_column][vc_column_text][\/vc_column_text][\/vc_column][\/vc_row][vc_row][vc_column width=&#8221;1\/2&#8243;][vc_single_image image=&#8221;4304&#8243; img_size=&#8221;medium&#8221; add_caption=&#8221;yes&#8221; alignment=&#8221;center&#8221;][\/vc_column][vc_column width=&#8221;1\/2&#8243;][vc_column_text]<\/p>\r\n<h2>Permoyol Su Bazl\u0131 Yol \u00c7izgi Boyas\u0131<\/h2>\r\n<ul>\r\n<li class=\"bullet-checkmark\">Yap\u0131\u015fma g\u00fcc\u00fc y\u00fcksek<\/li>\r\n<li class=\"bullet-checkmark\">Mekanik s\u00fcrt\u00fcnmelere ve kimyasallara kar\u015f\u0131 diren\u00e7li<\/li>\r\n<li class=\"bullet-checkmark\">Kuruma performans\u0131 y\u00fcksek<\/li>\r\n<li class=\"bullet-checkmark\">UV \u0131\u015f\u0131nlar\u0131na ve olumsuz hava \u015fartlar\u0131na kar\u015f\u0131 dayan\u0131kl\u0131<\/li>\r\n<li class=\"bullet-checkmark\">Kapal\u0131 mekanlarda g\u00fcvenli kullan\u0131m<\/li>\r\n<li class=\"bullet-checkmark\">D\u00fc\u015f\u00fck VOC i\u00e7eri\u011fine sahip \u00e7evre dostu<\/li>\r\n<\/ul>\r\n<p>[\/vc_column_text][\/vc_column][\/vc_row][vc_row][vc_column][vc_column_text]<\/p>\r\n<h2>Permoyol Su Bazl\u0131 Yol \u00c7izgi Boyas\u0131<\/h2>\r\n<div class=\"woocommerce-tabs wc-tabs-wrapper container tabbed-content\">\r\n<div class=\"tab-panels\">\r\n<div id=\"tab-description\" class=\"woocommerce-Tabs-panel woocommerce-Tabs-panel--description panel entry-content active\" role=\"tabpanel\" aria-labelledby=\"tab-title-description\">\r\n<p>Permoyol Su Bazl\u0131 Yol \u00c7izgi Boyas\u0131, asfalt, beton, mozaik vb. y\u00fczeylerde, yol \u00e7izgilerinin i\u015faretlenmesinde, kald\u0131r\u0131m bord\u00fcr ta\u015flar\u0131n\u0131 boyanmas\u0131nda, otoparklar, siteler ve al\u0131\u015fveri\u015f merkezlerinde ve s\u00fcrtmeye dayan\u0131kl\u0131 boya gerektiren t\u00fcm y\u00fczeylerde i\u015faretleme ama\u00e7l\u0131 kullan\u0131l\u0131r. Su bazl\u0131 Y\u00fcksek \u00f6rt\u00fcc\u00fcl\u00fc\u011fe sahiptir. Tuzlu suya, mekanik s\u00fcrt\u00fcnmelere ve kimyasallara kar\u015f\u0131 diren\u00e7lidir.<\/p>\r\n<\/div>\r\n<\/div>\r\n<\/div>\r\n<p>[\/vc_column_text][\/vc_column][\/vc_row]<\/p><\/div>","protected":false},"excerpt":{"rendered":"<p>[vc_row][vc_column][vc_column_text][\/vc_column_text][\/vc_column][\/vc_row][vc_row][vc_column width=&#8221;1\/2&#8243;][vc_single_image image=&#8221;4304&#8243; img_size=&#8221;medium&#8221; add_caption=&#8221;yes&#8221; alignment=&#8221;center&#8221;][\/vc_column][vc_column width=&#8221;1\/2&#8243;][vc_column_text] Permoyol Su Bazl\u0131 Yol \u00c7izgi Boyas\u0131 Yap\u0131\u015fma g\u00fcc\u00fc y\u00fcksek Mekanik s\u00fcrt\u00fcnmelere ve kimyasallara kar\u015f\u0131 diren\u00e7li Kuruma performans\u0131 y\u00fcksek UV \u0131\u015f\u0131nlar\u0131na ve olumsuz hava \u015fartlar\u0131na kar\u015f\u0131 dayan\u0131kl\u0131 Kapal\u0131 mekanlarda g\u00fcvenli kullan\u0131m D\u00fc\u015f\u00fck VOC i\u00e7eri\u011fine sahip \u00e7evre dostu [\/vc_column_text][\/vc_column][\/vc_row][vc_row][vc_column][vc_column_text] Permoyol Su Bazl\u0131 Yol \u00c7izgi Boyas\u0131 Permoyol Su Bazl\u0131 Yol \u00c7izgi&hellip;<\/p>\n","protected":false},"author":1,"featured_media":3991,"parent":0,"menu_order":0,"comment_status":"closed","ping_status":"closed","template":"","meta":[],"acf":[],"_links":{"self":[{"href":"http:\/\/aksuboya.com.tr\/index.php?rest_route=\/wp\/v2\/pages\/4990"}],"collection":[{"href":"http:\/\/aksuboya.com.tr\/index.php?rest_route=\/wp\/v2\/pages"}],"about":[{"href":"http:\/\/aksuboya.com.tr\/index.php?rest_route=\/wp\/v2\/types\/page"}],"author":[{"embeddable":true,"href":"http:\/\/aksuboya.com.tr\/index.php?rest_route=\/wp\/v2\/users\/1"}],"replies":[{"embeddable":true,"href":"http:\/\/aksuboya.com.tr\/index.php?rest_route=%2Fwp%2Fv2%2Fcomments&post=4990"}],"version-history":[{"count":3,"href":"http:\/\/aksuboya.com.tr\/index.php?rest_route=\/wp\/v2\/pages\/4990\/revisions"}],"predecessor-version":[{"id":4993,"href":"http:\/\/aksuboya.com.tr\/index.php?rest_route=\/wp\/v2\/pages\/4990\/revisions\/4993"}],"wp:featuredmedia":[{"embeddable":true,"href":"http:\/\/aksuboya.com.tr\/index.php?rest_route=\/wp\/v2\/media\/3991"}],"wp:attachment":[{"href":"http:\/\/aksuboya.com.tr\/index.php?rest_route=%2Fwp%2Fv2%2Fmedia&parent=4990"}],"curies":[{"name":"wp","href":"https:\/\/api.w.org\/{rel}","templated":true}]}}