{"id":5004,"date":"2023-06-16T16:38:54","date_gmt":"2023-06-16T16:38:54","guid":{"rendered":"http:\/\/aksuboya.com.tr\/?page_id=5004"},"modified":"2023-06-16T16:41:32","modified_gmt":"2023-06-16T16:41:32","slug":"su-bazli-yangin-geciktirici-boya","status":"publish","type":"page","link":"http:\/\/aksuboya.com.tr\/?page_id=5004","title":{"rendered":"Su Bazl\u0131 Yang\u0131n Geciktirici Boya"},"content":{"rendered":"<div class=\"wpb-content-wrapper\"><p>[vc_row][vc_column][vc_column_text][\/vc_column_text][\/vc_column][\/vc_row][vc_row][vc_column width=&#8221;1\/2&#8243;][vc_single_image image=&#8221;4306&#8243; img_size=&#8221;medium&#8221; add_caption=&#8221;yes&#8221; alignment=&#8221;center&#8221;][\/vc_column][vc_column width=&#8221;1\/2&#8243;][vc_column_text]<\/p>\r\n<h2>Su Bazl\u0131 Yang\u0131n Geciktirici Boya<\/h2>\r\n<ul>\r\n<li class=\"bullet-checkmark\">Yang\u0131n esnas\u0131nda kal\u0131nl\u0131\u011f\u0131n\u0131n 40-60 kabar\u0131r<\/li>\r\n<li class=\"bullet-checkmark\">Son kat Permomax \u0130pek Mat uygulanmal\u0131d\u0131r<\/li>\r\n<\/ul>\r\n<p>[\/vc_column_text][\/vc_column][\/vc_row][vc_row][vc_column][vc_column_text]<\/p>\r\n<h2>Su Bazl\u0131 Yang\u0131n Geciktirici Boya<\/h2>\r\n<div class=\"product-description\">Su bazl\u0131, akrilik em\u00fclsiyon esasl\u0131, yang\u0131n geciktirici \u00f6zellikte, mat i\u00e7 cephe ara kat boyas\u0131d\u0131r. \u0130\u00e7 cephelerde ah\u015fap, \u00e7elik, mineral esasl\u0131 y\u00fczeylerde uygun astarlama sonras\u0131 kullan\u0131labilir.<\/div>\r\n<div class=\"product-features\">Pasif yang\u0131n korumas\u0131 sa\u011flayan boya sistemi olup reaktif ara kat olarak kullan\u0131l\u0131r. Herhangi bir yang\u0131n esnas\u0131nda artan \u0131s\u0131 ile birlikte boya bile\u015fenleri birbirleriyle reaksiyona girerek kal\u0131n ve g\u00fc\u00e7l\u00fc bir karbon k\u00f6p\u00fck olu\u015fturur. Bu k\u00f6p\u00fck, boyan\u0131n uyguland\u0131\u011f\u0131 orijinal film kal\u0131nl\u0131\u011f\u0131n\u0131n 40 \u2013 60 kat\u0131 kadar kal\u0131nl\u0131\u011fa eri\u015ferek \u0131s\u0131 transferini engelleyici fiziksel bir bariyer olu\u015fturmak suretiyle alttaki \u00e7elik, duvar veya ah\u015fap malzemeleri yang\u0131n\u0131n \u0131s\u0131s\u0131ndan ve direkt alevinden korumaktad\u0131r. Elde edilen Is\u0131 yal\u0131t\u0131m\u0131 ile s\u0131cakl\u0131k art\u0131\u015f h\u0131z\u0131 yava\u015flat\u0131larak yap\u0131 i\u00e7erisindeki ki\u015filerin yap\u0131y\u0131 terk etmeleri ve yang\u0131n\u0131n kontrol alt\u0131na al\u0131nmas\u0131 i\u00e7in s\u00fcre kazan\u0131l\u0131r. Yang\u0131n esnas\u0131nda ortam s\u0131cakl\u0131\u011f\u0131ndan uyguland\u0131\u011f\u0131 y\u00fczeyleri, uygulama kal\u0131nl\u0131\u011f\u0131na ba\u011fl\u0131 olarak 90 dakikaya kadar korur. \u00d6zellikle \u00e7eli\u011fin kritik s\u0131cakl\u0131\u011fa gelmesini geciktirerek can ve mal kay\u0131plar\u0131n\u0131n artmas\u0131na engel olur. Yang\u0131n geciktirici boyay\u0131 d\u0131\u015f etkenlerden korumak i\u00e7in son kat olarak Permomax ipek mat i\u00e7 cephe boyas\u0131, uygulanmal\u0131d\u0131r.<\/div>\r\n<p>[\/vc_column_text][\/vc_column][\/vc_row]<\/p><\/div>","protected":false},"excerpt":{"rendered":"<p>[vc_row][vc_column][vc_column_text][\/vc_column_text][\/vc_column][\/vc_row][vc_row][vc_column width=&#8221;1\/2&#8243;][vc_single_image image=&#8221;4306&#8243; img_size=&#8221;medium&#8221; add_caption=&#8221;yes&#8221; alignment=&#8221;center&#8221;][\/vc_column][vc_column width=&#8221;1\/2&#8243;][vc_column_text] Su Bazl\u0131 Yang\u0131n Geciktirici Boya Yang\u0131n esnas\u0131nda kal\u0131nl\u0131\u011f\u0131n\u0131n 40-60 kabar\u0131r Son kat Permomax \u0130pek Mat uygulanmal\u0131d\u0131r [\/vc_column_text][\/vc_column][\/vc_row][vc_row][vc_column][vc_column_text] Su Bazl\u0131 Yang\u0131n Geciktirici Boya Su bazl\u0131, akrilik em\u00fclsiyon esasl\u0131, yang\u0131n geciktirici \u00f6zellikte, mat i\u00e7 cephe ara kat boyas\u0131d\u0131r. \u0130\u00e7 cephelerde ah\u015fap, \u00e7elik, mineral esasl\u0131 y\u00fczeylerde uygun astarlama sonras\u0131 kullan\u0131labilir. Pasif&hellip;<\/p>\n","protected":false},"author":1,"featured_media":3991,"parent":0,"menu_order":0,"comment_status":"closed","ping_status":"closed","template":"","meta":[],"acf":[],"_links":{"self":[{"href":"http:\/\/aksuboya.com.tr\/index.php?rest_route=\/wp\/v2\/pages\/5004"}],"collection":[{"href":"http:\/\/aksuboya.com.tr\/index.php?rest_route=\/wp\/v2\/pages"}],"about":[{"href":"http:\/\/aksuboya.com.tr\/index.php?rest_route=\/wp\/v2\/types\/page"}],"author":[{"embeddable":true,"href":"http:\/\/aksuboya.com.tr\/index.php?rest_route=\/wp\/v2\/users\/1"}],"replies":[{"embeddable":true,"href":"http:\/\/aksuboya.com.tr\/index.php?rest_route=%2Fwp%2Fv2%2Fcomments&post=5004"}],"version-history":[{"count":2,"href":"http:\/\/aksuboya.com.tr\/index.php?rest_route=\/wp\/v2\/pages\/5004\/revisions"}],"predecessor-version":[{"id":5006,"href":"http:\/\/aksuboya.com.tr\/index.php?rest_route=\/wp\/v2\/pages\/5004\/revisions\/5006"}],"wp:featuredmedia":[{"embeddable":true,"href":"http:\/\/aksuboya.com.tr\/index.php?rest_route=\/wp\/v2\/media\/3991"}],"wp:attachment":[{"href":"http:\/\/aksuboya.com.tr\/index.php?rest_route=%2Fwp%2Fv2%2Fmedia&parent=5004"}],"curies":[{"name":"wp","href":"https:\/\/api.w.org\/{rel}","templated":true}]}}