{"id":5049,"date":"2023-07-09T18:46:09","date_gmt":"2023-07-09T18:46:09","guid":{"rendered":"http:\/\/aksuboya.com.tr\/?page_id=5049"},"modified":"2023-07-09T20:53:12","modified_gmt":"2023-07-09T20:53:12","slug":"urunler-2","status":"publish","type":"page","link":"http:\/\/aksuboya.com.tr\/?page_id=5049","title":{"rendered":"\u00dcr\u00fcnler"},"content":{"rendered":"<div class=\"wpb-content-wrapper\">\t\t<div data-elementor-type=\"wp-page\" data-elementor-id=\"5049\" class=\"elementor elementor-5049\">\n\t\t\t\t\t\t<section class=\"elementor-section elementor-top-section elementor-element elementor-element-147f6cef elementor-section-boxed elementor-section-height-default elementor-section-height-default\" data-id=\"147f6cef\" data-element_type=\"section\">\n\t\t\t\t\t\t<div class=\"elementor-container elementor-column-gap-default\">\n\t\t\t\t\t<div class=\"elementor-column elementor-col-100 elementor-top-column elementor-element elementor-element-8196c6\" data-id=\"8196c6\" data-element_type=\"column\">\n\t\t\t<div class=\"elementor-widget-wrap elementor-element-populated\">\n\t\t\t\t\t\t<div class=\"elementor-element elementor-element-6f8ffba1 elementor-widget elementor-widget-text-editor\" data-id=\"6f8ffba1\" data-element_type=\"widget\" data-widget_type=\"text-editor.default\">\n\t\t\t\t<div class=\"elementor-widget-container\">\n\t\t\t<style>\/*! elementor - v3.23.0 - 05-08-2024 *\/\n.elementor-widget-text-editor.elementor-drop-cap-view-stacked .elementor-drop-cap{background-color:#69727d;color:#fff}.elementor-widget-text-editor.elementor-drop-cap-view-framed .elementor-drop-cap{color:#69727d;border:3px solid;background-color:transparent}.elementor-widget-text-editor:not(.elementor-drop-cap-view-default) .elementor-drop-cap{margin-top:8px}.elementor-widget-text-editor:not(.elementor-drop-cap-view-default) .elementor-drop-cap-letter{width:1em;height:1em}.elementor-widget-text-editor .elementor-drop-cap{float:left;text-align:center;line-height:1;font-size:50px}.elementor-widget-text-editor .elementor-drop-cap-letter{display:inline-block}<\/style>\t\t\t\t[vc_row][vc_column width=&#8221;1\/3&#8243;][\/vc_column][vc_column width=&#8221;1\/3&#8243;][\/vc_column][vc_column width=&#8221;1\/3&#8243;][\/vc_column][\/vc_row]\t\t\t\t\t\t<\/div>\n\t\t\t\t<\/div>\n\t\t\t\t\t<\/div>\n\t\t<\/div>\n\t\t\t\t\t<\/div>\n\t\t<\/section>\n\t\t<div class=\"elementor-element elementor-element-cea8a98 e-grid e-con-boxed e-con e-parent\" data-id=\"cea8a98\" data-element_type=\"container\">\n\t\t\t\t\t<div class=\"e-con-inner\">\n\t\t\t\t<div class=\"elementor-element elementor-element-3e84f29 elementor-position-top elementor-widget elementor-widget-image-box\" data-id=\"3e84f29\" data-element_type=\"widget\" data-widget_type=\"image-box.default\">\n\t\t\t\t<div class=\"elementor-widget-container\">\n\t\t\t<style>\/*! elementor - v3.23.0 - 05-08-2024 *\/\n.elementor-widget-image-box .elementor-image-box-content{width:100%}@media (min-width:768px){.elementor-widget-image-box.elementor-position-left .elementor-image-box-wrapper,.elementor-widget-image-box.elementor-position-right .elementor-image-box-wrapper{display:flex}.elementor-widget-image-box.elementor-position-right .elementor-image-box-wrapper{text-align:end;flex-direction:row-reverse}.elementor-widget-image-box.elementor-position-left .elementor-image-box-wrapper{text-align:start;flex-direction:row}.elementor-widget-image-box.elementor-position-top .elementor-image-box-img{margin:auto}.elementor-widget-image-box.elementor-vertical-align-top .elementor-image-box-wrapper{align-items:flex-start}.elementor-widget-image-box.elementor-vertical-align-middle .elementor-image-box-wrapper{align-items:center}.elementor-widget-image-box.elementor-vertical-align-bottom .elementor-image-box-wrapper{align-items:flex-end}}@media (max-width:767px){.elementor-widget-image-box .elementor-image-box-img{margin-left:auto!important;margin-right:auto!important;margin-bottom:15px}}.elementor-widget-image-box .elementor-image-box-img{display:inline-block}.elementor-widget-image-box .elementor-image-box-title a{color:inherit}.elementor-widget-image-box .elementor-image-box-wrapper{text-align:center}.elementor-widget-image-box .elementor-image-box-description{margin:0}<\/style><div class=\"elementor-image-box-wrapper\"><figure class=\"elementor-image-box-img\"><a href=\"http:\/\/aksuboya.com.tr\/?page_id=4036\" tabindex=\"-1\"><img fetchpriority=\"high\" decoding=\"async\" width=\"1251\" height=\"1250\" src=\"http:\/\/aksuboya.com.tr\/wp-content\/uploads\/2023\/05\/1-04.png\" class=\"attachment-full size-full wp-image-3856\" alt=\"\" srcset=\"http:\/\/aksuboya.com.tr\/wp-content\/uploads\/2023\/05\/1-04.png 1251w, http:\/\/aksuboya.com.tr\/wp-content\/uploads\/2023\/05\/1-04-300x300.png 300w, http:\/\/aksuboya.com.tr\/wp-content\/uploads\/2023\/05\/1-04-1024x1024.png 1024w, http:\/\/aksuboya.com.tr\/wp-content\/uploads\/2023\/05\/1-04-150x150.png 150w, http:\/\/aksuboya.com.tr\/wp-content\/uploads\/2023\/05\/1-04-768x767.png 768w\" sizes=\"(max-width: 1251px) 100vw, 1251px\" \/><\/a><\/figure><div class=\"elementor-image-box-content\"><h3 class=\"elementor-image-box-title\"><a href=\"http:\/\/aksuboya.com.tr\/?page_id=4036\"> Permomax \u00dcr\u00fcn Grubu<\/a><\/h3><p class=\"elementor-image-box-description\">Permolit Boya'n\u0131n d\u00f6rt mevsim sa\u011fl\u0131k ve her cephede koruma sa\u011flayan Permomax serisi ile maksimum hijyen ve bak\u0131m!\n<\/p><\/div><\/div>\t\t<\/div>\n\t\t\t\t<\/div>\n\t\t\t\t<div class=\"elementor-element elementor-element-9fc7a75 e-transform elementor-position-top elementor-widget elementor-widget-image-box\" data-id=\"9fc7a75\" data-element_type=\"widget\" data-settings=\"{&quot;_transform_scale_effect&quot;:{&quot;unit&quot;:&quot;px&quot;,&quot;size&quot;:&quot;&quot;,&quot;sizes&quot;:[]},&quot;_transform_scale_effect_tablet&quot;:{&quot;unit&quot;:&quot;px&quot;,&quot;size&quot;:&quot;&quot;,&quot;sizes&quot;:[]},&quot;_transform_scale_effect_mobile&quot;:{&quot;unit&quot;:&quot;px&quot;,&quot;size&quot;:&quot;&quot;,&quot;sizes&quot;:[]}}\" data-widget_type=\"image-box.default\">\n\t\t\t\t<div class=\"elementor-widget-container\">\n\t\t\t<div class=\"elementor-image-box-wrapper\"><figure class=\"elementor-image-box-img\"><a href=\"http:\/\/aksuboya.com.tr\/?page_id=4041\" tabindex=\"-1\"><img decoding=\"async\" width=\"1667\" height=\"1667\" src=\"http:\/\/aksuboya.com.tr\/wp-content\/uploads\/2023\/07\/Untitled-1-01-2.png\" class=\"attachment-full size-full wp-image-5055\" alt=\"\" srcset=\"http:\/\/aksuboya.com.tr\/wp-content\/uploads\/2023\/07\/Untitled-1-01-2.png 1667w, http:\/\/aksuboya.com.tr\/wp-content\/uploads\/2023\/07\/Untitled-1-01-2-300x300.png 300w, http:\/\/aksuboya.com.tr\/wp-content\/uploads\/2023\/07\/Untitled-1-01-2-1024x1024.png 1024w, http:\/\/aksuboya.com.tr\/wp-content\/uploads\/2023\/07\/Untitled-1-01-2-150x150.png 150w, http:\/\/aksuboya.com.tr\/wp-content\/uploads\/2023\/07\/Untitled-1-01-2-768x768.png 768w, http:\/\/aksuboya.com.tr\/wp-content\/uploads\/2023\/07\/Untitled-1-01-2-1536x1536.png 1536w, http:\/\/aksuboya.com.tr\/wp-content\/uploads\/2023\/07\/Untitled-1-01-2-600x600.png 600w, http:\/\/aksuboya.com.tr\/wp-content\/uploads\/2023\/07\/Untitled-1-01-2-200x200.png 200w\" sizes=\"(max-width: 1667px) 100vw, 1667px\" \/><\/a><\/figure><div class=\"elementor-image-box-content\"><h3 class=\"elementor-image-box-title\"><a href=\"http:\/\/aksuboya.com.tr\/?page_id=4041\">Su Bazl\u0131 \u0130\u00e7 Cephe Boyalar\u0131<\/a><\/h3><p class=\"elementor-image-box-description\">Permolit Su Bazl\u0131 \u0130\u00e7 Cephe Boyalar\u0131, her mekana \u00f6zg\u00fcn bir tarz katarken ayn\u0131 zamanda sa\u011fl\u0131k ve g\u00fczellik sunuyor.\n<\/p><\/div><\/div>\t\t<\/div>\n\t\t\t\t<\/div>\n\t\t\t\t<div class=\"elementor-element elementor-element-01ad749 elementor-position-top elementor-widget elementor-widget-image-box\" data-id=\"01ad749\" data-element_type=\"widget\" data-widget_type=\"image-box.default\">\n\t\t\t\t<div class=\"elementor-widget-container\">\n\t\t\t<div class=\"elementor-image-box-wrapper\"><figure class=\"elementor-image-box-img\"><a href=\"http:\/\/aksuboya.com.tr\/?page_id=4058\" tabindex=\"-1\"><img decoding=\"async\" width=\"1667\" height=\"1667\" src=\"http:\/\/aksuboya.com.tr\/wp-content\/uploads\/2023\/07\/1-05.png\" class=\"attachment-full size-full wp-image-5056\" alt=\"\" srcset=\"http:\/\/aksuboya.com.tr\/wp-content\/uploads\/2023\/07\/1-05.png 1667w, http:\/\/aksuboya.com.tr\/wp-content\/uploads\/2023\/07\/1-05-300x300.png 300w, http:\/\/aksuboya.com.tr\/wp-content\/uploads\/2023\/07\/1-05-1024x1024.png 1024w, http:\/\/aksuboya.com.tr\/wp-content\/uploads\/2023\/07\/1-05-150x150.png 150w, http:\/\/aksuboya.com.tr\/wp-content\/uploads\/2023\/07\/1-05-768x768.png 768w, http:\/\/aksuboya.com.tr\/wp-content\/uploads\/2023\/07\/1-05-1536x1536.png 1536w, http:\/\/aksuboya.com.tr\/wp-content\/uploads\/2023\/07\/1-05-600x600.png 600w, http:\/\/aksuboya.com.tr\/wp-content\/uploads\/2023\/07\/1-05-200x200.png 200w\" sizes=\"(max-width: 1667px) 100vw, 1667px\" \/><\/a><\/figure><div class=\"elementor-image-box-content\"><h3 class=\"elementor-image-box-title\"><a href=\"http:\/\/aksuboya.com.tr\/?page_id=4058\">Su Bazl\u0131 D\u0131\u015f Cephe Boyalar\u0131<\/a><\/h3><p class=\"elementor-image-box-description\">\n\nPermolit Su Bazl\u0131 D\u0131\u015f Cephe Boyalar\u0131, d\u00f6rt mevsim boyunca m\u00fckemmel koruma sa\u011flayarak uzun \u00f6m\u00fcrl\u00fc ve etkileyici d\u0131\u015f cepheler sunuyor!\n<\/p><\/div><\/div>\t\t<\/div>\n\t\t\t\t<\/div>\n\t\t\t\t<div class=\"elementor-element elementor-element-072c637 elementor-position-top elementor-widget elementor-widget-image-box\" data-id=\"072c637\" data-element_type=\"widget\" data-widget_type=\"image-box.default\">\n\t\t\t\t<div class=\"elementor-widget-container\">\n\t\t\t<div class=\"elementor-image-box-wrapper\"><figure class=\"elementor-image-box-img\"><a href=\"http:\/\/aksuboya.com.tr\/?page_id=4070\" tabindex=\"-1\"><img loading=\"lazy\" decoding=\"async\" width=\"1667\" height=\"1667\" src=\"http:\/\/aksuboya.com.tr\/wp-content\/uploads\/2023\/07\/1-01.png\" class=\"attachment-full size-full wp-image-5057\" alt=\"\" srcset=\"http:\/\/aksuboya.com.tr\/wp-content\/uploads\/2023\/07\/1-01.png 1667w, http:\/\/aksuboya.com.tr\/wp-content\/uploads\/2023\/07\/1-01-300x300.png 300w, http:\/\/aksuboya.com.tr\/wp-content\/uploads\/2023\/07\/1-01-1024x1024.png 1024w, http:\/\/aksuboya.com.tr\/wp-content\/uploads\/2023\/07\/1-01-150x150.png 150w, http:\/\/aksuboya.com.tr\/wp-content\/uploads\/2023\/07\/1-01-768x768.png 768w, http:\/\/aksuboya.com.tr\/wp-content\/uploads\/2023\/07\/1-01-1536x1536.png 1536w, http:\/\/aksuboya.com.tr\/wp-content\/uploads\/2023\/07\/1-01-600x600.png 600w, http:\/\/aksuboya.com.tr\/wp-content\/uploads\/2023\/07\/1-01-200x200.png 200w\" sizes=\"(max-width: 1667px) 100vw, 1667px\" \/><\/a><\/figure><div class=\"elementor-image-box-content\"><h3 class=\"elementor-image-box-title\"><a href=\"http:\/\/aksuboya.com.tr\/?page_id=4070\">Tavan Boyalar\u0131<\/a><\/h3><p class=\"elementor-image-box-description\">\n\nPermolit Boya, T\u00fcrkiye'nin \u00f6nc\u00fc ve lider tavan boyas\u0131 \u00fcreticisi olarak sa\u011fl\u0131k ve \u0131\u015f\u0131lt\u0131y\u0131 ya\u015fam alanlar\u0131n\u0131za sunuyor. Tavan Boyas\u0131 serisi ile evinizi ayd\u0131nl\u0131k ve sa\u011fl\u0131kl\u0131 hale getirin!\n<\/p><\/div><\/div>\t\t<\/div>\n\t\t\t\t<\/div>\n\t\t\t\t<div class=\"elementor-element elementor-element-83a271e elementor-position-top elementor-widget elementor-widget-image-box\" data-id=\"83a271e\" data-element_type=\"widget\" data-widget_type=\"image-box.default\">\n\t\t\t\t<div class=\"elementor-widget-container\">\n\t\t\t<div class=\"elementor-image-box-wrapper\"><figure class=\"elementor-image-box-img\"><a href=\"http:\/\/aksuboya.com.tr\/?page_id=4080\" tabindex=\"-1\"><img loading=\"lazy\" decoding=\"async\" width=\"1667\" height=\"1667\" src=\"http:\/\/aksuboya.com.tr\/wp-content\/uploads\/2023\/07\/1-01-1.png\" class=\"attachment-full size-full wp-image-5058\" alt=\"\" srcset=\"http:\/\/aksuboya.com.tr\/wp-content\/uploads\/2023\/07\/1-01-1.png 1667w, http:\/\/aksuboya.com.tr\/wp-content\/uploads\/2023\/07\/1-01-1-300x300.png 300w, http:\/\/aksuboya.com.tr\/wp-content\/uploads\/2023\/07\/1-01-1-1024x1024.png 1024w, http:\/\/aksuboya.com.tr\/wp-content\/uploads\/2023\/07\/1-01-1-150x150.png 150w, http:\/\/aksuboya.com.tr\/wp-content\/uploads\/2023\/07\/1-01-1-768x768.png 768w, http:\/\/aksuboya.com.tr\/wp-content\/uploads\/2023\/07\/1-01-1-1536x1536.png 1536w, http:\/\/aksuboya.com.tr\/wp-content\/uploads\/2023\/07\/1-01-1-600x600.png 600w, http:\/\/aksuboya.com.tr\/wp-content\/uploads\/2023\/07\/1-01-1-200x200.png 200w\" sizes=\"(max-width: 1667px) 100vw, 1667px\" \/><\/a><\/figure><div class=\"elementor-image-box-content\"><h3 class=\"elementor-image-box-title\"><a href=\"http:\/\/aksuboya.com.tr\/?page_id=4080\">Permolife Serisi<\/a><\/h3><p class=\"elementor-image-box-description\">\n\nPermolife serisiyle y\u00fczeyleriniz i\u00e7in EN71-3 standard\u0131na uygun m\u00fckemmel koruma sa\u011fl\u0131yoruz, sevdikleriniz art\u0131k daha g\u00fcvende!\n<\/p><\/div><\/div>\t\t<\/div>\n\t\t\t\t<\/div>\n\t\t\t\t<div class=\"elementor-element elementor-element-8752e28 elementor-position-top elementor-widget elementor-widget-image-box\" data-id=\"8752e28\" data-element_type=\"widget\" data-widget_type=\"image-box.default\">\n\t\t\t\t<div class=\"elementor-widget-container\">\n\t\t\t<div class=\"elementor-image-box-wrapper\"><figure class=\"elementor-image-box-img\"><a href=\"http:\/\/aksuboya.com.tr\/?page_id=4091\" tabindex=\"-1\"><img loading=\"lazy\" decoding=\"async\" width=\"1667\" height=\"1667\" src=\"http:\/\/aksuboya.com.tr\/wp-content\/uploads\/2023\/07\/1-01-2.png\" class=\"attachment-full size-full wp-image-5059\" alt=\"\" srcset=\"http:\/\/aksuboya.com.tr\/wp-content\/uploads\/2023\/07\/1-01-2.png 1667w, http:\/\/aksuboya.com.tr\/wp-content\/uploads\/2023\/07\/1-01-2-300x300.png 300w, http:\/\/aksuboya.com.tr\/wp-content\/uploads\/2023\/07\/1-01-2-1024x1024.png 1024w, http:\/\/aksuboya.com.tr\/wp-content\/uploads\/2023\/07\/1-01-2-150x150.png 150w, http:\/\/aksuboya.com.tr\/wp-content\/uploads\/2023\/07\/1-01-2-768x768.png 768w, http:\/\/aksuboya.com.tr\/wp-content\/uploads\/2023\/07\/1-01-2-1536x1536.png 1536w, http:\/\/aksuboya.com.tr\/wp-content\/uploads\/2023\/07\/1-01-2-600x600.png 600w, http:\/\/aksuboya.com.tr\/wp-content\/uploads\/2023\/07\/1-01-2-200x200.png 200w\" sizes=\"(max-width: 1667px) 100vw, 1667px\" \/><\/a><\/figure><div class=\"elementor-image-box-content\"><h3 class=\"elementor-image-box-title\"><a href=\"http:\/\/aksuboya.com.tr\/?page_id=4091\">Sentetik Boyalar<\/a><\/h3><p class=\"elementor-image-box-description\">\n\nPermolit Sentetik Boyalar\u0131 kullanarak zamandan ve i\u015f\u00e7ilikten tasarruf ederek m\u00fckemmel sonu\u00e7lar elde edebilirsiniz!\n<\/p><\/div><\/div>\t\t<\/div>\n\t\t\t\t<\/div>\n\t\t\t\t<div class=\"elementor-element elementor-element-8112996 elementor-position-top elementor-widget elementor-widget-image-box\" data-id=\"8112996\" data-element_type=\"widget\" data-widget_type=\"image-box.default\">\n\t\t\t\t<div class=\"elementor-widget-container\">\n\t\t\t<div class=\"elementor-image-box-wrapper\"><figure class=\"elementor-image-box-img\"><a href=\"http:\/\/aksuboya.com.tr\/?page_id=4104\" tabindex=\"-1\"><img loading=\"lazy\" decoding=\"async\" width=\"600\" height=\"600\" src=\"http:\/\/aksuboya.com.tr\/wp-content\/uploads\/2023\/07\/e.png\" class=\"attachment-full size-full wp-image-5060\" alt=\"\" srcset=\"http:\/\/aksuboya.com.tr\/wp-content\/uploads\/2023\/07\/e.png 600w, http:\/\/aksuboya.com.tr\/wp-content\/uploads\/2023\/07\/e-300x300.png 300w, http:\/\/aksuboya.com.tr\/wp-content\/uploads\/2023\/07\/e-150x150.png 150w, http:\/\/aksuboya.com.tr\/wp-content\/uploads\/2023\/07\/e-200x200.png 200w\" sizes=\"(max-width: 600px) 100vw, 600px\" \/><\/a><\/figure><div class=\"elementor-image-box-content\"><h3 class=\"elementor-image-box-title\"><a href=\"http:\/\/aksuboya.com.tr\/?page_id=4104\">Ah\u015fap Koruyucular<\/a><\/h3><p class=\"elementor-image-box-description\">\n\nPermolit Ah\u015fap Koruyucular\u0131 ile ya\u015fam alanlar\u0131n\u0131za dekorasyonun do\u011fal dokunu\u015funu ekleyin ve ah\u015fab\u0131n korunmas\u0131n\u0131 sa\u011flay\u0131n!\n<\/p><\/div><\/div>\t\t<\/div>\n\t\t\t\t<\/div>\n\t\t\t\t<div class=\"elementor-element elementor-element-6f08fbc elementor-position-top elementor-widget elementor-widget-image-box\" data-id=\"6f08fbc\" data-element_type=\"widget\" data-widget_type=\"image-box.default\">\n\t\t\t\t<div class=\"elementor-widget-container\">\n\t\t\t<div class=\"elementor-image-box-wrapper\"><figure class=\"elementor-image-box-img\"><a href=\"http:\/\/aksuboya.com.tr\/?page_id=4110\" tabindex=\"-1\"><img loading=\"lazy\" decoding=\"async\" width=\"600\" height=\"600\" src=\"http:\/\/aksuboya.com.tr\/wp-content\/uploads\/2023\/07\/b.png\" class=\"attachment-full size-full wp-image-5061\" alt=\"\" srcset=\"http:\/\/aksuboya.com.tr\/wp-content\/uploads\/2023\/07\/b.png 600w, http:\/\/aksuboya.com.tr\/wp-content\/uploads\/2023\/07\/b-300x300.png 300w, http:\/\/aksuboya.com.tr\/wp-content\/uploads\/2023\/07\/b-150x150.png 150w, http:\/\/aksuboya.com.tr\/wp-content\/uploads\/2023\/07\/b-200x200.png 200w\" sizes=\"(max-width: 600px) 100vw, 600px\" \/><\/a><\/figure><div class=\"elementor-image-box-content\"><h3 class=\"elementor-image-box-title\"><a href=\"http:\/\/aksuboya.com.tr\/?page_id=4110\">Binder ve Astarlar<\/a><\/h3><p class=\"elementor-image-box-description\">\n\nPermolit Boya'n\u0131n Binder ve Astarlar\u0131 sayesinde zamandan ve i\u015f\u00e7ilikten tasarruf ederek kolayca renk de\u011fi\u015fikli\u011fi yapabilirsiniz.\n<\/p><\/div><\/div>\t\t<\/div>\n\t\t\t\t<\/div>\n\t\t\t\t<div class=\"elementor-element elementor-element-cb4549a elementor-position-top elementor-widget elementor-widget-image-box\" data-id=\"cb4549a\" data-element_type=\"widget\" data-widget_type=\"image-box.default\">\n\t\t\t\t<div class=\"elementor-widget-container\">\n\t\t\t<div class=\"elementor-image-box-wrapper\"><figure class=\"elementor-image-box-img\"><a href=\"http:\/\/aksuboya.com.tr\/?page_id=4120\" tabindex=\"-1\"><img loading=\"lazy\" decoding=\"async\" width=\"600\" height=\"600\" src=\"http:\/\/aksuboya.com.tr\/wp-content\/uploads\/2023\/07\/f.png\" class=\"attachment-full size-full wp-image-5062\" alt=\"\" srcset=\"http:\/\/aksuboya.com.tr\/wp-content\/uploads\/2023\/07\/f.png 600w, http:\/\/aksuboya.com.tr\/wp-content\/uploads\/2023\/07\/f-300x300.png 300w, http:\/\/aksuboya.com.tr\/wp-content\/uploads\/2023\/07\/f-150x150.png 150w, http:\/\/aksuboya.com.tr\/wp-content\/uploads\/2023\/07\/f-200x200.png 200w\" sizes=\"(max-width: 600px) 100vw, 600px\" \/><\/a><\/figure><div class=\"elementor-image-box-content\"><h3 class=\"elementor-image-box-title\"><a href=\"http:\/\/aksuboya.com.tr\/?page_id=4120\">\u0130zolasyon Malzemeleri ve Renklendiriciler<\/a><\/h3><p class=\"elementor-image-box-description\">\n\nPermolit Boya'n\u0131n izolasyon malzemeleri sayesinde rutubet sorunlar\u0131 son buluyor, ya\u015fam alanlar\u0131nda konfor art\u0131yor!\n<\/p><\/div><\/div>\t\t<\/div>\n\t\t\t\t<\/div>\n\t\t\t\t<div class=\"elementor-element elementor-element-7ea03a0 elementor-position-top elementor-widget elementor-widget-image-box\" data-id=\"7ea03a0\" data-element_type=\"widget\" data-widget_type=\"image-box.default\">\n\t\t\t\t<div class=\"elementor-widget-container\">\n\t\t\t<div class=\"elementor-image-box-wrapper\"><figure class=\"elementor-image-box-img\"><a href=\"http:\/\/aksuboya.com.tr\/?page_id=4127\" tabindex=\"-1\"><img loading=\"lazy\" decoding=\"async\" width=\"600\" height=\"600\" src=\"http:\/\/aksuboya.com.tr\/wp-content\/uploads\/2023\/07\/t.png\" class=\"attachment-full size-full wp-image-5064\" alt=\"\" srcset=\"http:\/\/aksuboya.com.tr\/wp-content\/uploads\/2023\/07\/t.png 600w, http:\/\/aksuboya.com.tr\/wp-content\/uploads\/2023\/07\/t-300x300.png 300w, http:\/\/aksuboya.com.tr\/wp-content\/uploads\/2023\/07\/t-150x150.png 150w, http:\/\/aksuboya.com.tr\/wp-content\/uploads\/2023\/07\/t-200x200.png 200w\" sizes=\"(max-width: 600px) 100vw, 600px\" \/><\/a><\/figure><div class=\"elementor-image-box-content\"><h3 class=\"elementor-image-box-title\"><a href=\"http:\/\/aksuboya.com.tr\/?page_id=4127\">\u00d6zel Boyalar<\/a><\/h3><p class=\"elementor-image-box-description\">\n\nPermolit Boya'n\u0131n AR-GE faaliyetleriyle geli\u015ftirilen \u00f6zel boya serisi, \u00fcst\u00fcn ve son teknolojiye dayanan spesifik \u00e7\u00f6z\u00fcmler sunuyor.\n<\/p><\/div><\/div>\t\t<\/div>\n\t\t\t\t<\/div>\n\t\t\t\t<div class=\"elementor-element elementor-element-6bb5c6e elementor-position-top elementor-widget elementor-widget-image-box\" data-id=\"6bb5c6e\" data-element_type=\"widget\" data-widget_type=\"image-box.default\">\n\t\t\t\t<div class=\"elementor-widget-container\">\n\t\t\t<div class=\"elementor-image-box-wrapper\"><figure class=\"elementor-image-box-img\"><a href=\"http:\/\/aksuboya.com.tr\/?page_id=4133\" tabindex=\"-1\"><img loading=\"lazy\" decoding=\"async\" width=\"600\" height=\"600\" src=\"http:\/\/aksuboya.com.tr\/wp-content\/uploads\/2023\/07\/Akcali-Sprey-Boya-600x600-1.png\" class=\"attachment-full size-full wp-image-5065\" alt=\"\" srcset=\"http:\/\/aksuboya.com.tr\/wp-content\/uploads\/2023\/07\/Akcali-Sprey-Boya-600x600-1.png 600w, http:\/\/aksuboya.com.tr\/wp-content\/uploads\/2023\/07\/Akcali-Sprey-Boya-600x600-1-300x300.png 300w, http:\/\/aksuboya.com.tr\/wp-content\/uploads\/2023\/07\/Akcali-Sprey-Boya-600x600-1-150x150.png 150w, http:\/\/aksuboya.com.tr\/wp-content\/uploads\/2023\/07\/Akcali-Sprey-Boya-600x600-1-200x200.png 200w\" sizes=\"(max-width: 600px) 100vw, 600px\" \/><\/a><\/figure><div class=\"elementor-image-box-content\"><h3 class=\"elementor-image-box-title\"><a href=\"http:\/\/aksuboya.com.tr\/?page_id=4133\">Sprey Boyalar<\/a><\/h3><p class=\"elementor-image-box-description\">\n\nSprey boya: Ahsap, metal, beton, s\u0131va, \u00e7imento ve daha fazlas\u0131 i\u00e7in solmaya dayan\u0131kl\u0131 bir \u00e7\u00f6z\u00fcm!\n<\/p><\/div><\/div>\t\t<\/div>\n\t\t\t\t<\/div>\n\t\t\t\t<div class=\"elementor-element elementor-element-b4f7e40 elementor-position-top elementor-widget elementor-widget-image-box\" data-id=\"b4f7e40\" data-element_type=\"widget\" data-widget_type=\"image-box.default\">\n\t\t\t\t<div class=\"elementor-widget-container\">\n\t\t\t<div class=\"elementor-image-box-wrapper\"><figure class=\"elementor-image-box-img\"><a href=\"http:\/\/aksuboya.com.tr\/?page_id=4139\" tabindex=\"-1\"><img loading=\"lazy\" decoding=\"async\" width=\"768\" height=\"768\" src=\"http:\/\/aksuboya.com.tr\/wp-content\/uploads\/2023\/07\/1.png\" class=\"attachment-full size-full wp-image-5066\" alt=\"\" srcset=\"http:\/\/aksuboya.com.tr\/wp-content\/uploads\/2023\/07\/1.png 768w, http:\/\/aksuboya.com.tr\/wp-content\/uploads\/2023\/07\/1-300x300.png 300w, http:\/\/aksuboya.com.tr\/wp-content\/uploads\/2023\/07\/1-150x150.png 150w, http:\/\/aksuboya.com.tr\/wp-content\/uploads\/2023\/07\/1-600x600.png 600w, http:\/\/aksuboya.com.tr\/wp-content\/uploads\/2023\/07\/1-200x200.png 200w\" sizes=\"(max-width: 768px) 100vw, 768px\" \/><\/a><\/figure><div class=\"elementor-image-box-content\"><h3 class=\"elementor-image-box-title\"><a href=\"http:\/\/aksuboya.com.tr\/?page_id=4139\">Teknik Spreyler<\/a><\/h3><p class=\"elementor-image-box-description\">\n\nMotip, Avrupa'n\u0131n lider teknik sprey markas\u0131 olarak t\u00fcm sorunlar\u0131n\u0131za \u00e7\u00f6z\u00fcm sunuyor!\n<\/p><\/div><\/div>\t\t<\/div>\n\t\t\t\t<\/div>\n\t\t\t\t\t<\/div>\n\t\t\t\t<\/div>\n\t\t\t\t<\/div>\n\t\t<\/div>","protected":false},"excerpt":{"rendered":"<p>[vc_row][vc_column][\/vc_column][\/vc_row][vc_row][vc_column][vc_empty_space height=&#8221;100&#8243;][\/vc_column][\/vc_row][vc_row][vc_column][vc_column_text] Permomax \u00dcr\u00fcn Grubu Permolit Boya&#8217;n\u0131n d\u00f6rt mevsim sa\u011fl\u0131k ve her cephede koruma sa\u011flayan Permomax serisi ile maksimum hijyen ve bak\u0131m! Su Bazl\u0131 \u0130\u00e7 Cephe Boyalar\u0131 Permolit Su Bazl\u0131 \u0130\u00e7 Cephe Boyalar\u0131, her mekana \u00f6zg\u00fcn bir tarz katarken ayn\u0131 zamanda sa\u011fl\u0131k ve g\u00fczellik sunuyor. Su Bazl\u0131 D\u0131\u015f Cephe Boyalar\u0131 Permolit Su Bazl\u0131 D\u0131\u015f Cephe&hellip;<\/p>\n","protected":false},"author":1,"featured_media":5026,"parent":0,"menu_order":0,"comment_status":"closed","ping_status":"closed","template":"","meta":[],"acf":[],"_links":{"self":[{"href":"http:\/\/aksuboya.com.tr\/index.php?rest_route=\/wp\/v2\/pages\/5049"}],"collection":[{"href":"http:\/\/aksuboya.com.tr\/index.php?rest_route=\/wp\/v2\/pages"}],"about":[{"href":"http:\/\/aksuboya.com.tr\/index.php?rest_route=\/wp\/v2\/types\/page"}],"author":[{"embeddable":true,"href":"http:\/\/aksuboya.com.tr\/index.php?rest_route=\/wp\/v2\/users\/1"}],"replies":[{"embeddable":true,"href":"http:\/\/aksuboya.com.tr\/index.php?rest_route=%2Fwp%2Fv2%2Fcomments&post=5049"}],"version-history":[{"count":12,"href":"http:\/\/aksuboya.com.tr\/index.php?rest_route=\/wp\/v2\/pages\/5049\/revisions"}],"predecessor-version":[{"id":5071,"href":"http:\/\/aksuboya.com.tr\/index.php?rest_route=\/wp\/v2\/pages\/5049\/revisions\/5071"}],"wp:featuredmedia":[{"embeddable":true,"href":"http:\/\/aksuboya.com.tr\/index.php?rest_route=\/wp\/v2\/media\/5026"}],"wp:attachment":[{"href":"http:\/\/aksuboya.com.tr\/index.php?rest_route=%2Fwp%2Fv2%2Fmedia&parent=5049"}],"curies":[{"name":"wp","href":"https:\/\/api.w.org\/{rel}","templated":true}]}}