{"id":5098,"date":"2023-07-10T14:30:22","date_gmt":"2023-07-10T14:30:22","guid":{"rendered":"http:\/\/aksuboya.com.tr\/?page_id=5098"},"modified":"2023-07-12T14:13:47","modified_gmt":"2023-07-12T14:13:47","slug":"permobinder-akrilik-emulsiyon-esasli-konsantre-astar","status":"publish","type":"page","link":"http:\/\/aksuboya.com.tr\/?page_id=5098","title":{"rendered":"Permobinder Akrilik Em\u00fclsiyon Esasl\u0131 Konsantre Astar"},"content":{"rendered":"\t\t<div data-elementor-type=\"wp-page\" data-elementor-id=\"5098\" class=\"elementor elementor-5098\">\n\t\t\t\t<div class=\"elementor-element elementor-element-79c022d e-grid e-con-boxed e-con e-parent\" data-id=\"79c022d\" data-element_type=\"container\">\n\t\t\t\t\t<div class=\"e-con-inner\">\n\t\t\t\t<div class=\"elementor-element elementor-element-86588d7 elementor-widget elementor-widget-heading\" data-id=\"86588d7\" data-element_type=\"widget\" data-widget_type=\"heading.default\">\n\t\t\t\t<div class=\"elementor-widget-container\">\n\t\t\t<style>\/*! elementor - v3.23.0 - 05-08-2024 *\/\n.elementor-heading-title{padding:0;margin:0;line-height:1}.elementor-widget-heading .elementor-heading-title[class*=elementor-size-]>a{color:inherit;font-size:inherit;line-height:inherit}.elementor-widget-heading .elementor-heading-title.elementor-size-small{font-size:15px}.elementor-widget-heading .elementor-heading-title.elementor-size-medium{font-size:19px}.elementor-widget-heading .elementor-heading-title.elementor-size-large{font-size:29px}.elementor-widget-heading .elementor-heading-title.elementor-size-xl{font-size:39px}.elementor-widget-heading .elementor-heading-title.elementor-size-xxl{font-size:59px}<\/style><h2 class=\"elementor-heading-title elementor-size-default\">Permobinder Akrilik Em\u00fclsiyon Esasl\u0131 Konsantre Astar\n<\/h2>\t\t<\/div>\n\t\t\t\t<\/div>\n\t\t\t\t\t<\/div>\n\t\t\t\t<\/div>\n\t\t<div class=\"elementor-element elementor-element-95f858a e-grid e-con-boxed e-con e-parent\" data-id=\"95f858a\" data-element_type=\"container\">\n\t\t\t\t\t<div class=\"e-con-inner\">\n\t\t\t\t<div class=\"elementor-element elementor-element-c862777 elementor-widget elementor-widget-image\" data-id=\"c862777\" data-element_type=\"widget\" data-widget_type=\"image.default\">\n\t\t\t\t<div class=\"elementor-widget-container\">\n\t\t\t<style>\/*! elementor - v3.23.0 - 05-08-2024 *\/\n.elementor-widget-image{text-align:center}.elementor-widget-image a{display:inline-block}.elementor-widget-image a img[src$=\".svg\"]{width:48px}.elementor-widget-image img{vertical-align:middle;display:inline-block}<\/style>\t\t\t\t\t\t\t\t\t\t<img fetchpriority=\"high\" decoding=\"async\" width=\"300\" height=\"300\" src=\"http:\/\/aksuboya.com.tr\/wp-content\/uploads\/2023\/07\/permobinder-1-600x600-2-300x300.png\" class=\"attachment-medium size-medium wp-image-5101\" alt=\"\" srcset=\"http:\/\/aksuboya.com.tr\/wp-content\/uploads\/2023\/07\/permobinder-1-600x600-2-300x300.png 300w, http:\/\/aksuboya.com.tr\/wp-content\/uploads\/2023\/07\/permobinder-1-600x600-2-150x150.png 150w, http:\/\/aksuboya.com.tr\/wp-content\/uploads\/2023\/07\/permobinder-1-600x600-2-200x200.png 200w, http:\/\/aksuboya.com.tr\/wp-content\/uploads\/2023\/07\/permobinder-1-600x600-2.png 600w\" sizes=\"(max-width: 300px) 100vw, 300px\" \/>\t\t\t\t\t\t\t\t\t\t\t\t\t<\/div>\n\t\t\t\t<\/div>\n\t\t\t\t<div class=\"elementor-element elementor-element-ffebd52 elementor-widget elementor-widget-text-editor\" data-id=\"ffebd52\" data-element_type=\"widget\" data-widget_type=\"text-editor.default\">\n\t\t\t\t<div class=\"elementor-widget-container\">\n\t\t\t<style>\/*! elementor - v3.23.0 - 05-08-2024 *\/\n.elementor-widget-text-editor.elementor-drop-cap-view-stacked .elementor-drop-cap{background-color:#69727d;color:#fff}.elementor-widget-text-editor.elementor-drop-cap-view-framed .elementor-drop-cap{color:#69727d;border:3px solid;background-color:transparent}.elementor-widget-text-editor:not(.elementor-drop-cap-view-default) .elementor-drop-cap{margin-top:8px}.elementor-widget-text-editor:not(.elementor-drop-cap-view-default) .elementor-drop-cap-letter{width:1em;height:1em}.elementor-widget-text-editor .elementor-drop-cap{float:left;text-align:center;line-height:1;font-size:50px}.elementor-widget-text-editor .elementor-drop-cap-letter{display:inline-block}<\/style>\t\t\t\t<ul>\n<li class=\"bullet-checkmark\">Boya sarfiyat\u0131n\u0131 azalt\u0131r<\/li>\n<li class=\"bullet-checkmark\">Renk dalgalanmas\u0131n\u0131 engeller<\/li>\n<li class=\"bullet-checkmark\">1\u2019e 7 incelir<\/li>\n<\/ul>\t\t\t\t\t\t<\/div>\n\t\t\t\t<\/div>\n\t\t\t\t<div class=\"elementor-element elementor-element-58de7fe elementor-widget elementor-widget-text-editor\" data-id=\"58de7fe\" data-element_type=\"widget\" data-widget_type=\"text-editor.default\">\n\t\t\t\t<div class=\"elementor-widget-container\">\n\t\t\t\t\t\t\t<h2>Permobinder Akrilik Em\u00fclsiyon Esasl\u0131 Konsantre Astar<\/h2>\n<div class=\"product-description\">Permobinder Akrilik Em\u00fclsiyon Esasl\u0131 Konsantre Astar, su bazl\u0131, akrilik em\u00fclsiyon esasl\u0131, \u015feffaf, konsantre, i\u00e7 ve d\u0131\u015f cephe astar\u0131d\u0131r. Beton, gaz beton, al\u00e7\u0131, macun, s\u0131va ve benzeri ham duvarlarda, eski kire\u00e7 badanal\u0131, d\u00fc\u015f\u00fck kaliteli emici plastik boyal\u0131, \u00e7ok emici ve tozuma karakterli y\u00fczeylerde kullan\u0131l\u0131r.<\/div>\n<div class=\"product-features\">Y\u00fczeylere \u00e7ok iyi n\u00fcfuz ederek son kat boyan\u0131n tutunabilece\u011fi sa\u011flam zeminler olu\u015fturur. Boya sarfiyat\u0131n\u0131 d\u00fc\u015f\u00fcr\u00fcr. Son kat boyan\u0131n kuruma s\u00fcresini d\u00fczenler. Farkl\u0131 emicili\u011fe sahip y\u00fczeylerde son kat boyada olu\u015fabilecek renk dalgalanmalar\u0131n\u0131 \u00f6nler. Emicili\u011fi y\u00fcksek, tozuma karakterli y\u00fczeylere derinlemesine n\u00fcfuz ederek \u00fczerindeki serbest maddeleri y\u00fczeye ba\u011flar ve son kat boya i\u00e7in uygun zemin haline getirir. \u00d6zellikle al\u00e7\u0131 ve macun y\u00fczeyler i\u00e7in maksimum performans sa\u011flar. Solvent bazl\u0131 boya uygulanm\u0131\u015f y\u00fczeylerden su bazl\u0131 boyaya ge\u00e7i\u015f yaparken Permoset D\u00f6n\u00fc\u015f\u00fcm Astar\u0131 tercih edilmelidir.<\/div>\t\t\t\t\t\t<\/div>\n\t\t\t\t<\/div>\n\t\t\t\t\t<\/div>\n\t\t\t\t<\/div>\n\t\t\t\t<\/div>\n\t\t","protected":false},"excerpt":{"rendered":"<p>[vc_row][vc_column][vc_column_text] Permobinder Akrilik Em\u00fclsiyon Esasl\u0131 Konsantre Astar Boya sarfiyat\u0131n\u0131 azalt\u0131r Renk dalgalanmas\u0131n\u0131 engeller 1\u2019e 7 incelir Permobinder Akrilik Em\u00fclsiyon Esasl\u0131 Konsantre Astar Permobinder Akrilik Em\u00fclsiyon Esasl\u0131 Konsantre Astar, su bazl\u0131, akrilik em\u00fclsiyon esasl\u0131, \u015feffaf, konsantre, i\u00e7 ve d\u0131\u015f cephe astar\u0131d\u0131r. Beton, gaz beton, al\u00e7\u0131, macun, s\u0131va ve benzeri ham duvarlarda, eski kire\u00e7 badanal\u0131, d\u00fc\u015f\u00fck kaliteli&hellip;<\/p>\n","protected":false},"author":1,"featured_media":5026,"parent":0,"menu_order":0,"comment_status":"closed","ping_status":"closed","template":"","meta":[],"acf":[],"_links":{"self":[{"href":"http:\/\/aksuboya.com.tr\/index.php?rest_route=\/wp\/v2\/pages\/5098"}],"collection":[{"href":"http:\/\/aksuboya.com.tr\/index.php?rest_route=\/wp\/v2\/pages"}],"about":[{"href":"http:\/\/aksuboya.com.tr\/index.php?rest_route=\/wp\/v2\/types\/page"}],"author":[{"embeddable":true,"href":"http:\/\/aksuboya.com.tr\/index.php?rest_route=\/wp\/v2\/users\/1"}],"replies":[{"embeddable":true,"href":"http:\/\/aksuboya.com.tr\/index.php?rest_route=%2Fwp%2Fv2%2Fcomments&post=5098"}],"version-history":[{"count":9,"href":"http:\/\/aksuboya.com.tr\/index.php?rest_route=\/wp\/v2\/pages\/5098\/revisions"}],"predecessor-version":[{"id":5108,"href":"http:\/\/aksuboya.com.tr\/index.php?rest_route=\/wp\/v2\/pages\/5098\/revisions\/5108"}],"wp:featuredmedia":[{"embeddable":true,"href":"http:\/\/aksuboya.com.tr\/index.php?rest_route=\/wp\/v2\/media\/5026"}],"wp:attachment":[{"href":"http:\/\/aksuboya.com.tr\/index.php?rest_route=%2Fwp%2Fv2%2Fmedia&parent=5098"}],"curies":[{"name":"wp","href":"https:\/\/api.w.org\/{rel}","templated":true}]}}