{"id":5120,"date":"2023-07-16T17:46:07","date_gmt":"2023-07-16T17:46:07","guid":{"rendered":"http:\/\/aksuboya.com.tr\/?page_id=5120"},"modified":"2023-07-16T17:53:42","modified_gmt":"2023-07-16T17:53:42","slug":"permogren-grenli-dis-cephe-astari","status":"publish","type":"page","link":"http:\/\/aksuboya.com.tr\/?page_id=5120","title":{"rendered":"Permogren Grenli D\u0131\u015f Cephe Astar\u0131"},"content":{"rendered":"<div class=\"wpb-content-wrapper\"><p>[vc_row][vc_column width=&#8221;1\/2&#8243;][vc_column_text][\/vc_column_text][vc_single_image image=&#8221;5123&#8243; img_size=&#8221;medium&#8221; alignment=&#8221;center&#8221;][\/vc_column][vc_column width=&#8221;1\/2&#8243;][vc_column_text]<\/p>\r\n<h2>Permogren Grenli D\u0131\u015f Cephe Astar\u0131<\/h2>\r\n<ul>\r\n<li class=\"bullet-checkmark\">Renk dalgalanmalar\u0131n\u0131 engeller<\/li>\r\n<li class=\"bullet-checkmark\">Tutunmay\u0131 maksimum d\u00fczeye \u00e7\u0131kar\u0131r<\/li>\r\n<li class=\"bullet-checkmark\">\u0130\u015f\u00e7ili\u011fi azalt\u0131r<\/li>\r\n<li class=\"bullet-checkmark\">Buhar ge\u00e7irgenli\u011fi y\u00fcksektir<\/li>\r\n<\/ul>\r\n<p>[\/vc_column_text][\/vc_column][\/vc_row][vc_row][vc_column][vc_column_text]<\/p>\r\n<h2>Permogren Grenli D\u0131\u015f Cephe Astar\u0131<\/h2>\r\n<div class=\"product-description\">Su bazl\u0131, akrilik em\u00fclsiyon esasl\u0131, silikon katk\u0131l\u0131, k\u0131r\u0131k beyaz, i\u00e7 ve d\u0131\u015f cephe astar\u0131d\u0131r. Astarlama \u00f6ncesi haz\u0131rl\u0131klar\u0131 tamamlanm\u0131\u015f her t\u00fcrl\u00fc i\u00e7 ve d\u0131\u015f cephe yap\u0131 elemanlar\u0131 \u00fczerine uygulanabilir.<\/div>\r\n<div class=\"product-features\">Y\u00fczeylere \u00e7ok iyi n\u00fcfuz ederek boyan\u0131n tutunabilece\u011fi sa\u011flam zeminler olu\u015fturur. Dolgulu oldu\u011fu i\u00e7in ham zeminleri doyurarak son kat boya sarfiyat\u0131n\u0131 azalt\u0131r. Uyguland\u0131\u011f\u0131 y\u00fczeyde beyaz bir film tabakas\u0131 b\u0131rakarak \u00fczerine gelecek boyan\u0131n \u00f6rt\u00fcc\u00fcl\u00fc\u011f\u00fcn\u00fc artt\u0131r\u0131r. G\u00f6zenekli yap\u0131s\u0131 sayesinde duvar\u0131n nefes almas\u0131na engel olmaz, buhar ge\u00e7irgenli\u011fi y\u00fcksektir. Zemine n\u00fcfuz ederek, zemini sa\u011flamla\u015ft\u0131r\u0131r. Erken kurumay\u0131 engeller. Farkl\u0131 emicili\u011fe sahip y\u00fczeylerde son kat boyada olu\u015fabilecek renk dalgalanmalar\u0131n\u0131 \u00f6nler. \u00d6rt\u00fcc\u00fcd\u00fcr, eski boyal\u0131 y\u00fczeylerin renk d\u00f6n\u00fc\u015f\u00fcm\u00fcnde boya sarfiyat\u0131n\u0131 d\u00fc\u015f\u00fcr\u00fcr, i\u015f\u00e7ili\u011fi azalt\u0131r. \u00c7ok emici ve tozuma \u00f6zellikli y\u00fczeylerde Permolit Permobinder, solvent bazl\u0131 boya uygulanm\u0131\u015f y\u00fczeylerden su bazl\u0131 boyaya ge\u00e7i\u015f yaparken Permolit Permoset D\u00f6n\u00fc\u015f\u00fcm Astar\u0131 tercih edilmelidir.<\/div>\r\n<p>[\/vc_column_text][\/vc_column][\/vc_row]<\/p><\/div>","protected":false},"excerpt":{"rendered":"<p>[vc_row][vc_column width=&#8221;1\/2&#8243;][vc_column_text][\/vc_column_text][vc_single_image image=&#8221;5123&#8243; img_size=&#8221;medium&#8221; alignment=&#8221;center&#8221;][\/vc_column][vc_column width=&#8221;1\/2&#8243;][vc_column_text] Permogren Grenli D\u0131\u015f Cephe Astar\u0131 Renk dalgalanmalar\u0131n\u0131 engeller Tutunmay\u0131 maksimum d\u00fczeye \u00e7\u0131kar\u0131r \u0130\u015f\u00e7ili\u011fi azalt\u0131r Buhar ge\u00e7irgenli\u011fi y\u00fcksektir [\/vc_column_text][\/vc_column][\/vc_row][vc_row][vc_column][vc_column_text] Permogren Grenli D\u0131\u015f Cephe Astar\u0131 Su bazl\u0131, akrilik em\u00fclsiyon esasl\u0131, silikon katk\u0131l\u0131, k\u0131r\u0131k beyaz, i\u00e7 ve d\u0131\u015f cephe astar\u0131d\u0131r. Astarlama \u00f6ncesi haz\u0131rl\u0131klar\u0131 tamamlanm\u0131\u015f her t\u00fcrl\u00fc i\u00e7 ve d\u0131\u015f cephe yap\u0131 elemanlar\u0131&hellip;<\/p>\n","protected":false},"author":1,"featured_media":5026,"parent":0,"menu_order":0,"comment_status":"closed","ping_status":"closed","template":"","meta":[],"acf":[],"_links":{"self":[{"href":"http:\/\/aksuboya.com.tr\/index.php?rest_route=\/wp\/v2\/pages\/5120"}],"collection":[{"href":"http:\/\/aksuboya.com.tr\/index.php?rest_route=\/wp\/v2\/pages"}],"about":[{"href":"http:\/\/aksuboya.com.tr\/index.php?rest_route=\/wp\/v2\/types\/page"}],"author":[{"embeddable":true,"href":"http:\/\/aksuboya.com.tr\/index.php?rest_route=\/wp\/v2\/users\/1"}],"replies":[{"embeddable":true,"href":"http:\/\/aksuboya.com.tr\/index.php?rest_route=%2Fwp%2Fv2%2Fcomments&post=5120"}],"version-history":[{"count":3,"href":"http:\/\/aksuboya.com.tr\/index.php?rest_route=\/wp\/v2\/pages\/5120\/revisions"}],"predecessor-version":[{"id":5124,"href":"http:\/\/aksuboya.com.tr\/index.php?rest_route=\/wp\/v2\/pages\/5120\/revisions\/5124"}],"wp:featuredmedia":[{"embeddable":true,"href":"http:\/\/aksuboya.com.tr\/index.php?rest_route=\/wp\/v2\/media\/5026"}],"wp:attachment":[{"href":"http:\/\/aksuboya.com.tr\/index.php?rest_route=%2Fwp%2Fv2%2Fmedia&parent=5120"}],"curies":[{"name":"wp","href":"https:\/\/api.w.org\/{rel}","templated":true}]}}