{"id":5153,"date":"2023-07-16T18:11:39","date_gmt":"2023-07-16T18:11:39","guid":{"rendered":"http:\/\/aksuboya.com.tr\/?page_id=5153"},"modified":"2023-07-16T18:18:34","modified_gmt":"2023-07-16T18:18:34","slug":"permolak-su-bazli-akrilik-astar","status":"publish","type":"page","link":"http:\/\/aksuboya.com.tr\/?page_id=5153","title":{"rendered":"Permolak Su Bazl\u0131 Akrilik Astar"},"content":{"rendered":"<div class=\"wpb-content-wrapper\"><p>[vc_row][vc_column width=&#8221;1\/2&#8243;][vc_single_image image=&#8221;5155&#8243; img_size=&#8221;medium&#8221; alignment=&#8221;center&#8221;][\/vc_column][vc_column width=&#8221;1\/2&#8243;][vc_column_text]<\/p>\n<h2>Permolak Su Bazl\u0131 Akrilik Astar<\/h2>\n<ul>\n<li class=\"bullet-checkmark\">Boya sarfiyat\u0131n\u0131 azalt\u0131r<\/li>\n<li class=\"bullet-checkmark\">Renk dalgalanmas\u0131n\u0131 engeller<\/li>\n<\/ul>\n<p>[\/vc_column_text][\/vc_column][\/vc_row][vc_row][vc_column][vc_column_text]<\/p>\n<h2>Permolak Su Bazl\u0131 Akrilik Astar<\/h2>\n<div>\n<div class=\"product-description\">\n<p>Permolak Su Bazl\u0131 Akrilik Astar, em\u00fclsiyon esasl\u0131, k\u0131r\u0131k beyaz i\u00e7 ve d\u0131\u015f cephe astar\u0131d\u0131r.\u00a0Y\u00fczeylere \u00e7ok iyi n\u00fcfuz ederek boyan\u0131n tutunabilece\u011fi sa\u011flam zeminler olu\u015fturur. Dolgulu oldu\u011fu i\u00e7in ham zeminleri doyurarak son kat boya sarfiyat\u0131n\u0131 azalt\u0131r. Uyguland\u0131\u011f\u0131 y\u00fczeyde beyaz bir film tabakas\u0131 b\u0131rakarak \u00fczerine gelecek boyan\u0131n \u00f6rt\u00fcc\u00fcl\u00fc\u011f\u00fcn\u00fc artt\u0131r\u0131r. G\u00f6zenekli yap\u0131s\u0131 sayesinde<br \/>duvar\u0131n nefes almas\u0131na engel olmaz, buhar ge\u00e7irgenli\u011fi y\u00fcksektir. Zemine n\u00fcfuz ederek sa\u011flamla\u015ft\u0131r\u0131r. Erken kurumay\u0131 engeller. Farkl\u0131 emicili\u011fe sahip y\u00fczeylerde son kat boyada olu\u015fabilecek renk dalgalanmalar\u0131n\u0131 \u00f6nler. \u00d6rt\u00fcc\u00fcd\u00fcr, eski boyal\u0131 y\u00fczeylerin renk d\u00f6n\u00fc\u015f\u00fcm\u00fcnde boya sarfiyat\u0131n\u0131 d\u00fc\u015f\u00fcr\u00fcr, i\u015f\u00e7ili\u011fi azalt\u0131r. \u00c7ok emici ve tozuma \u00f6zellikli y\u00fczeylerde\u00a0Permolit Permobinder, solvent bazl\u0131 boya uygulanm\u0131\u015f y\u00fczeylerde su bazl\u0131 boyaya ge\u00e7i\u015f yaparken\u00a0Permoset D\u00f6n\u00fc\u015f\u00fcm Astar\u0131\u00a0tercih edilmelidir.<\/p>\n<h1>Permolak Su Bazl\u0131 Akrilik Astar Teknik \u00d6zellikleri<\/h1>\n<p><strong>G\u00f6r\u00fcn\u00fcm :<\/strong>\u00a0D\u00fcz g\u00f6r\u00fcn\u00fcml\u00fc, astar.<br \/><strong>Renk :<\/strong>\u00a0K\u0131r\u0131k Beyaz<br \/><strong>Viskozite :<\/strong>\u00a0113 \u00b1 5 KU\/25oC<br \/><strong>Yo\u011funluk :<\/strong>\u00a01.61 \u00b1 0,02 gr\/cm3<br \/><strong>Kat\u0131 Madde:<\/strong>\u00a067 \u00b1 2 (120oC 30 dak)<br \/>pH : 8,5 \u00b1 1<br \/><strong>Sarfiyat Miktar\u0131 :<\/strong>\u00a0Y\u00fczeylerin emicili\u011fine ba\u011fl\u0131 olmak \u00fczere, 14 \u2013 20 m2\/kg (22 \u2013 32 m2\/L). Kesin sarfiyat i\u00e7in kontroll\u00fc numune \u00e7al\u0131\u015fmas\u0131 tavsiye edilir.<br \/><strong>Kuruma S\u00fcresi :<\/strong>\u00a0Dokunma kurumas\u0131 30 dakika<br \/>(23oC 50% HR) Tam kuruma 24 Saat<br \/>Son kat boya uygulamas\u0131 6 Saat<br \/><strong>Parlama Noktas\u0131 :<\/strong>\u00a0\u2013 (Parlamaz).<br \/><strong>Ambalaj \u015eekli :<\/strong>\u00a015 kg (8.8 L), 2.5 kg (1.45 L), 1 kg (0.6 L).<\/p>\n<h1>Y\u00fczey Haz\u0131rlama<\/h1>\n<p><strong>Yeni s\u0131val\u0131 y\u00fczeyler:<\/strong>\u00a0Y\u00fczeyler kir, toz ve kendini ta\u015f\u0131yamayacak gev\u015fek dokulardan ar\u0131nd\u0131r\u0131lmal\u0131 ve kuru olmal\u0131d\u0131r.<br \/>Y\u00fczeylerdeki bozukluklar ve \u00e7atlaklar i\u00e7 cephelerde Permolit Permomacun Su Bazl\u0131 S\u00fcper Akrilik \u0130\u00e7 Cephe Macunu, d\u0131\u015f cephelerde Permolit Permomacun Su Bazl\u0131 S\u00fcper Akrilik D\u0131\u015f Cephe Macunu ile d\u00fczeltilmeli, z\u0131mpara yap\u0131lmal\u0131, macunlu alan Permolit Permobinder ile astarlanmal\u0131d\u0131r.<\/p>\n<p><strong>Eski boyal\u0131 y\u00fczeyler:<\/strong>\u00a0Y\u00fczeyler kir, toz, kabarm\u0131\u015f, kalkm\u0131\u015f boya tabakalar\u0131 ve kendini ta\u015f\u0131yamayacak gev\u015fek dokulardan<br \/>ar\u0131nd\u0131r\u0131lmal\u0131 ve kuru olmal\u0131d\u0131r. Olu\u015fabilecek seviye farklar\u0131 ve zemin bozukluklar\u0131 i\u00e7 cephelerde Permolit Permomacun Su Bazl\u0131 S\u00fcper Akrilik \u0130\u00e7 Cephe Macunu, d\u0131\u015f cephelerde Permolit Permomacun Su Bazl\u0131 S\u00fcper Akrilik D\u0131\u015f Cephe Macunu ile d\u00fczeltilmeli, z\u0131mpara yap\u0131lmal\u0131, yaln\u0131zca macunlu alan Permolit Permobinder ile astarlanmal\u0131d\u0131r.<\/p>\n<p><strong>\u0130nceltme:<\/strong>\u00a0%100 su ile inceltilir<\/p>\n<p><strong>Uygulama:<\/strong>\u00a0Y\u00fczey haz\u0131rl\u0131\u011f\u0131 tamamlanm\u0131\u015f y\u00fczeylere f\u0131r\u00e7a, rulo veya pistole ile g\u00f6lge takip edilerek tek kat olarak uygulan\u0131r. Son kat boya uygulamas\u0131n\u0131n en az 6 saat sonra yap\u0131lmas\u0131 gerekmektedir.<\/p>\n<\/div>\n<\/div>\n<p>[\/vc_column_text][\/vc_column][\/vc_row]<\/p>\n<\/div>","protected":false},"excerpt":{"rendered":"<p>[vc_row][vc_column width=&#8221;1\/2&#8243;][vc_single_image image=&#8221;5155&#8243; img_size=&#8221;medium&#8221; alignment=&#8221;center&#8221;][\/vc_column][vc_column width=&#8221;1\/2&#8243;][vc_column_text] Permolak Su Bazl\u0131 Akrilik Astar Boya sarfiyat\u0131n\u0131 azalt\u0131r Renk dalgalanmas\u0131n\u0131 engeller [\/vc_column_text][\/vc_column][\/vc_row][vc_row][vc_column][vc_column_text] Permolak Su Bazl\u0131 Akrilik Astar Permolak Su Bazl\u0131 Akrilik Astar, em\u00fclsiyon esasl\u0131, k\u0131r\u0131k beyaz i\u00e7 ve d\u0131\u015f cephe astar\u0131d\u0131r.\u00a0Y\u00fczeylere \u00e7ok iyi n\u00fcfuz ederek boyan\u0131n tutunabilece\u011fi sa\u011flam zeminler olu\u015fturur. Dolgulu oldu\u011fu i\u00e7in ham zeminleri doyurarak son kat boya&hellip;<\/p>\n","protected":false},"author":1,"featured_media":5026,"parent":0,"menu_order":0,"comment_status":"closed","ping_status":"closed","template":"","meta":[],"acf":[],"_links":{"self":[{"href":"http:\/\/aksuboya.com.tr\/index.php?rest_route=\/wp\/v2\/pages\/5153"}],"collection":[{"href":"http:\/\/aksuboya.com.tr\/index.php?rest_route=\/wp\/v2\/pages"}],"about":[{"href":"http:\/\/aksuboya.com.tr\/index.php?rest_route=\/wp\/v2\/types\/page"}],"author":[{"embeddable":true,"href":"http:\/\/aksuboya.com.tr\/index.php?rest_route=\/wp\/v2\/users\/1"}],"replies":[{"embeddable":true,"href":"http:\/\/aksuboya.com.tr\/index.php?rest_route=%2Fwp%2Fv2%2Fcomments&post=5153"}],"version-history":[{"count":3,"href":"http:\/\/aksuboya.com.tr\/index.php?rest_route=\/wp\/v2\/pages\/5153\/revisions"}],"predecessor-version":[{"id":5157,"href":"http:\/\/aksuboya.com.tr\/index.php?rest_route=\/wp\/v2\/pages\/5153\/revisions\/5157"}],"wp:featuredmedia":[{"embeddable":true,"href":"http:\/\/aksuboya.com.tr\/index.php?rest_route=\/wp\/v2\/media\/5026"}],"wp:attachment":[{"href":"http:\/\/aksuboya.com.tr\/index.php?rest_route=%2Fwp%2Fv2%2Fmedia&parent=5153"}],"curies":[{"name":"wp","href":"https:\/\/api.w.org\/{rel}","templated":true}]}}