{"id":5170,"date":"2023-07-16T18:32:50","date_gmt":"2023-07-16T18:32:50","guid":{"rendered":"http:\/\/aksuboya.com.tr\/?page_id=5170"},"modified":"2023-07-16T18:34:43","modified_gmt":"2023-07-16T18:34:43","slug":"permomacun-super-akrilik-su-bazli-dis-cephe-macunu","status":"publish","type":"page","link":"http:\/\/aksuboya.com.tr\/?page_id=5170","title":{"rendered":"Permomacun S\u00fcper Akrilik Su Bazl\u0131 D\u0131\u015f Cephe Macunu"},"content":{"rendered":"<div class=\"wpb-content-wrapper\"><p>[vc_row][vc_column width=&#8221;1\/2&#8243;][vc_single_image image=&#8221;5172&#8243; img_size=&#8221;medium&#8221; alignment=&#8221;center&#8221;][\/vc_column][vc_column width=&#8221;1\/2&#8243;][vc_column_text]<\/p>\n<h2>Permomacun S\u00fcper Akrilik Su Bazl\u0131 D\u0131\u015f Cephe Macunu<\/h2>\n<ul>\n<li class=\"bullet-checkmark\">Boyalarda m\u00fckemmel \u00f6rt\u00fcc\u00fcl\u00fck sa\u011flar<\/li>\n<li class=\"bullet-checkmark\">Neme dayan\u0131kl\u0131d\u0131r<\/li>\n<li class=\"bullet-checkmark\">P\u00fcr\u00fczs\u00fcz y\u00fczeyler sa\u011flar<\/li>\n<li class=\"bullet-checkmark\">\u00c7ekimi kolay<\/li>\n<li class=\"bullet-checkmark\">H\u0131zl\u0131 kurur<\/li>\n<\/ul>\n<p>[\/vc_column_text][\/vc_column][\/vc_row][vc_row][vc_column][vc_column_text]<\/p>\n<h2>Permomacun S\u00fcper Akrilik Su Bazl\u0131 D\u0131\u015f Cephe Macunu<\/h2>\n<div class=\"product-description\">Su bazl\u0131, akrilik em\u00fclsiyon esasl\u0131, dolgu, tamir ve y\u00fczey d\u00fczeltme macunu. Macun \u00f6ncesi haz\u0131rl\u0131klar\u0131 tamamlanm\u0131\u015f her t\u00fcrl\u00fc d\u0131\u015f cephe yap\u0131 elemanlar\u0131 \u00fczerine uygulanabilir.<\/div>\n<div class=\"product-features\">\u00c7ekimi kolay, uygulamas\u0131 rahatt\u0131r, \u00e7abuk kurur, neme kar\u015f\u0131 dayan\u0131kl\u0131d\u0131r. Doldurma g\u00fcc\u00fc y\u00fcksektir, uyguland\u0131\u011f\u0131 y\u00fczeylerdeki zemin kusurlar\u0131n\u0131, seviye farl\u0131l\u0131klar\u0131n\u0131, d\u00fczeltip, p\u00fcr\u00fczs\u00fcz, ipeksi bir tu\u015fe kazand\u0131rarak astar boya uygulamas\u0131na haz\u0131r hale getirir. Y\u00fczeylerin teneff\u00fcs kabiliyetini engellemez. Kuruduktan sonra \u00fczerine uygun astarlar kullan\u0131lmak suretiyle her cins boya uygulanabilir.<\/div>\n<p>&nbsp;<\/p>\n<p>[\/vc_column_text][\/vc_column][\/vc_row]<\/p>\n<\/div>","protected":false},"excerpt":{"rendered":"<p>[vc_row][vc_column width=&#8221;1\/2&#8243;][vc_single_image image=&#8221;5172&#8243; img_size=&#8221;medium&#8221; alignment=&#8221;center&#8221;][\/vc_column][vc_column width=&#8221;1\/2&#8243;][vc_column_text] Permomacun S\u00fcper Akrilik Su Bazl\u0131 D\u0131\u015f Cephe Macunu Boyalarda m\u00fckemmel \u00f6rt\u00fcc\u00fcl\u00fck sa\u011flar Neme dayan\u0131kl\u0131d\u0131r P\u00fcr\u00fczs\u00fcz y\u00fczeyler sa\u011flar \u00c7ekimi kolay H\u0131zl\u0131 kurur [\/vc_column_text][\/vc_column][\/vc_row][vc_row][vc_column][vc_column_text] Permomacun S\u00fcper Akrilik Su Bazl\u0131 D\u0131\u015f Cephe Macunu Su bazl\u0131, akrilik em\u00fclsiyon esasl\u0131, dolgu, tamir ve y\u00fczey d\u00fczeltme macunu. Macun \u00f6ncesi haz\u0131rl\u0131klar\u0131 tamamlanm\u0131\u015f her t\u00fcrl\u00fc d\u0131\u015f cephe&hellip;<\/p>\n","protected":false},"author":1,"featured_media":5026,"parent":0,"menu_order":0,"comment_status":"closed","ping_status":"closed","template":"","meta":[],"acf":[],"_links":{"self":[{"href":"http:\/\/aksuboya.com.tr\/index.php?rest_route=\/wp\/v2\/pages\/5170"}],"collection":[{"href":"http:\/\/aksuboya.com.tr\/index.php?rest_route=\/wp\/v2\/pages"}],"about":[{"href":"http:\/\/aksuboya.com.tr\/index.php?rest_route=\/wp\/v2\/types\/page"}],"author":[{"embeddable":true,"href":"http:\/\/aksuboya.com.tr\/index.php?rest_route=\/wp\/v2\/users\/1"}],"replies":[{"embeddable":true,"href":"http:\/\/aksuboya.com.tr\/index.php?rest_route=%2Fwp%2Fv2%2Fcomments&post=5170"}],"version-history":[{"count":2,"href":"http:\/\/aksuboya.com.tr\/index.php?rest_route=\/wp\/v2\/pages\/5170\/revisions"}],"predecessor-version":[{"id":5173,"href":"http:\/\/aksuboya.com.tr\/index.php?rest_route=\/wp\/v2\/pages\/5170\/revisions\/5173"}],"wp:featuredmedia":[{"embeddable":true,"href":"http:\/\/aksuboya.com.tr\/index.php?rest_route=\/wp\/v2\/media\/5026"}],"wp:attachment":[{"href":"http:\/\/aksuboya.com.tr\/index.php?rest_route=%2Fwp%2Fv2%2Fmedia&parent=5170"}],"curies":[{"name":"wp","href":"https:\/\/api.w.org\/{rel}","templated":true}]}}