{"id":5185,"date":"2023-07-16T19:31:08","date_gmt":"2023-07-16T19:31:08","guid":{"rendered":"http:\/\/aksuboya.com.tr\/?page_id=5185"},"modified":"2023-07-16T19:33:41","modified_gmt":"2023-07-16T19:33:41","slug":"permoset-ic-ve-dis-cephe-donusum-astari","status":"publish","type":"page","link":"http:\/\/aksuboya.com.tr\/?page_id=5185","title":{"rendered":"Permoset \u0130\u00e7 ve D\u0131\u015f Cephe D\u00f6n\u00fc\u015f\u00fcm Astar\u0131"},"content":{"rendered":"<div class=\"wpb-content-wrapper\"><p>[vc_row][vc_column width=&#8221;1\/2&#8243;][vc_single_image image=&#8221;5187&#8243; img_size=&#8221;medium&#8221; alignment=&#8221;center&#8221;][\/vc_column][vc_column width=&#8221;1\/2&#8243;][vc_column_text]<\/p>\n<h2>Permoset \u0130\u00e7 ve D\u0131\u015f Cephe D\u00f6n\u00fc\u015f\u00fcm Astar\u0131<\/h2>\n<ul>\n<li class=\"bullet-checkmark\">Boya sarfiyat\u0131n\u0131 azalt\u0131r<\/li>\n<li class=\"bullet-checkmark\">M\u00fckemmel boya \u00f6rt\u00fcc\u00fcl\u00fc\u011f\u00fc sa\u011flar<\/li>\n<li class=\"bullet-checkmark\">Renk dalgalanmalar\u0131n\u0131 engeller<\/li>\n<li class=\"bullet-checkmark\">\u0130\u015f\u00e7ili\u011fi kolayd\u0131r<\/li>\n<li class=\"bullet-checkmark\">Renk d\u00f6n\u00fc\u015f\u00fcmlerinin yap\u0131labilmesini sa\u011flar<\/li>\n<\/ul>\n<p>[\/vc_column_text][\/vc_column][\/vc_row][vc_row][vc_column][vc_column_text]<\/p>\n<h2>Permoset \u0130\u00e7 ve D\u0131\u015f Cephe D\u00f6n\u00fc\u015f\u00fcm Astar\u0131<\/h2>\n<div class=\"product-description\">Su bazl\u0131, akrilik em\u00fclsiyon esasl\u0131, solvent bazl\u0131 boya uygulanm\u0131\u015f zeminlere su bazl\u0131 boya uygulanabilmesi i\u00e7in geli\u015ftirilmi\u015f astar boya. \u0130\u00e7 ve d\u0131\u015f cephelerde, solvent bazl\u0131 boya uygulanm\u0131\u015f y\u00fczeyler, doku fark\u0131 olu\u015fmu\u015f y\u00fczeyler, renk d\u00f6n\u00fc\u015f\u00fcm\u00fc gereken y\u00fczeyler \u00fczerine kullan\u0131labilir.<\/div>\n<div class=\"product-features\">Solvent bazl\u0131 saten boya uygulanm\u0131\u015f eski y\u00fczeylerin \u00fczerine su bazl\u0131 boya uygulamalar\u0131nda kullan\u0131r. Eski solvent bazl\u0131 boya tabakas\u0131n\u0131n \u00fczerine yeni su bazl\u0131 boyan\u0131n iyi yap\u0131\u015fmas\u0131n\u0131 sa\u011flar. Eski koyu renkli su bazl\u0131 boyal\u0131 y\u00fczeylerin renk de\u011fi\u015fiminde son kat boyan\u0131n \u00f6rt\u00fcc\u00fcl\u00fc\u011f\u00fcn\u00fc art\u0131r\u0131r, boya sarfiyat\u0131n\u0131 ve i\u015f\u00e7ili\u011fi azalt\u0131r. \u00d6zellikle tamir g\u00f6rm\u00fc\u015f zeminlerde olu\u015fmu\u015f farkl\u0131 dokular\u0131n son kat boyada g\u00f6r\u00fcnmesini engeller. Doku fark\u0131 nedeniyle olu\u015fan renk dalgalanmalar\u0131n\u0131 \u00f6nler homojen bir tabaka olu\u015fturur.<\/div>\n<p>[\/vc_column_text][\/vc_column][\/vc_row]<\/p>\n<\/div>","protected":false},"excerpt":{"rendered":"<p>[vc_row][vc_column width=&#8221;1\/2&#8243;][vc_single_image image=&#8221;5187&#8243; img_size=&#8221;medium&#8221; alignment=&#8221;center&#8221;][\/vc_column][vc_column width=&#8221;1\/2&#8243;][vc_column_text] Permoset \u0130\u00e7 ve D\u0131\u015f Cephe D\u00f6n\u00fc\u015f\u00fcm Astar\u0131 Boya sarfiyat\u0131n\u0131 azalt\u0131r M\u00fckemmel boya \u00f6rt\u00fcc\u00fcl\u00fc\u011f\u00fc sa\u011flar Renk dalgalanmalar\u0131n\u0131 engeller \u0130\u015f\u00e7ili\u011fi kolayd\u0131r Renk d\u00f6n\u00fc\u015f\u00fcmlerinin yap\u0131labilmesini sa\u011flar [\/vc_column_text][\/vc_column][\/vc_row][vc_row][vc_column][vc_column_text] Permoset \u0130\u00e7 ve D\u0131\u015f Cephe D\u00f6n\u00fc\u015f\u00fcm Astar\u0131 Su bazl\u0131, akrilik em\u00fclsiyon esasl\u0131, solvent bazl\u0131 boya uygulanm\u0131\u015f zeminlere su bazl\u0131 boya uygulanabilmesi i\u00e7in geli\u015ftirilmi\u015f astar boya.&hellip;<\/p>\n","protected":false},"author":1,"featured_media":5026,"parent":0,"menu_order":0,"comment_status":"closed","ping_status":"closed","template":"","meta":[],"acf":[],"_links":{"self":[{"href":"http:\/\/aksuboya.com.tr\/index.php?rest_route=\/wp\/v2\/pages\/5185"}],"collection":[{"href":"http:\/\/aksuboya.com.tr\/index.php?rest_route=\/wp\/v2\/pages"}],"about":[{"href":"http:\/\/aksuboya.com.tr\/index.php?rest_route=\/wp\/v2\/types\/page"}],"author":[{"embeddable":true,"href":"http:\/\/aksuboya.com.tr\/index.php?rest_route=\/wp\/v2\/users\/1"}],"replies":[{"embeddable":true,"href":"http:\/\/aksuboya.com.tr\/index.php?rest_route=%2Fwp%2Fv2%2Fcomments&post=5185"}],"version-history":[{"count":3,"href":"http:\/\/aksuboya.com.tr\/index.php?rest_route=\/wp\/v2\/pages\/5185\/revisions"}],"predecessor-version":[{"id":5189,"href":"http:\/\/aksuboya.com.tr\/index.php?rest_route=\/wp\/v2\/pages\/5185\/revisions\/5189"}],"wp:featuredmedia":[{"embeddable":true,"href":"http:\/\/aksuboya.com.tr\/index.php?rest_route=\/wp\/v2\/media\/5026"}],"wp:attachment":[{"href":"http:\/\/aksuboya.com.tr\/index.php?rest_route=%2Fwp%2Fv2%2Fmedia&parent=5185"}],"curies":[{"name":"wp","href":"https:\/\/api.w.org\/{rel}","templated":true}]}}