{"id":5220,"date":"2023-07-17T08:39:00","date_gmt":"2023-07-17T08:39:00","guid":{"rendered":"http:\/\/aksuboya.com.tr\/?page_id=5220"},"modified":"2023-07-17T08:42:23","modified_gmt":"2023-07-17T08:42:23","slug":"klima-temizleyici-sprey","status":"publish","type":"page","link":"http:\/\/aksuboya.com.tr\/?page_id=5220","title":{"rendered":"Klima Temizleyici Sprey"},"content":{"rendered":"<div class=\"wpb-content-wrapper\"><p>[vc_row][vc_column width=&#8221;1\/2&#8243;][vc_single_image image=&#8221;4325&#8243; img_size=&#8221;medium&#8221; alignment=&#8221;center&#8221;][\/vc_column][vc_column width=&#8221;1\/2&#8243;][vc_column_text]<\/p>\n<div class=\"product-short-description\">\n<h2>Klima Temizleyici Sprey<\/h2>\n<ul>\n<li class=\"bullet-checkmark\">Ara\u00e7lardaki klima cihazlar\u0131 ile hava dola\u015f\u0131m sistemlerinin temizli\u011finde ve havan\u0131n tazelenmesinde kullan\u0131l\u0131r.<\/li>\n<li class=\"bullet-checkmark\">Temizleyici p\u00fcsk\u00fcrt\u00fcld\u00fckten sonra kalorifer kanallar\u0131 \u00fczerinde k\u00f6p\u00fcrme etkisi yapar ve ho\u015f bir koku sa\u011flar.<\/li>\n<li class=\"bullet-checkmark\">Etkili k\u00f6p\u00fck temizleyicidir.<\/li>\n<\/ul>\n<\/div>\n<p>[\/vc_column_text][\/vc_column][\/vc_row]<\/p>\n<\/div>","protected":false},"excerpt":{"rendered":"<p>[vc_row][vc_column width=&#8221;1\/2&#8243;][vc_single_image image=&#8221;4325&#8243; img_size=&#8221;medium&#8221; alignment=&#8221;center&#8221;][\/vc_column][vc_column width=&#8221;1\/2&#8243;][vc_column_text] Klima Temizleyici Sprey Ara\u00e7lardaki klima cihazlar\u0131 ile hava dola\u015f\u0131m sistemlerinin temizli\u011finde ve havan\u0131n tazelenmesinde kullan\u0131l\u0131r. Temizleyici p\u00fcsk\u00fcrt\u00fcld\u00fckten sonra kalorifer kanallar\u0131 \u00fczerinde k\u00f6p\u00fcrme etkisi yapar ve ho\u015f bir koku sa\u011flar. Etkili k\u00f6p\u00fck temizleyicidir. [\/vc_column_text][\/vc_column][\/vc_row]<\/p>\n","protected":false},"author":1,"featured_media":5026,"parent":0,"menu_order":0,"comment_status":"closed","ping_status":"closed","template":"","meta":[],"acf":[],"_links":{"self":[{"href":"http:\/\/aksuboya.com.tr\/index.php?rest_route=\/wp\/v2\/pages\/5220"}],"collection":[{"href":"http:\/\/aksuboya.com.tr\/index.php?rest_route=\/wp\/v2\/pages"}],"about":[{"href":"http:\/\/aksuboya.com.tr\/index.php?rest_route=\/wp\/v2\/types\/page"}],"author":[{"embeddable":true,"href":"http:\/\/aksuboya.com.tr\/index.php?rest_route=\/wp\/v2\/users\/1"}],"replies":[{"embeddable":true,"href":"http:\/\/aksuboya.com.tr\/index.php?rest_route=%2Fwp%2Fv2%2Fcomments&post=5220"}],"version-history":[{"count":4,"href":"http:\/\/aksuboya.com.tr\/index.php?rest_route=\/wp\/v2\/pages\/5220\/revisions"}],"predecessor-version":[{"id":5224,"href":"http:\/\/aksuboya.com.tr\/index.php?rest_route=\/wp\/v2\/pages\/5220\/revisions\/5224"}],"wp:featuredmedia":[{"embeddable":true,"href":"http:\/\/aksuboya.com.tr\/index.php?rest_route=\/wp\/v2\/media\/5026"}],"wp:attachment":[{"href":"http:\/\/aksuboya.com.tr\/index.php?rest_route=%2Fwp%2Fv2%2Fmedia&parent=5220"}],"curies":[{"name":"wp","href":"https:\/\/api.w.org\/{rel}","templated":true}]}}