{"id":5228,"date":"2023-07-17T08:44:17","date_gmt":"2023-07-17T08:44:17","guid":{"rendered":"http:\/\/aksuboya.com.tr\/?page_id=5228"},"modified":"2023-07-17T08:46:04","modified_gmt":"2023-07-17T08:46:04","slug":"sivi-gres","status":"publish","type":"page","link":"http:\/\/aksuboya.com.tr\/?page_id=5228","title":{"rendered":"S\u0131v\u0131 Gres"},"content":{"rendered":"<div class=\"wpb-content-wrapper\"><p>[vc_row][vc_column width=&#8221;1\/2&#8243;][vc_single_image image=&#8221;4326&#8243; img_size=&#8221;medium&#8221; alignment=&#8221;center&#8221;][\/vc_column][vc_column width=&#8221;1\/2&#8243;][vc_column_text]<\/p>\n<div class=\"product-short-description\">\n<h2>S\u0131v\u0131 Gres<\/h2>\n<ul>\n<li class=\"bullet-checkmark\">Metal mekanik par\u00e7alar\u0131 ya\u011flamak i\u00e7in kullan\u0131lan yap\u0131\u015fkan spreydir.<\/li>\n<li class=\"bullet-checkmark\">M\u00fckemmel mekanik ve termal dayan\u0131kl\u0131l\u0131k sa\u011flar pas \u00f6nleyicidir.<\/li>\n<li class=\"bullet-checkmark\">-15 \u02daC ile +120 \u02daC ile \u0131s\u0131ya dayan\u0131kl\u0131d\u0131r.<\/li>\n<\/ul>\n<\/div>\n<p>[\/vc_column_text][\/vc_column][\/vc_row]<\/p>\n<\/div>","protected":false},"excerpt":{"rendered":"<p>[vc_row][vc_column width=&#8221;1\/2&#8243;][vc_single_image image=&#8221;4326&#8243; img_size=&#8221;medium&#8221; alignment=&#8221;center&#8221;][\/vc_column][vc_column width=&#8221;1\/2&#8243;][vc_column_text] S\u0131v\u0131 Gres Metal mekanik par\u00e7alar\u0131 ya\u011flamak i\u00e7in kullan\u0131lan yap\u0131\u015fkan spreydir. M\u00fckemmel mekanik ve termal dayan\u0131kl\u0131l\u0131k sa\u011flar pas \u00f6nleyicidir. -15 \u02daC ile +120 \u02daC ile \u0131s\u0131ya dayan\u0131kl\u0131d\u0131r. [\/vc_column_text][\/vc_column][\/vc_row]<\/p>\n","protected":false},"author":1,"featured_media":5026,"parent":0,"menu_order":0,"comment_status":"closed","ping_status":"closed","template":"","meta":[],"acf":[],"_links":{"self":[{"href":"http:\/\/aksuboya.com.tr\/index.php?rest_route=\/wp\/v2\/pages\/5228"}],"collection":[{"href":"http:\/\/aksuboya.com.tr\/index.php?rest_route=\/wp\/v2\/pages"}],"about":[{"href":"http:\/\/aksuboya.com.tr\/index.php?rest_route=\/wp\/v2\/types\/page"}],"author":[{"embeddable":true,"href":"http:\/\/aksuboya.com.tr\/index.php?rest_route=\/wp\/v2\/users\/1"}],"replies":[{"embeddable":true,"href":"http:\/\/aksuboya.com.tr\/index.php?rest_route=%2Fwp%2Fv2%2Fcomments&post=5228"}],"version-history":[{"count":3,"href":"http:\/\/aksuboya.com.tr\/index.php?rest_route=\/wp\/v2\/pages\/5228\/revisions"}],"predecessor-version":[{"id":5231,"href":"http:\/\/aksuboya.com.tr\/index.php?rest_route=\/wp\/v2\/pages\/5228\/revisions\/5231"}],"wp:featuredmedia":[{"embeddable":true,"href":"http:\/\/aksuboya.com.tr\/index.php?rest_route=\/wp\/v2\/media\/5026"}],"wp:attachment":[{"href":"http:\/\/aksuboya.com.tr\/index.php?rest_route=%2Fwp%2Fv2%2Fmedia&parent=5228"}],"curies":[{"name":"wp","href":"https:\/\/api.w.org\/{rel}","templated":true}]}}