{"id":5235,"date":"2023-07-17T08:48:12","date_gmt":"2023-07-17T08:48:12","guid":{"rendered":"http:\/\/aksuboya.com.tr\/?page_id=5235"},"modified":"2023-07-17T08:49:45","modified_gmt":"2023-07-17T08:49:45","slug":"torpido-temizleme-ve-bakim-spreyi","status":"publish","type":"page","link":"http:\/\/aksuboya.com.tr\/?page_id=5235","title":{"rendered":"Torpido Temizleme Ve Bak\u0131m Spreyi"},"content":{"rendered":"<div class=\"wpb-content-wrapper\"><p>[vc_row][vc_column width=&#8221;1\/2&#8243;][vc_single_image image=&#8221;4327&#8243; img_size=&#8221;medium&#8221; alignment=&#8221;center&#8221;][\/vc_column][vc_column width=&#8221;1\/2&#8243;][vc_column_text]<\/p>\n<div class=\"product-short-description\">\n<h2>Torpido Temizleme Ve Bak\u0131m Spreyi<\/h2>\n<ul>\n<li class=\"bullet-checkmark\">Silikon i\u00e7ermez<\/li>\n<li class=\"bullet-checkmark\">M\u00fckemmel temizler<\/li>\n<li class=\"bullet-checkmark\">G\u00f6sterge paneli ve di\u011fer plastik bile\u015fenlerin temizli\u011fi,<br \/>korunmas\u0131 ve esteti\u011fi<\/li>\n<li class=\"bullet-checkmark\">Mat g\u00f6r\u00fcn\u00fcm sa\u011flar<\/li>\n<\/ul>\n<\/div>\n<p>[\/vc_column_text][\/vc_column][\/vc_row]<\/p>\n<\/div>","protected":false},"excerpt":{"rendered":"<p>[vc_row][vc_column width=&#8221;1\/2&#8243;][vc_single_image image=&#8221;4327&#8243; img_size=&#8221;medium&#8221; alignment=&#8221;center&#8221;][\/vc_column][vc_column width=&#8221;1\/2&#8243;][vc_column_text] Torpido Temizleme Ve Bak\u0131m Spreyi Silikon i\u00e7ermez M\u00fckemmel temizler G\u00f6sterge paneli ve di\u011fer plastik bile\u015fenlerin temizli\u011fi,korunmas\u0131 ve esteti\u011fi Mat g\u00f6r\u00fcn\u00fcm sa\u011flar [\/vc_column_text][\/vc_column][\/vc_row]<\/p>\n","protected":false},"author":1,"featured_media":5026,"parent":0,"menu_order":0,"comment_status":"closed","ping_status":"closed","template":"","meta":[],"acf":[],"_links":{"self":[{"href":"http:\/\/aksuboya.com.tr\/index.php?rest_route=\/wp\/v2\/pages\/5235"}],"collection":[{"href":"http:\/\/aksuboya.com.tr\/index.php?rest_route=\/wp\/v2\/pages"}],"about":[{"href":"http:\/\/aksuboya.com.tr\/index.php?rest_route=\/wp\/v2\/types\/page"}],"author":[{"embeddable":true,"href":"http:\/\/aksuboya.com.tr\/index.php?rest_route=\/wp\/v2\/users\/1"}],"replies":[{"embeddable":true,"href":"http:\/\/aksuboya.com.tr\/index.php?rest_route=%2Fwp%2Fv2%2Fcomments&post=5235"}],"version-history":[{"count":3,"href":"http:\/\/aksuboya.com.tr\/index.php?rest_route=\/wp\/v2\/pages\/5235\/revisions"}],"predecessor-version":[{"id":5238,"href":"http:\/\/aksuboya.com.tr\/index.php?rest_route=\/wp\/v2\/pages\/5235\/revisions\/5238"}],"wp:featuredmedia":[{"embeddable":true,"href":"http:\/\/aksuboya.com.tr\/index.php?rest_route=\/wp\/v2\/media\/5026"}],"wp:attachment":[{"href":"http:\/\/aksuboya.com.tr\/index.php?rest_route=%2Fwp%2Fv2%2Fmedia&parent=5235"}],"curies":[{"name":"wp","href":"https:\/\/api.w.org\/{rel}","templated":true}]}}