{"id":5255,"date":"2023-07-17T09:44:49","date_gmt":"2023-07-17T09:44:49","guid":{"rendered":"http:\/\/aksuboya.com.tr\/?page_id=5255"},"modified":"2023-07-17T09:51:25","modified_gmt":"2023-07-17T09:51:25","slug":"zincir-spreyi","status":"publish","type":"page","link":"http:\/\/aksuboya.com.tr\/?page_id=5255","title":{"rendered":"Zincir Spreyi"},"content":{"rendered":"<div class=\"wpb-content-wrapper\"><p>[vc_row][vc_column width=&#8221;1\/2&#8243;][vc_single_image image=&#8221;4330&#8243; img_size=&#8221;medium&#8221; alignment=&#8221;center&#8221;][\/vc_column][vc_column width=&#8221;1\/2&#8243;][vc_column_text]<\/p>\n<div class=\"product-short-description\">\n<h2>Zincir Spreyi<\/h2>\n<ul>\n<li class=\"bullet-checkmark\">Benzersiz bile\u015fimiyle zincirli b\u00fct\u00fcn ta\u015f\u0131y\u0131c\u0131 ara\u00e7 ve tertibatlar\u0131n uzun s\u00fcre kal\u0131c\u0131 bir \u015fekilde ya\u011flanmas\u0131n\u0131 sa\u011flar.<\/li>\n<li class=\"bullet-checkmark\">\u00c7ok g\u00fc\u00e7l\u00fc bir \u015fekilde yap\u0131\u015fan bu ya\u011flama maddesi (\u00f6rne\u011fin Cross motorlardakiler gibi) h\u0131zl\u0131 d\u00f6nen ve a\u011f\u0131r y\u00fck ta\u015f\u0131yan zincirler i\u00e7in son derece uygundur.<\/li>\n<li class=\"bullet-checkmark\">-50 \u02daC ile +200 \u02daC ile \u0131s\u0131ya dayan\u0131kl\u0131d\u0131r<\/li>\n<\/ul>\n<\/div>\n<p>[\/vc_column_text][\/vc_column][\/vc_row]<\/p>\n<\/div>","protected":false},"excerpt":{"rendered":"<p>[vc_row][vc_column width=&#8221;1\/2&#8243;][vc_single_image image=&#8221;4330&#8243; img_size=&#8221;medium&#8221; alignment=&#8221;center&#8221;][\/vc_column][vc_column width=&#8221;1\/2&#8243;][vc_column_text] Zincir Spreyi Benzersiz bile\u015fimiyle zincirli b\u00fct\u00fcn ta\u015f\u0131y\u0131c\u0131 ara\u00e7 ve tertibatlar\u0131n uzun s\u00fcre kal\u0131c\u0131 bir \u015fekilde ya\u011flanmas\u0131n\u0131 sa\u011flar. \u00c7ok g\u00fc\u00e7l\u00fc bir \u015fekilde yap\u0131\u015fan bu ya\u011flama maddesi (\u00f6rne\u011fin Cross motorlardakiler gibi) h\u0131zl\u0131 d\u00f6nen ve a\u011f\u0131r y\u00fck ta\u015f\u0131yan zincirler i\u00e7in son derece uygundur. -50 \u02daC ile +200 \u02daC ile \u0131s\u0131ya dayan\u0131kl\u0131d\u0131r [\/vc_column_text][\/vc_column][\/vc_row]<\/p>\n","protected":false},"author":1,"featured_media":5026,"parent":0,"menu_order":0,"comment_status":"closed","ping_status":"closed","template":"","meta":[],"acf":[],"_links":{"self":[{"href":"http:\/\/aksuboya.com.tr\/index.php?rest_route=\/wp\/v2\/pages\/5255"}],"collection":[{"href":"http:\/\/aksuboya.com.tr\/index.php?rest_route=\/wp\/v2\/pages"}],"about":[{"href":"http:\/\/aksuboya.com.tr\/index.php?rest_route=\/wp\/v2\/types\/page"}],"author":[{"embeddable":true,"href":"http:\/\/aksuboya.com.tr\/index.php?rest_route=\/wp\/v2\/users\/1"}],"replies":[{"embeddable":true,"href":"http:\/\/aksuboya.com.tr\/index.php?rest_route=%2Fwp%2Fv2%2Fcomments&post=5255"}],"version-history":[{"count":4,"href":"http:\/\/aksuboya.com.tr\/index.php?rest_route=\/wp\/v2\/pages\/5255\/revisions"}],"predecessor-version":[{"id":5257,"href":"http:\/\/aksuboya.com.tr\/index.php?rest_route=\/wp\/v2\/pages\/5255\/revisions\/5257"}],"wp:featuredmedia":[{"embeddable":true,"href":"http:\/\/aksuboya.com.tr\/index.php?rest_route=\/wp\/v2\/media\/5026"}],"wp:attachment":[{"href":"http:\/\/aksuboya.com.tr\/index.php?rest_route=%2Fwp%2Fv2%2Fmedia&parent=5255"}],"curies":[{"name":"wp","href":"https:\/\/api.w.org\/{rel}","templated":true}]}}