{"id":5263,"date":"2023-07-17T09:53:47","date_gmt":"2023-07-17T09:53:47","guid":{"rendered":"http:\/\/aksuboya.com.tr\/?page_id=5263"},"modified":"2023-07-17T09:56:44","modified_gmt":"2023-07-17T09:56:44","slug":"motip-fren-ve-balata-temizleyici","status":"publish","type":"page","link":"http:\/\/aksuboya.com.tr\/?page_id=5263","title":{"rendered":"Motip Fren ve Balata Temizleyici"},"content":{"rendered":"<div class=\"wpb-content-wrapper\"><p>[vc_row][vc_column width=&#8221;1\/2&#8243;][vc_single_image image=&#8221;4331&#8243; img_size=&#8221;medium&#8221; alignment=&#8221;center&#8221;][\/vc_column][vc_column width=&#8221;1\/2&#8243;][vc_column_text]<\/p>\n<div class=\"product-short-description\">\n<h2>Motip Fren ve Balata Temizleyici<\/h2>\n<ul>\n<li class=\"bullet-checkmark\">M\u00fckemmel \u00e7\u00f6z\u00fcnme \u00f6zelli\u011fi<\/li>\n<li class=\"bullet-checkmark\">Kal\u0131nt\u0131 b\u0131rakmaz.<\/li>\n<li class=\"bullet-checkmark\">\u0130letken de\u011fildir.<\/li>\n<li class=\"bullet-checkmark\">A\u015f\u0131nd\u0131r\u0131c\u0131 de\u011fildir.<\/li>\n<\/ul>\n<\/div>\n<p>[\/vc_column_text][\/vc_column][\/vc_row]<\/p>\n<\/div>","protected":false},"excerpt":{"rendered":"<p>[vc_row][vc_column width=&#8221;1\/2&#8243;][vc_single_image image=&#8221;4331&#8243; img_size=&#8221;medium&#8221; alignment=&#8221;center&#8221;][\/vc_column][vc_column width=&#8221;1\/2&#8243;][vc_column_text] Motip Fren ve Balata Temizleyici M\u00fckemmel \u00e7\u00f6z\u00fcnme \u00f6zelli\u011fi Kal\u0131nt\u0131 b\u0131rakmaz. \u0130letken de\u011fildir. A\u015f\u0131nd\u0131r\u0131c\u0131 de\u011fildir. [\/vc_column_text][\/vc_column][\/vc_row]<\/p>\n","protected":false},"author":1,"featured_media":5026,"parent":0,"menu_order":0,"comment_status":"closed","ping_status":"closed","template":"","meta":[],"acf":[],"_links":{"self":[{"href":"http:\/\/aksuboya.com.tr\/index.php?rest_route=\/wp\/v2\/pages\/5263"}],"collection":[{"href":"http:\/\/aksuboya.com.tr\/index.php?rest_route=\/wp\/v2\/pages"}],"about":[{"href":"http:\/\/aksuboya.com.tr\/index.php?rest_route=\/wp\/v2\/types\/page"}],"author":[{"embeddable":true,"href":"http:\/\/aksuboya.com.tr\/index.php?rest_route=\/wp\/v2\/users\/1"}],"replies":[{"embeddable":true,"href":"http:\/\/aksuboya.com.tr\/index.php?rest_route=%2Fwp%2Fv2%2Fcomments&post=5263"}],"version-history":[{"count":3,"href":"http:\/\/aksuboya.com.tr\/index.php?rest_route=\/wp\/v2\/pages\/5263\/revisions"}],"predecessor-version":[{"id":5266,"href":"http:\/\/aksuboya.com.tr\/index.php?rest_route=\/wp\/v2\/pages\/5263\/revisions\/5266"}],"wp:featuredmedia":[{"embeddable":true,"href":"http:\/\/aksuboya.com.tr\/index.php?rest_route=\/wp\/v2\/media\/5026"}],"wp:attachment":[{"href":"http:\/\/aksuboya.com.tr\/index.php?rest_route=%2Fwp%2Fv2%2Fmedia&parent=5263"}],"curies":[{"name":"wp","href":"https:\/\/api.w.org\/{rel}","templated":true}]}}