{"id":5270,"date":"2023-07-17T09:59:07","date_gmt":"2023-07-17T09:59:07","guid":{"rendered":"http:\/\/aksuboya.com.tr\/?page_id=5270"},"modified":"2023-07-17T10:00:56","modified_gmt":"2023-07-17T10:00:56","slug":"paslanmaz-bakim-spreyi","status":"publish","type":"page","link":"http:\/\/aksuboya.com.tr\/?page_id=5270","title":{"rendered":"Paslanmaz Bak\u0131m Spreyi"},"content":{"rendered":"<div class=\"wpb-content-wrapper\"><p>[vc_row][vc_column width=&#8221;1\/2&#8243;][vc_single_image image=&#8221;4332&#8243; img_size=&#8221;medium&#8221; alignment=&#8221;center&#8221;][\/vc_column][vc_column width=&#8221;1\/2&#8243;][vc_column_text]<\/p>\n<div class=\"product-short-description\">\n<h2><strong>Paslanmaz Bak\u0131m Spreyi<\/strong><\/h2>\n<ul>\n<li class=\"bullet-checkmark\">Y\u00fczeyi yeniden parlat\u0131r<\/li>\n<li class=\"bullet-checkmark\">Canland\u0131r\u0131r<\/li>\n<li class=\"bullet-checkmark\">M\u00fckemmel temizler<\/li>\n<li class=\"bullet-checkmark\">Paslanmay\u0131 \u00f6nler<\/li>\n<\/ul>\n<\/div>\n<p>[\/vc_column_text][\/vc_column][\/vc_row]<\/p>\n<\/div>","protected":false},"excerpt":{"rendered":"<p>[vc_row][vc_column width=&#8221;1\/2&#8243;][vc_single_image image=&#8221;4332&#8243; img_size=&#8221;medium&#8221; alignment=&#8221;center&#8221;][\/vc_column][vc_column width=&#8221;1\/2&#8243;][vc_column_text] Paslanmaz Bak\u0131m Spreyi Y\u00fczeyi yeniden parlat\u0131r Canland\u0131r\u0131r M\u00fckemmel temizler Paslanmay\u0131 \u00f6nler [\/vc_column_text][\/vc_column][\/vc_row]<\/p>\n","protected":false},"author":1,"featured_media":5026,"parent":0,"menu_order":0,"comment_status":"closed","ping_status":"closed","template":"","meta":[],"acf":[],"_links":{"self":[{"href":"http:\/\/aksuboya.com.tr\/index.php?rest_route=\/wp\/v2\/pages\/5270"}],"collection":[{"href":"http:\/\/aksuboya.com.tr\/index.php?rest_route=\/wp\/v2\/pages"}],"about":[{"href":"http:\/\/aksuboya.com.tr\/index.php?rest_route=\/wp\/v2\/types\/page"}],"author":[{"embeddable":true,"href":"http:\/\/aksuboya.com.tr\/index.php?rest_route=\/wp\/v2\/users\/1"}],"replies":[{"embeddable":true,"href":"http:\/\/aksuboya.com.tr\/index.php?rest_route=%2Fwp%2Fv2%2Fcomments&post=5270"}],"version-history":[{"count":3,"href":"http:\/\/aksuboya.com.tr\/index.php?rest_route=\/wp\/v2\/pages\/5270\/revisions"}],"predecessor-version":[{"id":5273,"href":"http:\/\/aksuboya.com.tr\/index.php?rest_route=\/wp\/v2\/pages\/5270\/revisions\/5273"}],"wp:featuredmedia":[{"embeddable":true,"href":"http:\/\/aksuboya.com.tr\/index.php?rest_route=\/wp\/v2\/media\/5026"}],"wp:attachment":[{"href":"http:\/\/aksuboya.com.tr\/index.php?rest_route=%2Fwp%2Fv2%2Fmedia&parent=5270"}],"curies":[{"name":"wp","href":"https:\/\/api.w.org\/{rel}","templated":true}]}}