{"id":5284,"date":"2023-07-17T10:08:29","date_gmt":"2023-07-17T10:08:29","guid":{"rendered":"http:\/\/aksuboya.com.tr\/?page_id=5284"},"modified":"2023-07-17T10:10:23","modified_gmt":"2023-07-17T10:10:23","slug":"motip-pas-sokucu","status":"publish","type":"page","link":"http:\/\/aksuboya.com.tr\/?page_id=5284","title":{"rendered":"Motip Pas S\u00f6k\u00fcc\u00fc"},"content":{"rendered":"<div class=\"wpb-content-wrapper\"><p>[vc_row][vc_column width=&#8221;1\/2&#8243;][vc_single_image image=&#8221;4334&#8243; img_size=&#8221;medium&#8221; alignment=&#8221;center&#8221;][\/vc_column][vc_column width=&#8221;1\/2&#8243;][vc_column_text]<\/p>\n<div class=\"product-short-description\">\n<h2>Motip Pas S\u00f6k\u00fcc\u00fc<\/h2>\n<ul>\n<li class=\"bullet-checkmark\">S\u00fcrt\u00fcnmeyi azalt\u0131r ve yerine s\u0131k\u0131ca oturan vidal\u0131 ba\u011flant\u0131lar\u0131n veya paslanm\u0131\u015f par\u00e7alar\u0131n s\u00f6k\u00fclmesini kolayla\u015ft\u0131r\u0131r.<\/li>\n<li class=\"bullet-checkmark\">\u00dcr\u00fcn h\u0131zl\u0131 etki eder, etkilidir ve yer \u00e7ekimine kar\u015f\u0131 da olsa (\u00f6rne\u011fin bir vida \u00fczerinde) kayar.<\/li>\n<li class=\"bullet-checkmark\">Moli s\u00fclfit katk\u0131s\u0131 ya\u011flama g\u00fcc\u00fcn\u00fc art\u0131rmaktad\u0131r.<\/li>\n<li class=\"bullet-checkmark\">Metal, kau\u00e7uk ve daha bir\u00e7ok plasti\u011fe zarar vermez.<\/li>\n<li class=\"bullet-checkmark\">M\u00fckemmel n\u00fcfuz eder, grafit ve ya\u011f\u0131 i\u00e7erir nem itici \u00f6zelli\u011fine sahiptir.<\/li>\n<\/ul>\n<\/div>\n<p>[\/vc_column_text][\/vc_column][\/vc_row]<\/p>\n<\/div>","protected":false},"excerpt":{"rendered":"<p>[vc_row][vc_column width=&#8221;1\/2&#8243;][vc_single_image image=&#8221;4334&#8243; img_size=&#8221;medium&#8221; alignment=&#8221;center&#8221;][\/vc_column][vc_column width=&#8221;1\/2&#8243;][vc_column_text] Motip Pas S\u00f6k\u00fcc\u00fc S\u00fcrt\u00fcnmeyi azalt\u0131r ve yerine s\u0131k\u0131ca oturan vidal\u0131 ba\u011flant\u0131lar\u0131n veya paslanm\u0131\u015f par\u00e7alar\u0131n s\u00f6k\u00fclmesini kolayla\u015ft\u0131r\u0131r. \u00dcr\u00fcn h\u0131zl\u0131 etki eder, etkilidir ve yer \u00e7ekimine kar\u015f\u0131 da olsa (\u00f6rne\u011fin bir vida \u00fczerinde) kayar. Moli s\u00fclfit katk\u0131s\u0131 ya\u011flama g\u00fcc\u00fcn\u00fc art\u0131rmaktad\u0131r. Metal, kau\u00e7uk ve daha bir\u00e7ok plasti\u011fe zarar vermez. M\u00fckemmel n\u00fcfuz eder,&hellip;<\/p>\n","protected":false},"author":1,"featured_media":5026,"parent":0,"menu_order":0,"comment_status":"closed","ping_status":"closed","template":"","meta":[],"acf":[],"_links":{"self":[{"href":"http:\/\/aksuboya.com.tr\/index.php?rest_route=\/wp\/v2\/pages\/5284"}],"collection":[{"href":"http:\/\/aksuboya.com.tr\/index.php?rest_route=\/wp\/v2\/pages"}],"about":[{"href":"http:\/\/aksuboya.com.tr\/index.php?rest_route=\/wp\/v2\/types\/page"}],"author":[{"embeddable":true,"href":"http:\/\/aksuboya.com.tr\/index.php?rest_route=\/wp\/v2\/users\/1"}],"replies":[{"embeddable":true,"href":"http:\/\/aksuboya.com.tr\/index.php?rest_route=%2Fwp%2Fv2%2Fcomments&post=5284"}],"version-history":[{"count":3,"href":"http:\/\/aksuboya.com.tr\/index.php?rest_route=\/wp\/v2\/pages\/5284\/revisions"}],"predecessor-version":[{"id":5287,"href":"http:\/\/aksuboya.com.tr\/index.php?rest_route=\/wp\/v2\/pages\/5284\/revisions\/5287"}],"wp:featuredmedia":[{"embeddable":true,"href":"http:\/\/aksuboya.com.tr\/index.php?rest_route=\/wp\/v2\/media\/5026"}],"wp:attachment":[{"href":"http:\/\/aksuboya.com.tr\/index.php?rest_route=%2Fwp%2Fv2%2Fmedia&parent=5284"}],"curies":[{"name":"wp","href":"https:\/\/api.w.org\/{rel}","templated":true}]}}