{"id":5344,"date":"2023-07-17T13:35:44","date_gmt":"2023-07-17T13:35:44","guid":{"rendered":"http:\/\/aksuboya.com.tr\/?page_id=5344"},"modified":"2023-07-17T13:37:31","modified_gmt":"2023-07-17T13:37:31","slug":"universal-akrilik-jant-boyasi","status":"publish","type":"page","link":"http:\/\/aksuboya.com.tr\/?page_id=5344","title":{"rendered":"\u00dcniversal Akrilik Jant Boyas\u0131"},"content":{"rendered":"<div class=\"wpb-content-wrapper\"><p>[vc_row][vc_column width=&#8221;1\/2&#8243;][vc_single_image image=&#8221;4343&#8243; img_size=&#8221;medium&#8221; alignment=&#8221;center&#8221;][\/vc_column][vc_column width=&#8221;1\/2&#8243;][vc_column_text]<\/p>\n<div class=\"product-short-description\">\n<h2>\u00dcniversal Akrilik Jant Boyas\u0131<\/h2>\n<ul>\n<li class=\"bullet-checkmark\">Jantlar\u0131n\u0131za dekoratif bir parlakl\u0131k kazand\u0131r\u0131r.<\/li>\n<li class=\"bullet-checkmark\">\u00c7elik ve hafif metal jantlar i\u00e7in kal\u0131c\u0131 ve y\u00fcksek kalitede pigmentli koruyucu boyad\u0131r.<\/li>\n<li class=\"bullet-checkmark\">Metal pigmentleri korumak ve ekstra parlakl\u0131k i\u00e7in boyalar\u0131n\u0131z\u0131 Motip Akrilik Vernik ile verniklemenizi tavsiye ederiz<\/li>\n<\/ul>\n<\/div>\n<p>[\/vc_column_text][\/vc_column][\/vc_row]<\/p>\n<\/div>","protected":false},"excerpt":{"rendered":"<p>[vc_row][vc_column width=&#8221;1\/2&#8243;][vc_single_image image=&#8221;4343&#8243; img_size=&#8221;medium&#8221; alignment=&#8221;center&#8221;][\/vc_column][vc_column width=&#8221;1\/2&#8243;][vc_column_text] \u00dcniversal Akrilik Jant Boyas\u0131 Jantlar\u0131n\u0131za dekoratif bir parlakl\u0131k kazand\u0131r\u0131r. \u00c7elik ve hafif metal jantlar i\u00e7in kal\u0131c\u0131 ve y\u00fcksek kalitede pigmentli koruyucu boyad\u0131r. Metal pigmentleri korumak ve ekstra parlakl\u0131k i\u00e7in boyalar\u0131n\u0131z\u0131 Motip Akrilik Vernik ile verniklemenizi tavsiye ederiz [\/vc_column_text][\/vc_column][\/vc_row]<\/p>\n","protected":false},"author":1,"featured_media":5026,"parent":0,"menu_order":0,"comment_status":"closed","ping_status":"closed","template":"","meta":[],"acf":[],"_links":{"self":[{"href":"http:\/\/aksuboya.com.tr\/index.php?rest_route=\/wp\/v2\/pages\/5344"}],"collection":[{"href":"http:\/\/aksuboya.com.tr\/index.php?rest_route=\/wp\/v2\/pages"}],"about":[{"href":"http:\/\/aksuboya.com.tr\/index.php?rest_route=\/wp\/v2\/types\/page"}],"author":[{"embeddable":true,"href":"http:\/\/aksuboya.com.tr\/index.php?rest_route=\/wp\/v2\/users\/1"}],"replies":[{"embeddable":true,"href":"http:\/\/aksuboya.com.tr\/index.php?rest_route=%2Fwp%2Fv2%2Fcomments&post=5344"}],"version-history":[{"count":2,"href":"http:\/\/aksuboya.com.tr\/index.php?rest_route=\/wp\/v2\/pages\/5344\/revisions"}],"predecessor-version":[{"id":5346,"href":"http:\/\/aksuboya.com.tr\/index.php?rest_route=\/wp\/v2\/pages\/5344\/revisions\/5346"}],"wp:featuredmedia":[{"embeddable":true,"href":"http:\/\/aksuboya.com.tr\/index.php?rest_route=\/wp\/v2\/media\/5026"}],"wp:attachment":[{"href":"http:\/\/aksuboya.com.tr\/index.php?rest_route=%2Fwp%2Fv2%2Fmedia&parent=5344"}],"curies":[{"name":"wp","href":"https:\/\/api.w.org\/{rel}","templated":true}]}}