{"id":5421,"date":"2023-07-17T14:31:19","date_gmt":"2023-07-17T14:31:19","guid":{"rendered":"http:\/\/aksuboya.com.tr\/?page_id=5421"},"modified":"2023-07-17T14:32:37","modified_gmt":"2023-07-17T14:32:37","slug":"kristal-sprey","status":"publish","type":"page","link":"http:\/\/aksuboya.com.tr\/?page_id=5421","title":{"rendered":"Kristal Sprey"},"content":{"rendered":"<div class=\"wpb-content-wrapper\"><p>[vc_row][vc_column width=&#8221;1\/2&#8243;][vc_single_image image=&#8221;4366&#8243; img_size=&#8221;medium&#8221; alignment=&#8221;center&#8221;][\/vc_column][vc_column width=&#8221;1\/2&#8243;][vc_column_text]<\/p>\n<div class=\"product-short-description\">\n<h2>Kristal Sprey<\/h2>\n<ul>\n<li class=\"bullet-checkmark\">\u00c7abuk kuruyan \u015feffaf akrilik vernik. Sararmaz, rengi solmaz.<\/li>\n<li class=\"bullet-checkmark\">\u0130\u00e7erisi ve d\u0131\u015far\u0131s\u0131 i\u00e7in uygundur.<\/li>\n<li class=\"bullet-checkmark\">Hobi ve el i\u015fleri i\u00e7in, kuru \u00e7i\u00e7ek, ka\u011f\u0131t, k\u00f6m\u00fcr \u00e7izimleri, rafya, ah\u015fap, foto\u011fraf gibi d\u00fczenlemeleri korur.<\/li>\n<li class=\"bullet-checkmark\">Metallerde paslanmaya kar\u015f\u0131 m\u00fckemmel koruma sa\u011flar.<\/li>\n<\/ul>\n<\/div>\n<p>[\/vc_column_text][\/vc_column][\/vc_row]<\/p>\n<\/div>","protected":false},"excerpt":{"rendered":"<p>[vc_row][vc_column width=&#8221;1\/2&#8243;][vc_single_image image=&#8221;4366&#8243; img_size=&#8221;medium&#8221; alignment=&#8221;center&#8221;][\/vc_column][vc_column width=&#8221;1\/2&#8243;][vc_column_text] Kristal Sprey \u00c7abuk kuruyan \u015feffaf akrilik vernik. Sararmaz, rengi solmaz. \u0130\u00e7erisi ve d\u0131\u015far\u0131s\u0131 i\u00e7in uygundur. Hobi ve el i\u015fleri i\u00e7in, kuru \u00e7i\u00e7ek, ka\u011f\u0131t, k\u00f6m\u00fcr \u00e7izimleri, rafya, ah\u015fap, foto\u011fraf gibi d\u00fczenlemeleri korur. Metallerde paslanmaya kar\u015f\u0131 m\u00fckemmel koruma sa\u011flar. [\/vc_column_text][\/vc_column][\/vc_row]<\/p>\n","protected":false},"author":1,"featured_media":5026,"parent":0,"menu_order":0,"comment_status":"closed","ping_status":"closed","template":"","meta":[],"acf":[],"_links":{"self":[{"href":"http:\/\/aksuboya.com.tr\/index.php?rest_route=\/wp\/v2\/pages\/5421"}],"collection":[{"href":"http:\/\/aksuboya.com.tr\/index.php?rest_route=\/wp\/v2\/pages"}],"about":[{"href":"http:\/\/aksuboya.com.tr\/index.php?rest_route=\/wp\/v2\/types\/page"}],"author":[{"embeddable":true,"href":"http:\/\/aksuboya.com.tr\/index.php?rest_route=\/wp\/v2\/users\/1"}],"replies":[{"embeddable":true,"href":"http:\/\/aksuboya.com.tr\/index.php?rest_route=%2Fwp%2Fv2%2Fcomments&post=5421"}],"version-history":[{"count":2,"href":"http:\/\/aksuboya.com.tr\/index.php?rest_route=\/wp\/v2\/pages\/5421\/revisions"}],"predecessor-version":[{"id":5423,"href":"http:\/\/aksuboya.com.tr\/index.php?rest_route=\/wp\/v2\/pages\/5421\/revisions\/5423"}],"wp:featuredmedia":[{"embeddable":true,"href":"http:\/\/aksuboya.com.tr\/index.php?rest_route=\/wp\/v2\/media\/5026"}],"wp:attachment":[{"href":"http:\/\/aksuboya.com.tr\/index.php?rest_route=%2Fwp%2Fv2%2Fmedia&parent=5421"}],"curies":[{"name":"wp","href":"https:\/\/api.w.org\/{rel}","templated":true}]}}