{"id":5427,"date":"2023-07-17T14:35:15","date_gmt":"2023-07-17T14:35:15","guid":{"rendered":"http:\/\/aksuboya.com.tr\/?page_id=5427"},"modified":"2023-07-17T14:36:54","modified_gmt":"2023-07-17T14:36:54","slug":"isiya-dayanikli-boya","status":"publish","type":"page","link":"http:\/\/aksuboya.com.tr\/?page_id=5427","title":{"rendered":"Is\u0131ya Dayan\u0131kl\u0131 Boya"},"content":{"rendered":"<div class=\"wpb-content-wrapper\"><p>[vc_row][vc_column width=&#8221;1\/2&#8243;][vc_single_image image=&#8221;4367&#8243; img_size=&#8221;medium&#8221; alignment=&#8221;center&#8221;][\/vc_column][vc_column width=&#8221;1\/2&#8243;][vc_column_text]<\/p>\n<div class=\"product-short-description\">\n<h2>Is\u0131ya Dayan\u0131kl\u0131 Boya<\/h2>\n<ul>\n<li class=\"bullet-checkmark\">Is\u0131ya maruz kalan mangal, soba borusu, egzoz, vs. gibi objelerin tadilat ve r\u00f6tu\u015funda kullan\u0131l\u0131r.<\/li>\n<li class=\"bullet-checkmark\">Renk kapak ile ayn\u0131d\u0131r.<\/li>\n<\/ul>\n<\/div>\n<p>[\/vc_column_text][\/vc_column][\/vc_row]<\/p>\n<\/div>","protected":false},"excerpt":{"rendered":"<p>[vc_row][vc_column width=&#8221;1\/2&#8243;][vc_single_image image=&#8221;4367&#8243; img_size=&#8221;medium&#8221; alignment=&#8221;center&#8221;][\/vc_column][vc_column width=&#8221;1\/2&#8243;][vc_column_text] Is\u0131ya Dayan\u0131kl\u0131 Boya Is\u0131ya maruz kalan mangal, soba borusu, egzoz, vs. gibi objelerin tadilat ve r\u00f6tu\u015funda kullan\u0131l\u0131r. Renk kapak ile ayn\u0131d\u0131r. [\/vc_column_text][\/vc_column][\/vc_row]<\/p>\n","protected":false},"author":1,"featured_media":5026,"parent":0,"menu_order":0,"comment_status":"closed","ping_status":"closed","template":"","meta":[],"acf":[],"_links":{"self":[{"href":"http:\/\/aksuboya.com.tr\/index.php?rest_route=\/wp\/v2\/pages\/5427"}],"collection":[{"href":"http:\/\/aksuboya.com.tr\/index.php?rest_route=\/wp\/v2\/pages"}],"about":[{"href":"http:\/\/aksuboya.com.tr\/index.php?rest_route=\/wp\/v2\/types\/page"}],"author":[{"embeddable":true,"href":"http:\/\/aksuboya.com.tr\/index.php?rest_route=\/wp\/v2\/users\/1"}],"replies":[{"embeddable":true,"href":"http:\/\/aksuboya.com.tr\/index.php?rest_route=%2Fwp%2Fv2%2Fcomments&post=5427"}],"version-history":[{"count":3,"href":"http:\/\/aksuboya.com.tr\/index.php?rest_route=\/wp\/v2\/pages\/5427\/revisions"}],"predecessor-version":[{"id":5430,"href":"http:\/\/aksuboya.com.tr\/index.php?rest_route=\/wp\/v2\/pages\/5427\/revisions\/5430"}],"wp:featuredmedia":[{"embeddable":true,"href":"http:\/\/aksuboya.com.tr\/index.php?rest_route=\/wp\/v2\/media\/5026"}],"wp:attachment":[{"href":"http:\/\/aksuboya.com.tr\/index.php?rest_route=%2Fwp%2Fv2%2Fmedia&parent=5427"}],"curies":[{"name":"wp","href":"https:\/\/api.w.org\/{rel}","templated":true}]}}