{"id":5481,"date":"2023-07-17T16:29:55","date_gmt":"2023-07-17T16:29:55","guid":{"rendered":"http:\/\/aksuboya.com.tr\/?page_id=5481"},"modified":"2023-07-17T16:31:32","modified_gmt":"2023-07-17T16:31:32","slug":"jant-temizleyici","status":"publish","type":"page","link":"http:\/\/aksuboya.com.tr\/?page_id=5481","title":{"rendered":"Jant Temizleyici"},"content":{"rendered":"<div class=\"wpb-content-wrapper\"><p>[vc_row][vc_column width=&#8221;1\/2&#8243;][vc_single_image image=&#8221;4381&#8243; img_size=&#8221;medium&#8221; alignment=&#8221;center&#8221;][\/vc_column][vc_column width=&#8221;1\/2&#8243;][vc_column_text]<\/p>\n<div class=\"product-short-description\">\n<h2>Jant Temizleyici<\/h2>\n<ul>\n<li class=\"bullet-checkmark\">Jantlar ve jant kapaklar\u0131 i\u00e7in kullan\u0131m\u0131 kolay ve yo\u011fun temizleyici bir \u00fcr\u00fcnd\u00fcr.<\/li>\n<li class=\"bullet-checkmark\">Jant temizleyici, m\u00fckemmel temizleme \u00f6zelliklerine ve m\u00fckemmel dikey stabiliteye sahip etkili bir k\u00f6p\u00fckt\u00fcr.<\/li>\n<li class=\"bullet-checkmark\">Motip Jant Temizleyici parlak bir sonu\u00e7 verir ve 360\u00b0 valfe sahiptir<\/li>\n<\/ul>\n<\/div>\n<p>[\/vc_column_text][\/vc_column][\/vc_row]<\/p>\n<\/div>","protected":false},"excerpt":{"rendered":"<p>[vc_row][vc_column width=&#8221;1\/2&#8243;][vc_single_image image=&#8221;4381&#8243; img_size=&#8221;medium&#8221; alignment=&#8221;center&#8221;][\/vc_column][vc_column width=&#8221;1\/2&#8243;][vc_column_text] Jant Temizleyici Jantlar ve jant kapaklar\u0131 i\u00e7in kullan\u0131m\u0131 kolay ve yo\u011fun temizleyici bir \u00fcr\u00fcnd\u00fcr. Jant temizleyici, m\u00fckemmel temizleme \u00f6zelliklerine ve m\u00fckemmel dikey stabiliteye sahip etkili bir k\u00f6p\u00fckt\u00fcr. Motip Jant Temizleyici parlak bir sonu\u00e7 verir ve 360\u00b0 valfe sahiptir [\/vc_column_text][\/vc_column][\/vc_row]<\/p>\n","protected":false},"author":1,"featured_media":5026,"parent":0,"menu_order":0,"comment_status":"closed","ping_status":"closed","template":"","meta":[],"acf":[],"_links":{"self":[{"href":"http:\/\/aksuboya.com.tr\/index.php?rest_route=\/wp\/v2\/pages\/5481"}],"collection":[{"href":"http:\/\/aksuboya.com.tr\/index.php?rest_route=\/wp\/v2\/pages"}],"about":[{"href":"http:\/\/aksuboya.com.tr\/index.php?rest_route=\/wp\/v2\/types\/page"}],"author":[{"embeddable":true,"href":"http:\/\/aksuboya.com.tr\/index.php?rest_route=\/wp\/v2\/users\/1"}],"replies":[{"embeddable":true,"href":"http:\/\/aksuboya.com.tr\/index.php?rest_route=%2Fwp%2Fv2%2Fcomments&post=5481"}],"version-history":[{"count":2,"href":"http:\/\/aksuboya.com.tr\/index.php?rest_route=\/wp\/v2\/pages\/5481\/revisions"}],"predecessor-version":[{"id":5483,"href":"http:\/\/aksuboya.com.tr\/index.php?rest_route=\/wp\/v2\/pages\/5481\/revisions\/5483"}],"wp:featuredmedia":[{"embeddable":true,"href":"http:\/\/aksuboya.com.tr\/index.php?rest_route=\/wp\/v2\/media\/5026"}],"wp:attachment":[{"href":"http:\/\/aksuboya.com.tr\/index.php?rest_route=%2Fwp%2Fv2%2Fmedia&parent=5481"}],"curies":[{"name":"wp","href":"https:\/\/api.w.org\/{rel}","templated":true}]}}