{"id":5493,"date":"2023-07-17T20:12:06","date_gmt":"2023-07-17T20:12:06","guid":{"rendered":"http:\/\/aksuboya.com.tr\/?page_id=5493"},"modified":"2023-07-17T20:14:28","modified_gmt":"2023-07-17T20:14:28","slug":"deri-koruyucu","status":"publish","type":"page","link":"http:\/\/aksuboya.com.tr\/?page_id=5493","title":{"rendered":"Deri Koruyucu"},"content":{"rendered":"<div class=\"wpb-content-wrapper\"><p>[vc_row][vc_column width=&#8221;1\/2&#8243;][vc_single_image image=&#8221;4386&#8243; img_size=&#8221;medium&#8221; alignment=&#8221;center&#8221;][\/vc_column][vc_column width=&#8221;1\/2&#8243;][vc_column_text]<\/p>\n<div class=\"product-short-description\">\n<h2>Deri Koruyucu<\/h2>\n<ul>\n<li class=\"bullet-checkmark\">Deri ve yar\u0131 deri d\u00f6\u015femelerin temizlenmesi ve korunmas\u0131 i\u00e7in kullan\u0131c\u0131 dostu bak\u0131m \u00fcr\u00fcn\u00fcd\u00fcr.<\/li>\n<li class=\"bullet-checkmark\">Kirlerin deriye yap\u0131\u015fmas\u0131n\u0131 azalt\u0131r.<\/li>\n<li class=\"bullet-checkmark\">Deri Bak\u0131m Spreyi vazelin i\u00e7erir, silikon i\u00e7ermez ve 360\u00b0 valfe sahiptir.<\/li>\n<li class=\"bullet-checkmark\">Deri Bak\u0131m s\u0131v\u0131s\u0131, solvent i\u00e7ermez ve silikon i\u00e7erir.<\/li>\n<\/ul>\n<\/div>\n<p>[\/vc_column_text][\/vc_column][\/vc_row]<\/p>\n<\/div>","protected":false},"excerpt":{"rendered":"<p>[vc_row][vc_column width=&#8221;1\/2&#8243;][vc_single_image image=&#8221;4386&#8243; img_size=&#8221;medium&#8221; alignment=&#8221;center&#8221;][\/vc_column][vc_column width=&#8221;1\/2&#8243;][vc_column_text] Deri Koruyucu Deri ve yar\u0131 deri d\u00f6\u015femelerin temizlenmesi ve korunmas\u0131 i\u00e7in kullan\u0131c\u0131 dostu bak\u0131m \u00fcr\u00fcn\u00fcd\u00fcr. Kirlerin deriye yap\u0131\u015fmas\u0131n\u0131 azalt\u0131r. Deri Bak\u0131m Spreyi vazelin i\u00e7erir, silikon i\u00e7ermez ve 360\u00b0 valfe sahiptir. Deri Bak\u0131m s\u0131v\u0131s\u0131, solvent i\u00e7ermez ve silikon i\u00e7erir. [\/vc_column_text][\/vc_column][\/vc_row]<\/p>\n","protected":false},"author":1,"featured_media":5026,"parent":0,"menu_order":0,"comment_status":"closed","ping_status":"closed","template":"","meta":[],"acf":[],"_links":{"self":[{"href":"http:\/\/aksuboya.com.tr\/index.php?rest_route=\/wp\/v2\/pages\/5493"}],"collection":[{"href":"http:\/\/aksuboya.com.tr\/index.php?rest_route=\/wp\/v2\/pages"}],"about":[{"href":"http:\/\/aksuboya.com.tr\/index.php?rest_route=\/wp\/v2\/types\/page"}],"author":[{"embeddable":true,"href":"http:\/\/aksuboya.com.tr\/index.php?rest_route=\/wp\/v2\/users\/1"}],"replies":[{"embeddable":true,"href":"http:\/\/aksuboya.com.tr\/index.php?rest_route=%2Fwp%2Fv2%2Fcomments&post=5493"}],"version-history":[{"count":3,"href":"http:\/\/aksuboya.com.tr\/index.php?rest_route=\/wp\/v2\/pages\/5493\/revisions"}],"predecessor-version":[{"id":5495,"href":"http:\/\/aksuboya.com.tr\/index.php?rest_route=\/wp\/v2\/pages\/5493\/revisions\/5495"}],"wp:featuredmedia":[{"embeddable":true,"href":"http:\/\/aksuboya.com.tr\/index.php?rest_route=\/wp\/v2\/media\/5026"}],"wp:attachment":[{"href":"http:\/\/aksuboya.com.tr\/index.php?rest_route=%2Fwp%2Fv2%2Fmedia&parent=5493"}],"curies":[{"name":"wp","href":"https:\/\/api.w.org\/{rel}","templated":true}]}}