{"id":5514,"date":"2023-07-17T20:26:16","date_gmt":"2023-07-17T20:26:16","guid":{"rendered":"http:\/\/aksuboya.com.tr\/?page_id=5514"},"modified":"2023-07-17T20:29:09","modified_gmt":"2023-07-17T20:29:09","slug":"hizli-cila","status":"publish","type":"page","link":"http:\/\/aksuboya.com.tr\/?page_id=5514","title":{"rendered":"H\u0131zl\u0131 Cila"},"content":{"rendered":"<div class=\"wpb-content-wrapper\"><p>[vc_row][vc_column width=&#8221;1\/2&#8243;][vc_single_image image=&#8221;4392&#8243; img_size=&#8221;medium&#8221; alignment=&#8221;center&#8221;][\/vc_column][vc_column width=&#8221;1\/2&#8243;][vc_column_text]<\/p>\n<div class=\"product-short-description\">\n<h2>H\u0131zl\u0131 Cila<\/h2>\n<ul>\n<li class=\"bullet-checkmark\">Uzun s\u00fcreli parlakl\u0131k sa\u011flayan etkili ve kullan\u0131m\u0131 kolay cila.<\/li>\n<li class=\"bullet-checkmark\">Boyanm\u0131\u015f y\u00fczeylere, plastiklere ve krom kaplanm\u0131\u015f y\u00fczeylere uygulanabilir.<\/li>\n<li class=\"bullet-checkmark\">H\u0131zl\u0131 Cila b\u00fcy\u00fck alanlar i\u00e7in \u00e7ok uygundur.<\/li>\n<li class=\"bullet-checkmark\">Su itici \u00f6zelli\u011fi vard\u0131r ve uzun s\u00fcreli parlakl\u0131k sa\u011flar.<\/li>\n<li class=\"bullet-checkmark\">Kir yap\u0131\u015fmas\u0131n\u0131 engeller ve hava \u015fartlar\u0131na dayan\u0131kl\u0131d\u0131r.<\/li>\n<li class=\"bullet-checkmark\">Motip Car Care H\u0131zl\u0131 Cila pH n\u00f6tr`d\u00fcr ve silikon i\u00e7erir.<\/li>\n<\/ul>\n<\/div>\n<p>[\/vc_column_text][\/vc_column][\/vc_row]<\/p>\n<\/div>","protected":false},"excerpt":{"rendered":"<p>[vc_row][vc_column width=&#8221;1\/2&#8243;][vc_single_image image=&#8221;4392&#8243; img_size=&#8221;medium&#8221; alignment=&#8221;center&#8221;][\/vc_column][vc_column width=&#8221;1\/2&#8243;][vc_column_text] H\u0131zl\u0131 Cila Uzun s\u00fcreli parlakl\u0131k sa\u011flayan etkili ve kullan\u0131m\u0131 kolay cila. Boyanm\u0131\u015f y\u00fczeylere, plastiklere ve krom kaplanm\u0131\u015f y\u00fczeylere uygulanabilir. H\u0131zl\u0131 Cila b\u00fcy\u00fck alanlar i\u00e7in \u00e7ok uygundur. Su itici \u00f6zelli\u011fi vard\u0131r ve uzun s\u00fcreli parlakl\u0131k sa\u011flar. Kir yap\u0131\u015fmas\u0131n\u0131 engeller ve hava \u015fartlar\u0131na dayan\u0131kl\u0131d\u0131r. Motip Car Care H\u0131zl\u0131 Cila pH n\u00f6tr`d\u00fcr&hellip;<\/p>\n","protected":false},"author":1,"featured_media":5026,"parent":0,"menu_order":0,"comment_status":"closed","ping_status":"closed","template":"","meta":[],"acf":[],"_links":{"self":[{"href":"http:\/\/aksuboya.com.tr\/index.php?rest_route=\/wp\/v2\/pages\/5514"}],"collection":[{"href":"http:\/\/aksuboya.com.tr\/index.php?rest_route=\/wp\/v2\/pages"}],"about":[{"href":"http:\/\/aksuboya.com.tr\/index.php?rest_route=\/wp\/v2\/types\/page"}],"author":[{"embeddable":true,"href":"http:\/\/aksuboya.com.tr\/index.php?rest_route=\/wp\/v2\/users\/1"}],"replies":[{"embeddable":true,"href":"http:\/\/aksuboya.com.tr\/index.php?rest_route=%2Fwp%2Fv2%2Fcomments&post=5514"}],"version-history":[{"count":4,"href":"http:\/\/aksuboya.com.tr\/index.php?rest_route=\/wp\/v2\/pages\/5514\/revisions"}],"predecessor-version":[{"id":5518,"href":"http:\/\/aksuboya.com.tr\/index.php?rest_route=\/wp\/v2\/pages\/5514\/revisions\/5518"}],"wp:featuredmedia":[{"embeddable":true,"href":"http:\/\/aksuboya.com.tr\/index.php?rest_route=\/wp\/v2\/media\/5026"}],"wp:attachment":[{"href":"http:\/\/aksuboya.com.tr\/index.php?rest_route=%2Fwp%2Fv2%2Fmedia&parent=5514"}],"curies":[{"name":"wp","href":"https:\/\/api.w.org\/{rel}","templated":true}]}}