{"id":5550,"date":"2023-07-17T20:52:43","date_gmt":"2023-07-17T20:52:43","guid":{"rendered":"http:\/\/aksuboya.com.tr\/?page_id=5550"},"modified":"2023-07-17T20:54:07","modified_gmt":"2023-07-17T20:54:07","slug":"boya-yenileyici","status":"publish","type":"page","link":"http:\/\/aksuboya.com.tr\/?page_id=5550","title":{"rendered":"Boya Yenileyici"},"content":{"rendered":"<div class=\"wpb-content-wrapper\"><p>[vc_row][vc_column width=&#8221;1\/2&#8243;][vc_single_image image=&#8221;4397&#8243; img_size=&#8221;medium&#8221; alignment=&#8221;center&#8221;][\/vc_column][vc_column width=&#8221;1\/2&#8243;][vc_column_text]<\/p>\n<div class=\"product-short-description\">\n<h2>Boya Yenileyici<\/h2>\n<ul>\n<li class=\"bullet-checkmark\">Hava \u015fartlar\u0131ndan ve eskimeden kaynaklanan metalik ve opak boya y\u00fczeylerinin yenilenmesini sa\u011flar.<\/li>\n<li class=\"bullet-checkmark\">Boya Yenileyici hava \u015fartlar\u0131na kar\u015f\u0131 korur ve m\u00fckemmel pasta \u00f6zelliklerine sahiptir.<\/li>\n<li class=\"bullet-checkmark\">Parlak bir sonu\u00e7 ve yenilenmi\u015f bir boya y\u00fczeyi olu\u015fturur.<\/li>\n<\/ul>\n<\/div>\n<p>[\/vc_column_text][\/vc_column][\/vc_row]<\/p>\n<\/div>","protected":false},"excerpt":{"rendered":"<p>[vc_row][vc_column width=&#8221;1\/2&#8243;][vc_single_image image=&#8221;4397&#8243; img_size=&#8221;medium&#8221; alignment=&#8221;center&#8221;][\/vc_column][vc_column width=&#8221;1\/2&#8243;][vc_column_text] Boya Yenileyici Hava \u015fartlar\u0131ndan ve eskimeden kaynaklanan metalik ve opak boya y\u00fczeylerinin yenilenmesini sa\u011flar. Boya Yenileyici hava \u015fartlar\u0131na kar\u015f\u0131 korur ve m\u00fckemmel pasta \u00f6zelliklerine sahiptir. Parlak bir sonu\u00e7 ve yenilenmi\u015f bir boya y\u00fczeyi olu\u015fturur. [\/vc_column_text][\/vc_column][\/vc_row]<\/p>\n","protected":false},"author":1,"featured_media":5026,"parent":0,"menu_order":0,"comment_status":"closed","ping_status":"closed","template":"","meta":[],"acf":[],"_links":{"self":[{"href":"http:\/\/aksuboya.com.tr\/index.php?rest_route=\/wp\/v2\/pages\/5550"}],"collection":[{"href":"http:\/\/aksuboya.com.tr\/index.php?rest_route=\/wp\/v2\/pages"}],"about":[{"href":"http:\/\/aksuboya.com.tr\/index.php?rest_route=\/wp\/v2\/types\/page"}],"author":[{"embeddable":true,"href":"http:\/\/aksuboya.com.tr\/index.php?rest_route=\/wp\/v2\/users\/1"}],"replies":[{"embeddable":true,"href":"http:\/\/aksuboya.com.tr\/index.php?rest_route=%2Fwp%2Fv2%2Fcomments&post=5550"}],"version-history":[{"count":4,"href":"http:\/\/aksuboya.com.tr\/index.php?rest_route=\/wp\/v2\/pages\/5550\/revisions"}],"predecessor-version":[{"id":5554,"href":"http:\/\/aksuboya.com.tr\/index.php?rest_route=\/wp\/v2\/pages\/5550\/revisions\/5554"}],"wp:featuredmedia":[{"embeddable":true,"href":"http:\/\/aksuboya.com.tr\/index.php?rest_route=\/wp\/v2\/media\/5026"}],"wp:attachment":[{"href":"http:\/\/aksuboya.com.tr\/index.php?rest_route=%2Fwp%2Fv2%2Fmedia&parent=5550"}],"curies":[{"name":"wp","href":"https:\/\/api.w.org\/{rel}","templated":true}]}}