{"id":5569,"date":"2023-07-19T18:54:12","date_gmt":"2023-07-19T18:54:12","guid":{"rendered":"http:\/\/aksuboya.com.tr\/?page_id=5569"},"modified":"2023-07-19T18:58:17","modified_gmt":"2023-07-19T18:58:17","slug":"renkli-cilalar","status":"publish","type":"page","link":"http:\/\/aksuboya.com.tr\/?page_id=5569","title":{"rendered":"Renkli Cilalar"},"content":{"rendered":"<div class=\"wpb-content-wrapper\"><p>[vc_row][vc_column width=&#8221;1\/2&#8243;][vc_single_image image=&#8221;4402&#8243; img_size=&#8221;medium&#8221; alignment=&#8221;center&#8221;][\/vc_column][vc_column width=&#8221;1\/2&#8243;][vc_column_text]<\/p>\n<h2>Renkli Cilalar<\/h2>\n<ul>\n<li class=\"bullet-checkmark\">Opak ve metalik boyal\u0131 y\u00fczeylerdeki hafif ve k\u0131lcal \u00e7izikleri giderir ve \u00f6rter.<\/li>\n<li class=\"bullet-checkmark\">Motip Renkli Cila orijinal boyay\u0131 yeniler, parlakl\u0131\u011f\u0131 muhafaza eder ve hava \u015fartlar\u0131na kar\u015f\u0131 korur.<\/li>\n<\/ul>\n<p>[\/vc_column_text][\/vc_column][\/vc_row]<\/p>\n<\/div>","protected":false},"excerpt":{"rendered":"<p>[vc_row][vc_column width=&#8221;1\/2&#8243;][vc_single_image image=&#8221;4402&#8243; img_size=&#8221;medium&#8221; alignment=&#8221;center&#8221;][\/vc_column][vc_column width=&#8221;1\/2&#8243;][vc_column_text] Renkli Cilalar Opak ve metalik boyal\u0131 y\u00fczeylerdeki hafif ve k\u0131lcal \u00e7izikleri giderir ve \u00f6rter. Motip Renkli Cila orijinal boyay\u0131 yeniler, parlakl\u0131\u011f\u0131 muhafaza eder ve hava \u015fartlar\u0131na kar\u015f\u0131 korur. [\/vc_column_text][\/vc_column][\/vc_row]<\/p>\n","protected":false},"author":1,"featured_media":5026,"parent":0,"menu_order":0,"comment_status":"closed","ping_status":"closed","template":"","meta":[],"acf":[],"_links":{"self":[{"href":"http:\/\/aksuboya.com.tr\/index.php?rest_route=\/wp\/v2\/pages\/5569"}],"collection":[{"href":"http:\/\/aksuboya.com.tr\/index.php?rest_route=\/wp\/v2\/pages"}],"about":[{"href":"http:\/\/aksuboya.com.tr\/index.php?rest_route=\/wp\/v2\/types\/page"}],"author":[{"embeddable":true,"href":"http:\/\/aksuboya.com.tr\/index.php?rest_route=\/wp\/v2\/users\/1"}],"replies":[{"embeddable":true,"href":"http:\/\/aksuboya.com.tr\/index.php?rest_route=%2Fwp%2Fv2%2Fcomments&post=5569"}],"version-history":[{"count":3,"href":"http:\/\/aksuboya.com.tr\/index.php?rest_route=\/wp\/v2\/pages\/5569\/revisions"}],"predecessor-version":[{"id":5572,"href":"http:\/\/aksuboya.com.tr\/index.php?rest_route=\/wp\/v2\/pages\/5569\/revisions\/5572"}],"wp:featuredmedia":[{"embeddable":true,"href":"http:\/\/aksuboya.com.tr\/index.php?rest_route=\/wp\/v2\/media\/5026"}],"wp:attachment":[{"href":"http:\/\/aksuboya.com.tr\/index.php?rest_route=%2Fwp%2Fv2%2Fmedia&parent=5569"}],"curies":[{"name":"wp","href":"https:\/\/api.w.org\/{rel}","templated":true}]}}