{"id":5583,"date":"2023-07-19T19:04:39","date_gmt":"2023-07-19T19:04:39","guid":{"rendered":"http:\/\/aksuboya.com.tr\/?page_id=5583"},"modified":"2023-07-19T19:06:37","modified_gmt":"2023-07-19T19:06:37","slug":"oto-bakim-ic-temizleyici","status":"publish","type":"page","link":"http:\/\/aksuboya.com.tr\/?page_id=5583","title":{"rendered":"Oto Bak\u0131m \u0130\u00e7 Temizleyici"},"content":{"rendered":"<div class=\"wpb-content-wrapper\"><p>[vc_row][vc_column width=&#8221;1\/2&#8243;][vc_single_image image=&#8221;4407&#8243; img_size=&#8221;medium&#8221; alignment=&#8221;center&#8221;][\/vc_column][vc_column width=&#8221;1\/2&#8243;][vc_column_text]<\/p>\n<h2>Oto Bak\u0131m \u0130\u00e7 Temizleyici<\/h2>\n<ul>\n<li class=\"bullet-checkmark\">\u0130\u00e7 mekanlar i\u00e7in \u00e7ok etkili bir temizleyicidir.<\/li>\n<li class=\"bullet-checkmark\">Motip \u0130\u00e7 Temizleyici, y\u00fcksek temizleme \u00f6zelliklerine ve hafif bir kokuya sahiptir.<\/li>\n<\/ul>\n<p>[\/vc_column_text][\/vc_column][\/vc_row]<\/p>\n<\/div>","protected":false},"excerpt":{"rendered":"<p>[vc_row][vc_column width=&#8221;1\/2&#8243;][vc_single_image image=&#8221;4407&#8243; img_size=&#8221;medium&#8221; alignment=&#8221;center&#8221;][\/vc_column][vc_column width=&#8221;1\/2&#8243;][vc_column_text] Oto Bak\u0131m \u0130\u00e7 Temizleyici \u0130\u00e7 mekanlar i\u00e7in \u00e7ok etkili bir temizleyicidir. Motip \u0130\u00e7 Temizleyici, y\u00fcksek temizleme \u00f6zelliklerine ve hafif bir kokuya sahiptir. [\/vc_column_text][\/vc_column][\/vc_row]<\/p>\n","protected":false},"author":1,"featured_media":5026,"parent":0,"menu_order":0,"comment_status":"closed","ping_status":"closed","template":"","meta":[],"acf":[],"_links":{"self":[{"href":"http:\/\/aksuboya.com.tr\/index.php?rest_route=\/wp\/v2\/pages\/5583"}],"collection":[{"href":"http:\/\/aksuboya.com.tr\/index.php?rest_route=\/wp\/v2\/pages"}],"about":[{"href":"http:\/\/aksuboya.com.tr\/index.php?rest_route=\/wp\/v2\/types\/page"}],"author":[{"embeddable":true,"href":"http:\/\/aksuboya.com.tr\/index.php?rest_route=\/wp\/v2\/users\/1"}],"replies":[{"embeddable":true,"href":"http:\/\/aksuboya.com.tr\/index.php?rest_route=%2Fwp%2Fv2%2Fcomments&post=5583"}],"version-history":[{"count":3,"href":"http:\/\/aksuboya.com.tr\/index.php?rest_route=\/wp\/v2\/pages\/5583\/revisions"}],"predecessor-version":[{"id":5586,"href":"http:\/\/aksuboya.com.tr\/index.php?rest_route=\/wp\/v2\/pages\/5583\/revisions\/5586"}],"wp:featuredmedia":[{"embeddable":true,"href":"http:\/\/aksuboya.com.tr\/index.php?rest_route=\/wp\/v2\/media\/5026"}],"wp:attachment":[{"href":"http:\/\/aksuboya.com.tr\/index.php?rest_route=%2Fwp%2Fv2%2Fmedia&parent=5583"}],"curies":[{"name":"wp","href":"https:\/\/api.w.org\/{rel}","templated":true}]}}