{"id":5603,"date":"2023-07-19T19:18:15","date_gmt":"2023-07-19T19:18:15","guid":{"rendered":"http:\/\/aksuboya.com.tr\/?page_id=5603"},"modified":"2023-07-19T19:19:49","modified_gmt":"2023-07-19T19:19:49","slug":"cizik-giderici","status":"publish","type":"page","link":"http:\/\/aksuboya.com.tr\/?page_id=5603","title":{"rendered":"\u00c7izik Giderici"},"content":{"rendered":"<div class=\"wpb-content-wrapper\"><p>[vc_row][vc_column width=&#8221;1\/2&#8243;][vc_single_image image=&#8221;4413&#8243; img_size=&#8221;medium&#8221; alignment=&#8221;center&#8221;][\/vc_column][vc_column width=&#8221;1\/2&#8243;][vc_column_text]<\/p>\n<h2>\u00c7izik Giderici<\/h2>\n<ul>\n<li class=\"bullet-checkmark\">Boyal\u0131 y\u00fczeylerdeki hafif ve k\u0131lcal \u00e7izikleri giderir.<\/li>\n<li class=\"bullet-checkmark\">Motip \u00c7izik Giderici orijinal boyay\u0131 yeniler ve parlakl\u0131\u011f\u0131 muhafaza eder.<\/li>\n<li class=\"bullet-checkmark\">Silikon i\u00e7erir.<\/li>\n<\/ul>\n<p>[\/vc_column_text][\/vc_column][\/vc_row]<\/p>\n<\/div>","protected":false},"excerpt":{"rendered":"<p>[vc_row][vc_column width=&#8221;1\/2&#8243;][vc_single_image image=&#8221;4413&#8243; img_size=&#8221;medium&#8221; alignment=&#8221;center&#8221;][\/vc_column][vc_column width=&#8221;1\/2&#8243;][vc_column_text] \u00c7izik Giderici Boyal\u0131 y\u00fczeylerdeki hafif ve k\u0131lcal \u00e7izikleri giderir. Motip \u00c7izik Giderici orijinal boyay\u0131 yeniler ve parlakl\u0131\u011f\u0131 muhafaza eder. Silikon i\u00e7erir. [\/vc_column_text][\/vc_column][\/vc_row]<\/p>\n","protected":false},"author":1,"featured_media":5026,"parent":0,"menu_order":0,"comment_status":"closed","ping_status":"closed","template":"","meta":[],"acf":[],"_links":{"self":[{"href":"http:\/\/aksuboya.com.tr\/index.php?rest_route=\/wp\/v2\/pages\/5603"}],"collection":[{"href":"http:\/\/aksuboya.com.tr\/index.php?rest_route=\/wp\/v2\/pages"}],"about":[{"href":"http:\/\/aksuboya.com.tr\/index.php?rest_route=\/wp\/v2\/types\/page"}],"author":[{"embeddable":true,"href":"http:\/\/aksuboya.com.tr\/index.php?rest_route=\/wp\/v2\/users\/1"}],"replies":[{"embeddable":true,"href":"http:\/\/aksuboya.com.tr\/index.php?rest_route=%2Fwp%2Fv2%2Fcomments&post=5603"}],"version-history":[{"count":3,"href":"http:\/\/aksuboya.com.tr\/index.php?rest_route=\/wp\/v2\/pages\/5603\/revisions"}],"predecessor-version":[{"id":5606,"href":"http:\/\/aksuboya.com.tr\/index.php?rest_route=\/wp\/v2\/pages\/5603\/revisions\/5606"}],"wp:featuredmedia":[{"embeddable":true,"href":"http:\/\/aksuboya.com.tr\/index.php?rest_route=\/wp\/v2\/media\/5026"}],"wp:attachment":[{"href":"http:\/\/aksuboya.com.tr\/index.php?rest_route=%2Fwp%2Fv2%2Fmedia&parent=5603"}],"curies":[{"name":"wp","href":"https:\/\/api.w.org\/{rel}","templated":true}]}}